{"id":1860,"date":"2020-01-21T19:16:57","date_gmt":"2020-01-21T19:16:57","guid":{"rendered":"https:\/\/merzougacameltrek.com\/es\/?page_id=1860"},"modified":"2021-02-18T19:16:24","modified_gmt":"2021-02-18T19:16:24","slug":"4x4-erg-chebbi-excursion","status":"publish","type":"page","link":"https:\/\/merzougacameltrek.com\/es\/4x4-erg-chebbi-excursion\/","title":{"rendered":"Excursion a Merzouga erg chebbi"},"content":{"rendered":"\t\t<div data-elementor-type=\"wp-post\" data-elementor-id=\"1860\" class=\"elementor elementor-1860\">\n\t\t\t\t\t\t<section class=\"elementor-section elementor-top-section elementor-element elementor-element-7aa64f7 elementor-section-boxed elementor-section-height-default elementor-section-height-default\" data-id=\"7aa64f7\" data-element_type=\"section\" data-e-type=\"section\">\n\t\t\t\t\t\t<div class=\"elementor-container elementor-column-gap-default\">\n\t\t\t\t\t<div class=\"elementor-column elementor-col-100 elementor-top-column elementor-element elementor-element-b96836b\" data-id=\"b96836b\" data-element_type=\"column\" data-e-type=\"column\">\n\t\t\t<div class=\"elementor-widget-wrap elementor-element-populated\">\n\t\t\t\t\t\t<div class=\"elementor-element elementor-element-5575c12 elementor-widget elementor-widget-spacer\" data-id=\"5575c12\" data-element_type=\"widget\" data-e-type=\"widget\" data-widget_type=\"spacer.default\">\n\t\t\t\t<div class=\"elementor-widget-container\">\n\t\t\t\t\t\t\t<div class=\"elementor-spacer\">\n\t\t\t<div class=\"elementor-spacer-inner\"><\/div>\n\t\t<\/div>\n\t\t\t\t\t\t<\/div>\n\t\t\t\t<\/div>\n\t\t\t\t\t<\/div>\n\t\t<\/div>\n\t\t\t\t\t<\/div>\n\t\t<\/section>\n\t\t\t\t<section class=\"elementor-section elementor-top-section elementor-element elementor-element-03923ee elementor-section-boxed elementor-section-height-default elementor-section-height-default\" data-id=\"03923ee\" data-element_type=\"section\" data-e-type=\"section\">\n\t\t\t\t\t\t<div class=\"elementor-container elementor-column-gap-default\">\n\t\t\t\t\t<div class=\"elementor-column elementor-col-50 elementor-top-column elementor-element elementor-element-c3e4085\" data-id=\"c3e4085\" data-element_type=\"column\" data-e-type=\"column\">\n\t\t\t<div class=\"elementor-widget-wrap elementor-element-populated\">\n\t\t\t\t\t\t<div class=\"elementor-element elementor-element-4b5ab6d elementor-widget elementor-widget-image\" data-id=\"4b5ab6d\" data-element_type=\"widget\" data-e-type=\"widget\" data-widget_type=\"image.default\">\n\t\t\t\t<div class=\"elementor-widget-container\">\n\t\t\t\t\t\t\t\t\t\t\t\t\t\t\t<img fetchpriority=\"high\" decoding=\"async\" width=\"557\" height=\"676\" src=\"https:\/\/merzougacameltrek.com\/es\/wp-content\/uploads\/2020\/01\/4x4-excursion.jpg\" class=\"attachment-full size-full wp-image-1863\" alt=\"\" srcset=\"https:\/\/merzougacameltrek.com\/es\/wp-content\/uploads\/2020\/01\/4x4-excursion.jpg 557w, https:\/\/merzougacameltrek.com\/es\/wp-content\/uploads\/2020\/01\/4x4-excursion-247x300.jpg 247w\" sizes=\"(max-width: 557px) 100vw, 557px\" \/>\t\t\t\t\t\t\t\t\t\t\t\t\t\t\t<\/div>\n\t\t\t\t<\/div>\n\t\t\t\t\t<\/div>\n\t\t<\/div>\n\t\t\t\t<div class=\"elementor-column elementor-col-50 elementor-top-column elementor-element elementor-element-b3c71e9\" data-id=\"b3c71e9\" data-element_type=\"column\" data-e-type=\"column\">\n\t\t\t<div class=\"elementor-widget-wrap elementor-element-populated\">\n\t\t\t\t\t\t<section class=\"elementor-section elementor-inner-section elementor-element elementor-element-298b083 elementor-section-boxed elementor-section-height-default elementor-section-height-default\" data-id=\"298b083\" data-element_type=\"section\" data-e-type=\"section\" data-settings=\"{&quot;background_background&quot;:&quot;classic&quot;}\">\n\t\t\t\t\t\t<div class=\"elementor-container elementor-column-gap-default\">\n\t\t\t\t\t<div class=\"elementor-column elementor-col-100 elementor-inner-column elementor-element elementor-element-42ebfb8\" data-id=\"42ebfb8\" data-element_type=\"column\" data-e-type=\"column\" data-settings=\"{&quot;background_background&quot;:&quot;classic&quot;}\">\n\t\t\t<div class=\"elementor-widget-wrap elementor-element-populated\">\n\t\t\t\t\t\t<div class=\"elementor-element elementor-element-0dfff3f elementor-widget elementor-widget-heading\" data-id=\"0dfff3f\" data-element_type=\"widget\" data-e-type=\"widget\" data-widget_type=\"heading.default\">\n\t\t\t\t<div class=\"elementor-widget-container\">\n\t\t\t\t\t<p class=\"elementor-heading-title elementor-size-default\">Actividad del desierto<\/p>\t\t\t\t<\/div>\n\t\t\t\t<\/div>\n\t\t\t\t<div class=\"elementor-element elementor-element-4516f86 elementor-widget elementor-widget-heading\" data-id=\"4516f86\" data-element_type=\"widget\" data-e-type=\"widget\" data-widget_type=\"heading.default\">\n\t\t\t\t<div class=\"elementor-widget-container\">\n\t\t\t\t\t<h2 class=\"elementor-heading-title elementor-size-default\">EXCURSIONES 4X4<\/h2>\t\t\t\t<\/div>\n\t\t\t\t<\/div>\n\t\t\t\t\t<\/div>\n\t\t<\/div>\n\t\t\t\t\t<\/div>\n\t\t<\/section>\n\t\t\t\t<div class=\"elementor-element elementor-element-bb98f96 elementor-widget elementor-widget-heading\" data-id=\"bb98f96\" data-element_type=\"widget\" data-e-type=\"widget\" data-widget_type=\"heading.default\">\n\t\t\t\t<div class=\"elementor-widget-container\">\n\t\t\t\t\t<p class=\"elementor-heading-title elementor-size-default\">Organizamos Merzouga tours erg chebbi en el desierto de Erg Chebbi. Comenzamos su aventura en un 4x4 y nos dispusimos a ver el lago de merzouga (Dayet Sreje) donde hay agua debido a la temporada, y visitamos diferentes caras de dunas del desierto con sus rocas volc\u00e1nicas negras, pasando por pueblos m\u00e1s antiguos bereberes a la tienda n\u00f3mada donde se detendr\u00e1 a tomar un t\u00e9 a la menta con una familia bereber en su tienda, a lo largo de la carretera utilizada por el rally Paris Dakar. Luego llegar\u00e1 a una cueva donde podr\u00e1 descubrir c\u00f3mo la gente local extrae los f\u00f3siles del coraz\u00f3n de la tierra. Tambi\u00e9n se detendr\u00e1 para escuchar m\u00fasica en el pueblo de Khamlia.\nDebido a que esta gente viene de \u00c1frica antes, como Sud\u00e1n y Mali y Senegal. Despu\u00e9s es posible almorzar en khamilia o con la familia n\u00f3mada,\nDebido a que los recorridos durante el d\u00eda anterior incluyeron el almuerzo y la puesta del sol,\ny otro solo unas horas,\nsin almuerzo,\ny el precio depende de la cantidad de personas que tengas,\ny depende de la temporada,<\/p>\t\t\t\t<\/div>\n\t\t\t\t<\/div>\n\t\t\t\t<div class=\"elementor-element elementor-element-aaa5335 elementor-widget elementor-widget-heading\" data-id=\"aaa5335\" data-element_type=\"widget\" data-e-type=\"widget\" data-widget_type=\"heading.default\">\n\t\t\t\t<div class=\"elementor-widget-container\">\n\t\t\t\t\t<p class=\"elementor-heading-title elementor-size-default\">Gracias por visitar Marruecos y disfrutar Merzouga.<\/p>\t\t\t\t<\/div>\n\t\t\t\t<\/div>\n\t\t\t\t<div class=\"elementor-element elementor-element-9a481a3 elementor-align-left elementor-widget elementor-widget-button\" data-id=\"9a481a3\" data-element_type=\"widget\" data-e-type=\"widget\" data-widget_type=\"button.default\">\n\t\t\t\t<div class=\"elementor-widget-container\">\n\t\t\t\t\t\t\t\t\t<div class=\"elementor-button-wrapper\">\n\t\t\t\t\t<a class=\"elementor-button elementor-button-link elementor-size-md\" href=\"https:\/\/merzougacameltrek.com\/es\/contact\/\">\n\t\t\t\t\t\t<span class=\"elementor-button-content-wrapper\">\n\t\t\t\t\t\t\t\t\t<span class=\"elementor-button-text\">RESERVAR AHORA<\/span>\n\t\t\t\t\t<\/span>\n\t\t\t\t\t<\/a>\n\t\t\t\t<\/div>\n\t\t\t\t\t\t\t\t<\/div>\n\t\t\t\t<\/div>\n\t\t\t\t\t<\/div>\n\t\t<\/div>\n\t\t\t\t\t<\/div>\n\t\t<\/section>\n\t\t\t\t<section class=\"elementor-section elementor-top-section elementor-element elementor-element-c88090f elementor-section-boxed elementor-section-height-default elementor-section-height-default\" data-id=\"c88090f\" data-element_type=\"section\" data-e-type=\"section\">\n\t\t\t\t\t\t<div class=\"elementor-container elementor-column-gap-default\">\n\t\t\t\t\t<div class=\"elementor-column elementor-col-100 elementor-top-column elementor-element elementor-element-eee0bc5\" data-id=\"eee0bc5\" data-element_type=\"column\" data-e-type=\"column\">\n\t\t\t<div class=\"elementor-widget-wrap elementor-element-populated\">\n\t\t\t\t\t\t<div class=\"elementor-element elementor-element-faae77b elementor-widget elementor-widget-spacer\" data-id=\"faae77b\" data-element_type=\"widget\" data-e-type=\"widget\" data-widget_type=\"spacer.default\">\n\t\t\t\t<div class=\"elementor-widget-container\">\n\t\t\t\t\t\t\t<div class=\"elementor-spacer\">\n\t\t\t<div class=\"elementor-spacer-inner\"><\/div>\n\t\t<\/div>\n\t\t\t\t\t\t<\/div>\n\t\t\t\t<\/div>\n\t\t\t\t\t<\/div>\n\t\t<\/div>\n\t\t\t\t\t<\/div>\n\t\t<\/section>\n\t\t\t\t<section class=\"elementor-section elementor-top-section elementor-element elementor-element-9f5e872 elementor-section-full_width elementor-section-height-default elementor-section-height-default\" data-id=\"9f5e872\" data-element_type=\"section\" data-e-type=\"section\" data-settings=\"{&quot;background_background&quot;:&quot;classic&quot;}\">\n\t\t\t\t\t\t<div class=\"elementor-container elementor-column-gap-default\">\n\t\t\t\t\t<div class=\"elementor-column elementor-col-100 elementor-top-column elementor-element elementor-element-e08064e\" data-id=\"e08064e\" data-element_type=\"column\" data-e-type=\"column\">\n\t\t\t<div class=\"elementor-widget-wrap elementor-element-populated\">\n\t\t\t\t\t\t<section class=\"elementor-section elementor-inner-section elementor-element elementor-element-6b108c1 elementor-section-full_width elementor-section-height-default elementor-section-height-default\" data-id=\"6b108c1\" data-element_type=\"section\" data-e-type=\"section\">\n\t\t\t\t\t\t<div class=\"elementor-container elementor-column-gap-default\">\n\t\t\t\t\t<div class=\"elementor-column elementor-col-100 elementor-inner-column elementor-element elementor-element-d8bea22\" data-id=\"d8bea22\" data-element_type=\"column\" data-e-type=\"column\">\n\t\t\t<div class=\"elementor-widget-wrap elementor-element-populated\">\n\t\t\t\t\t\t<div class=\"elementor-element elementor-element-dd20961 elementor-widget elementor-widget-spacer\" data-id=\"dd20961\" data-element_type=\"widget\" data-e-type=\"widget\" data-widget_type=\"spacer.default\">\n\t\t\t\t<div class=\"elementor-widget-container\">\n\t\t\t\t\t\t\t<div class=\"elementor-spacer\">\n\t\t\t<div class=\"elementor-spacer-inner\"><\/div>\n\t\t<\/div>\n\t\t\t\t\t\t<\/div>\n\t\t\t\t<\/div>\n\t\t\t\t<div class=\"elementor-element elementor-element-0e7d2f7 elementor-widget elementor-widget-image\" data-id=\"0e7d2f7\" data-element_type=\"widget\" data-e-type=\"widget\" data-widget_type=\"image.default\">\n\t\t\t\t<div class=\"elementor-widget-container\">\n\t\t\t\t\t\t\t\t\t\t\t\t\t\t\t<img decoding=\"async\" width=\"265\" height=\"72\" src=\"https:\/\/merzougacameltrek.com\/es\/wp-content\/uploads\/2019\/05\/goldcrown-1.png\" class=\"attachment-large size-large wp-image-121\" alt=\"\" \/>\t\t\t\t\t\t\t\t\t\t\t\t\t\t\t<\/div>\n\t\t\t\t<\/div>\n\t\t\t\t<div class=\"elementor-element elementor-element-e5a20e6 elementor-widget elementor-widget-heading\" data-id=\"e5a20e6\" data-element_type=\"widget\" data-e-type=\"widget\" data-widget_type=\"heading.default\">\n\t\t\t\t<div class=\"elementor-widget-container\">\n\t\t\t\t\t<h2 class=\"elementor-heading-title elementor-size-default\">M\u00c1S DETALLES<\/h2>\t\t\t\t<\/div>\n\t\t\t\t<\/div>\n\t\t\t\t<div class=\"elementor-element elementor-element-640d971 elementor-widget elementor-widget-image\" data-id=\"640d971\" data-element_type=\"widget\" data-e-type=\"widget\" data-widget_type=\"image.default\">\n\t\t\t\t<div class=\"elementor-widget-container\">\n\t\t\t\t\t\t\t\t\t\t\t\t\t\t\t<img decoding=\"async\" width=\"205\" height=\"38\" src=\"https:\/\/merzougacameltrek.com\/es\/wp-content\/uploads\/2019\/05\/goldcrown-2.png\" class=\"attachment-large size-large wp-image-122\" alt=\"\" \/>\t\t\t\t\t\t\t\t\t\t\t\t\t\t\t<\/div>\n\t\t\t\t<\/div>\n\t\t\t\t<div class=\"elementor-element elementor-element-17f0b7c elementor-widget elementor-widget-spacer\" data-id=\"17f0b7c\" data-element_type=\"widget\" data-e-type=\"widget\" data-widget_type=\"spacer.default\">\n\t\t\t\t<div class=\"elementor-widget-container\">\n\t\t\t\t\t\t\t<div class=\"elementor-spacer\">\n\t\t\t<div class=\"elementor-spacer-inner\"><\/div>\n\t\t<\/div>\n\t\t\t\t\t\t<\/div>\n\t\t\t\t<\/div>\n\t\t\t\t\t<\/div>\n\t\t<\/div>\n\t\t\t\t\t<\/div>\n\t\t<\/section>\n\t\t\t\t<section class=\"elementor-section elementor-inner-section elementor-element elementor-element-b554579 elementor-section-boxed elementor-section-height-default elementor-section-height-default\" data-id=\"b554579\" data-element_type=\"section\" data-e-type=\"section\">\n\t\t\t\t\t\t<div class=\"elementor-container elementor-column-gap-default\">\n\t\t\t\t\t<div class=\"elementor-column elementor-col-50 elementor-inner-column elementor-element elementor-element-55d2431\" data-id=\"55d2431\" data-element_type=\"column\" data-e-type=\"column\" data-settings=\"{&quot;background_background&quot;:&quot;classic&quot;}\">\n\t\t\t<div class=\"elementor-widget-wrap elementor-element-populated\">\n\t\t\t\t\t\t<div class=\"elementor-element elementor-element-52bbb1d elementor-view-default elementor-widget elementor-widget-icon\" data-id=\"52bbb1d\" data-element_type=\"widget\" data-e-type=\"widget\" data-widget_type=\"icon.default\">\n\t\t\t\t<div class=\"elementor-widget-container\">\n\t\t\t\t\t\t\t<div class=\"elementor-icon-wrapper\">\n\t\t\t<div class=\"elementor-icon\">\n\t\t\t<i aria-hidden=\"true\" class=\"fas fa-check-circle\"><\/i>\t\t\t<\/div>\n\t\t<\/div>\n\t\t\t\t\t\t<\/div>\n\t\t\t\t<\/div>\n\t\t\t\t<div class=\"elementor-element elementor-element-ea10e1d elementor-widget elementor-widget-heading\" data-id=\"ea10e1d\" data-element_type=\"widget\" data-e-type=\"widget\" data-widget_type=\"heading.default\">\n\t\t\t\t<div class=\"elementor-widget-container\">\n\t\t\t\t\t<h2 class=\"elementor-heading-title elementor-size-default\">INCLUYE<\/h2>\t\t\t\t<\/div>\n\t\t\t\t<\/div>\n\t\t\t\t<div class=\"elementor-element elementor-element-df9bfec elementor-widget elementor-widget-heading\" data-id=\"df9bfec\" data-element_type=\"widget\" data-e-type=\"widget\" data-widget_type=\"heading.default\">\n\t\t\t\t<div class=\"elementor-widget-container\">\n\t\t\t\t\t<p class=\"elementor-heading-title elementor-size-default\">Dunas del desierto 4x4 conduciendo <br>\nRecogida en el hotel <br>\nConductor experimentado de Merzouga<\/p>\t\t\t\t<\/div>\n\t\t\t\t<\/div>\n\t\t\t\t\t<\/div>\n\t\t<\/div>\n\t\t\t\t<div class=\"elementor-column elementor-col-50 elementor-inner-column elementor-element elementor-element-7cfcd2b\" data-id=\"7cfcd2b\" data-element_type=\"column\" data-e-type=\"column\" data-settings=\"{&quot;background_background&quot;:&quot;classic&quot;}\">\n\t\t\t<div class=\"elementor-widget-wrap elementor-element-populated\">\n\t\t\t\t\t\t<div class=\"elementor-element elementor-element-2cc7af5 elementor-view-default elementor-widget elementor-widget-icon\" data-id=\"2cc7af5\" data-element_type=\"widget\" data-e-type=\"widget\" data-widget_type=\"icon.default\">\n\t\t\t\t<div class=\"elementor-widget-container\">\n\t\t\t\t\t\t\t<div class=\"elementor-icon-wrapper\">\n\t\t\t<div class=\"elementor-icon\">\n\t\t\t<i aria-hidden=\"true\" class=\"fas fa-calendar-check\"><\/i>\t\t\t<\/div>\n\t\t<\/div>\n\t\t\t\t\t\t<\/div>\n\t\t\t\t<\/div>\n\t\t\t\t<div class=\"elementor-element elementor-element-5a6c9c1 elementor-widget elementor-widget-heading\" data-id=\"5a6c9c1\" data-element_type=\"widget\" data-e-type=\"widget\" data-widget_type=\"heading.default\">\n\t\t\t\t<div class=\"elementor-widget-container\">\n\t\t\t\t\t<h2 class=\"elementor-heading-title elementor-size-default\">RESERVA Y COTIZACI\u00d3N<\/h2>\t\t\t\t<\/div>\n\t\t\t\t<\/div>\n\t\t\t\t<div class=\"elementor-element elementor-element-83649c1 elementor-widget elementor-widget-spacer\" data-id=\"83649c1\" data-element_type=\"widget\" data-e-type=\"widget\" data-widget_type=\"spacer.default\">\n\t\t\t\t<div class=\"elementor-widget-container\">\n\t\t\t\t\t\t\t<div class=\"elementor-spacer\">\n\t\t\t<div class=\"elementor-spacer-inner\"><\/div>\n\t\t<\/div>\n\t\t\t\t\t\t<\/div>\n\t\t\t\t<\/div>\n\t\t\t\t<div class=\"elementor-element elementor-element-0faedc1 elementor-align-center elementor-widget elementor-widget-button\" data-id=\"0faedc1\" data-element_type=\"widget\" data-e-type=\"widget\" data-widget_type=\"button.default\">\n\t\t\t\t<div class=\"elementor-widget-container\">\n\t\t\t\t\t\t\t\t\t<div class=\"elementor-button-wrapper\">\n\t\t\t\t\t<a class=\"elementor-button elementor-button-link elementor-size-lg\" href=\"https:\/\/merzougacameltrek.com\/es\/contact\/\">\n\t\t\t\t\t\t<span class=\"elementor-button-content-wrapper\">\n\t\t\t\t\t\t<span class=\"elementor-button-icon\">\n\t\t\t\t<i aria-hidden=\"true\" class=\"far fa-credit-card\"><\/i>\t\t\t<\/span>\n\t\t\t\t\t\t\t\t\t<span class=\"elementor-button-text\"> RESERVAR AHORA<\/span>\n\t\t\t\t\t<\/span>\n\t\t\t\t\t<\/a>\n\t\t\t\t<\/div>\n\t\t\t\t\t\t\t\t<\/div>\n\t\t\t\t<\/div>\n\t\t\t\t\t<\/div>\n\t\t<\/div>\n\t\t\t\t\t<\/div>\n\t\t<\/section>\n\t\t\t\t<div class=\"elementor-element elementor-element-aceecf0 elementor-widget elementor-widget-spacer\" data-id=\"aceecf0\" data-element_type=\"widget\" data-e-type=\"widget\" data-widget_type=\"spacer.default\">\n\t\t\t\t<div class=\"elementor-widget-container\">\n\t\t\t\t\t\t\t<div class=\"elementor-spacer\">\n\t\t\t<div class=\"elementor-spacer-inner\"><\/div>\n\t\t<\/div>\n\t\t\t\t\t\t<\/div>\n\t\t\t\t<\/div>\n\t\t\t\t\t<\/div>\n\t\t<\/div>\n\t\t\t\t\t<\/div>\n\t\t<\/section>\n\t\t\t\t<\/div>\n\t\t","protected":false},"excerpt":{"rendered":"<p>Actividad del desierto EXCURSIONES 4X4 Organizamos Merzouga tours erg chebbi en el desierto de Erg Chebbi. Comenzamos su aventura en un 4&#215;4 y nos dispusimos a ver el lago de merzouga (Dayet Sreje) donde hay agua debido a la temporada, y visitamos diferentes caras de dunas del desierto con sus rocas volc\u00e1nicas negras, pasando por [&hellip;]<\/p>\n","protected":false},"author":1,"featured_media":0,"parent":0,"menu_order":0,"comment_status":"closed","ping_status":"closed","template":"page-templates\/pagebuilder.php","meta":{"footnotes":""},"class_list":["post-1860","page","type-page","status-publish","hentry"],"yoast_head":"<!-- This site is optimized with the Yoast SEO plugin v27.3 - https:\/\/yoast.com\/product\/yoast-seo-wordpress\/ -->\n<title>4X4 ERG CHEBBI EXCURSI\u00d3N<\/title>\n<meta name=\"description\" content=\"4X4 ERG CHEBBI EXCURSI\u00d3N\" \/>\n<meta name=\"robots\" content=\"index, follow, max-snippet:-1, max-image-preview:large, max-video-preview:-1\" \/>\n<link rel=\"canonical\" href=\"https:\/\/merzougacameltrek.com\/es\/4x4-erg-chebbi-excursion\/\" \/>\n<meta property=\"og:locale\" content=\"fr_FR\" \/>\n<meta property=\"og:type\" content=\"article\" \/>\n<meta property=\"og:title\" content=\"4X4 ERG CHEBBI EXCURSI\u00d3N\" \/>\n<meta property=\"og:description\" content=\"4X4 ERG CHEBBI EXCURSI\u00d3N\" \/>\n<meta property=\"og:url\" content=\"https:\/\/merzougacameltrek.com\/es\/4x4-erg-chebbi-excursion\/\" \/>\n<meta property=\"og:site_name\" content=\"merzouga camel trek\" \/>\n<meta property=\"article:modified_time\" content=\"2021-02-18T19:16:24+00:00\" \/>\n<meta property=\"og:image\" content=\"https:\/\/merzougacameltrek.com\/es\/wp-content\/uploads\/2020\/01\/4x4-excursion.jpg\" \/>\n<meta name=\"twitter:card\" content=\"summary_large_image\" \/>\n<meta name=\"twitter:label1\" content=\"Dur\u00e9e de lecture estim\u00e9e\" \/>\n\t<meta name=\"twitter:data1\" content=\"2 minutes\" \/>\n<script type=\"application\/ld+json\" class=\"yoast-schema-graph\">{\"@context\":\"https:\\\/\\\/schema.org\",\"@graph\":[{\"@type\":\"WebPage\",\"@id\":\"https:\\\/\\\/merzougacameltrek.com\\\/es\\\/4x4-erg-chebbi-excursion\\\/\",\"url\":\"https:\\\/\\\/merzougacameltrek.com\\\/es\\\/4x4-erg-chebbi-excursion\\\/\",\"name\":\"4X4 ERG CHEBBI EXCURSI\u00d3N\",\"isPartOf\":{\"@id\":\"https:\\\/\\\/merzougacameltrek.com\\\/es\\\/#website\"},\"primaryImageOfPage\":{\"@id\":\"https:\\\/\\\/merzougacameltrek.com\\\/es\\\/4x4-erg-chebbi-excursion\\\/#primaryimage\"},\"image\":{\"@id\":\"https:\\\/\\\/merzougacameltrek.com\\\/es\\\/4x4-erg-chebbi-excursion\\\/#primaryimage\"},\"thumbnailUrl\":\"https:\\\/\\\/merzougacameltrek.com\\\/es\\\/wp-content\\\/uploads\\\/2020\\\/01\\\/4x4-excursion.jpg\",\"datePublished\":\"2020-01-21T19:16:57+00:00\",\"dateModified\":\"2021-02-18T19:16:24+00:00\",\"description\":\"4X4 ERG CHEBBI EXCURSI\u00d3N\",\"inLanguage\":\"fr-FR\",\"potentialAction\":[{\"@type\":\"ReadAction\",\"target\":[\"https:\\\/\\\/merzougacameltrek.com\\\/es\\\/4x4-erg-chebbi-excursion\\\/\"]}]},{\"@type\":\"ImageObject\",\"inLanguage\":\"fr-FR\",\"@id\":\"https:\\\/\\\/merzougacameltrek.com\\\/es\\\/4x4-erg-chebbi-excursion\\\/#primaryimage\",\"url\":\"https:\\\/\\\/merzougacameltrek.com\\\/es\\\/wp-content\\\/uploads\\\/2020\\\/01\\\/4x4-excursion.jpg\",\"contentUrl\":\"https:\\\/\\\/merzougacameltrek.com\\\/es\\\/wp-content\\\/uploads\\\/2020\\\/01\\\/4x4-excursion.jpg\",\"width\":557,\"height\":676},{\"@type\":\"WebSite\",\"@id\":\"https:\\\/\\\/merzougacameltrek.com\\\/es\\\/#website\",\"url\":\"https:\\\/\\\/merzougacameltrek.com\\\/es\\\/\",\"name\":\"merzouga camel trek\",\"description\":\"Visit Morocco NOW | Discover &amp; Book on Sahara Travel Tours\",\"publisher\":{\"@id\":\"https:\\\/\\\/merzougacameltrek.com\\\/es\\\/#organization\"},\"potentialAction\":[{\"@type\":\"SearchAction\",\"target\":{\"@type\":\"EntryPoint\",\"urlTemplate\":\"https:\\\/\\\/merzougacameltrek.com\\\/es\\\/?s={search_term_string}\"},\"query-input\":{\"@type\":\"PropertyValueSpecification\",\"valueRequired\":true,\"valueName\":\"search_term_string\"}}],\"inLanguage\":\"fr-FR\"},{\"@type\":\"Organization\",\"@id\":\"https:\\\/\\\/merzougacameltrek.com\\\/es\\\/#organization\",\"name\":\"merzouga camel trek\",\"url\":\"https:\\\/\\\/merzougacameltrek.com\\\/es\\\/\",\"logo\":{\"@type\":\"ImageObject\",\"inLanguage\":\"fr-FR\",\"@id\":\"https:\\\/\\\/merzougacameltrek.com\\\/es\\\/#\\\/schema\\\/logo\\\/image\\\/\",\"url\":\"https:\\\/\\\/merzougacameltrek.com\\\/es\\\/wp-content\\\/uploads\\\/2023\\\/10\\\/cropped-logo-3.png\",\"contentUrl\":\"https:\\\/\\\/merzougacameltrek.com\\\/es\\\/wp-content\\\/uploads\\\/2023\\\/10\\\/cropped-logo-3.png\",\"width\":245,\"height\":60,\"caption\":\"merzouga camel trek\"},\"image\":{\"@id\":\"https:\\\/\\\/merzougacameltrek.com\\\/es\\\/#\\\/schema\\\/logo\\\/image\\\/\"}}]}<\/script>\n<!-- \/ Yoast SEO plugin. -->","yoast_head_json":{"title":"4X4 ERG CHEBBI EXCURSI\u00d3N","description":"4X4 ERG CHEBBI EXCURSI\u00d3N","robots":{"index":"index","follow":"follow","max-snippet":"max-snippet:-1","max-image-preview":"max-image-preview:large","max-video-preview":"max-video-preview:-1"},"canonical":"https:\/\/merzougacameltrek.com\/es\/4x4-erg-chebbi-excursion\/","og_locale":"fr_FR","og_type":"article","og_title":"4X4 ERG CHEBBI EXCURSI\u00d3N","og_description":"4X4 ERG CHEBBI EXCURSI\u00d3N","og_url":"https:\/\/merzougacameltrek.com\/es\/4x4-erg-chebbi-excursion\/","og_site_name":"merzouga camel trek","article_modified_time":"2021-02-18T19:16:24+00:00","og_image":[{"url":"https:\/\/merzougacameltrek.com\/es\/wp-content\/uploads\/2020\/01\/4x4-excursion.jpg","type":"","width":"","height":""}],"twitter_card":"summary_large_image","twitter_misc":{"Dur\u00e9e de lecture estim\u00e9e":"2 minutes"},"schema":{"@context":"https:\/\/schema.org","@graph":[{"@type":"WebPage","@id":"https:\/\/merzougacameltrek.com\/es\/4x4-erg-chebbi-excursion\/","url":"https:\/\/merzougacameltrek.com\/es\/4x4-erg-chebbi-excursion\/","name":"4X4 ERG CHEBBI EXCURSI\u00d3N","isPartOf":{"@id":"https:\/\/merzougacameltrek.com\/es\/#website"},"primaryImageOfPage":{"@id":"https:\/\/merzougacameltrek.com\/es\/4x4-erg-chebbi-excursion\/#primaryimage"},"image":{"@id":"https:\/\/merzougacameltrek.com\/es\/4x4-erg-chebbi-excursion\/#primaryimage"},"thumbnailUrl":"https:\/\/merzougacameltrek.com\/es\/wp-content\/uploads\/2020\/01\/4x4-excursion.jpg","datePublished":"2020-01-21T19:16:57+00:00","dateModified":"2021-02-18T19:16:24+00:00","description":"4X4 ERG CHEBBI EXCURSI\u00d3N","inLanguage":"fr-FR","potentialAction":[{"@type":"ReadAction","target":["https:\/\/merzougacameltrek.com\/es\/4x4-erg-chebbi-excursion\/"]}]},{"@type":"ImageObject","inLanguage":"fr-FR","@id":"https:\/\/merzougacameltrek.com\/es\/4x4-erg-chebbi-excursion\/#primaryimage","url":"https:\/\/merzougacameltrek.com\/es\/wp-content\/uploads\/2020\/01\/4x4-excursion.jpg","contentUrl":"https:\/\/merzougacameltrek.com\/es\/wp-content\/uploads\/2020\/01\/4x4-excursion.jpg","width":557,"height":676},{"@type":"WebSite","@id":"https:\/\/merzougacameltrek.com\/es\/#website","url":"https:\/\/merzougacameltrek.com\/es\/","name":"merzouga camel trek","description":"Visit Morocco NOW | Discover &amp; Book on Sahara Travel Tours","publisher":{"@id":"https:\/\/merzougacameltrek.com\/es\/#organization"},"potentialAction":[{"@type":"SearchAction","target":{"@type":"EntryPoint","urlTemplate":"https:\/\/merzougacameltrek.com\/es\/?s={search_term_string}"},"query-input":{"@type":"PropertyValueSpecification","valueRequired":true,"valueName":"search_term_string"}}],"inLanguage":"fr-FR"},{"@type":"Organization","@id":"https:\/\/merzougacameltrek.com\/es\/#organization","name":"merzouga camel trek","url":"https:\/\/merzougacameltrek.com\/es\/","logo":{"@type":"ImageObject","inLanguage":"fr-FR","@id":"https:\/\/merzougacameltrek.com\/es\/#\/schema\/logo\/image\/","url":"https:\/\/merzougacameltrek.com\/es\/wp-content\/uploads\/2023\/10\/cropped-logo-3.png","contentUrl":"https:\/\/merzougacameltrek.com\/es\/wp-content\/uploads\/2023\/10\/cropped-logo-3.png","width":245,"height":60,"caption":"merzouga camel trek"},"image":{"@id":"https:\/\/merzougacameltrek.com\/es\/#\/schema\/logo\/image\/"}}]}},"_links":{"self":[{"href":"https:\/\/merzougacameltrek.com\/es\/wp-json\/wp\/v2\/pages\/1860","targetHints":{"allow":["GET"]}}],"collection":[{"href":"https:\/\/merzougacameltrek.com\/es\/wp-json\/wp\/v2\/pages"}],"about":[{"href":"https:\/\/merzougacameltrek.com\/es\/wp-json\/wp\/v2\/types\/page"}],"author":[{"embeddable":true,"href":"https:\/\/merzougacameltrek.com\/es\/wp-json\/wp\/v2\/users\/1"}],"replies":[{"embeddable":true,"href":"https:\/\/merzougacameltrek.com\/es\/wp-json\/wp\/v2\/comments?post=1860"}],"version-history":[{"count":25,"href":"https:\/\/merzougacameltrek.com\/es\/wp-json\/wp\/v2\/pages\/1860\/revisions"}],"predecessor-version":[{"id":2650,"href":"https:\/\/merzougacameltrek.com\/es\/wp-json\/wp\/v2\/pages\/1860\/revisions\/2650"}],"wp:attachment":[{"href":"https:\/\/merzougacameltrek.com\/es\/wp-json\/wp\/v2\/media?parent=1860"}],"curies":[{"name":"wp","href":"https:\/\/api.w.org\/{rel}","templated":true}]}}