{"id":2759,"date":"2021-03-25T21:54:02","date_gmt":"2021-03-25T21:54:02","guid":{"rendered":"https:\/\/merzougacameltrek.com\/es\/?page_id=2759"},"modified":"2021-03-25T21:56:43","modified_gmt":"2021-03-25T21:56:43","slug":"6-dias-tour-desde-casablanca","status":"publish","type":"page","link":"https:\/\/merzougacameltrek.com\/es\/6-dias-tour-desde-casablanca\/","title":{"rendered":"6 DIAS TOUR DESDE CASABLANCA"},"content":{"rendered":"\n<figure class=\"wp-block-image size-large is-resized\"><img fetchpriority=\"high\" decoding=\"async\" src=\"https:\/\/merzougacameltrek.com\/es\/wp-content\/uploads\/2021\/03\/casablancaa.jpg\" alt=\"\" class=\"wp-image-2760\" width=\"584\" height=\"418\" srcset=\"https:\/\/merzougacameltrek.com\/es\/wp-content\/uploads\/2021\/03\/casablancaa.jpg 536w, https:\/\/merzougacameltrek.com\/es\/wp-content\/uploads\/2021\/03\/casablancaa-300x215.jpg 300w\" sizes=\"(max-width: 584px) 100vw, 584px\" \/><\/figure>\n\n\n\n<p><strong><span class=\"has-inline-color has-luminous-vivid-orange-color\">1 DIA &#8211; CASABLANCA &#8211; CHEFCHAOEN<\/span><\/strong><\/p>\n\n\n\n<p>por la manana empieza nuesto viajes desde casablanca hasta chefchaouen encuentranos en vostro hotel o airpoto y viajamos por rabat por chefchaouen cuando llegamos hasta la ciudad azul para pasamos la noche alli ,<\/p>\n\n\n\n<p><strong><span class=\"has-inline-color has-luminous-vivid-orange-color\">2 DIAS -LIBRE EN CHEFCHAOUEN <\/span><\/strong><\/p>\n\n\n\n<p>Por la manana tienemos el dia libre para visitamos la ciudad azul de chefchaouen y tienemos todo el dia alli en chefchaouen,<\/p>\n\n\n\n<p><strong><span class=\"has-inline-color has-luminous-vivid-orange-color\">3 DIAS &#8211; CHEFCAHAOUEN &#8211; FEZ <\/span><\/strong><\/p>\n\n\n\n<p>por la manana despues de desayuno y duchar viajamos desde chefchaouen por fez y cuando llegamos a fez tienemos el tempo libre para visitar la ciudad de fez y pasamos la noche alli,<\/p>\n\n\n\n<p><strong><span class=\"has-inline-color has-luminous-vivid-orange-color\">4 DIAS &#8211; FEZ &#8211; IFRANE -ARZOU -MIDELT -DESIERTO DE MERZOUGA<\/span><\/strong><\/p>\n\n\n\n<p>Recogida en el hotel o Riad donde est\u00e9n alojados , salimos direcci\u00f3n sur para cruzar las Monta\u00f1as del Medio Atlas hasta llegar a Ifrane \u2018\u2019 la peque\u00f1a Suiza Marroqu\u00ed \u2018\u2019por su gran parecido a ese pa\u00eds. De los animales que antiguamente habitaba aqu\u00ed era el le\u00f3n del Atlas, por lo que ha pasado a convertirse en el s\u00edmbolo de la ciudad y al que le han dedicado una estatua de piedra en el centro de la misma,aprovecharemos para hacer algunas fotos. Cruzaremos los famosos bosques de cedros ,tambi\u00e9n darle de comer a los cientos de monos de Gibraltar que habitan en la zona. Almuerzo en Midelt y por la tarde pasaremos por el Valle de Ziz con de 20km de palmeral y 10 millones de palmeras lo convierte en uno de los m\u00e1s grandes del mundo. Llegada a Merzouga y t\u00e9 de hospitalidad en el Hotel, despu\u00e9s disfrutar de passeo en camellos para pasar la niche en el desierto de merzouga ,<\/p>\n\n\n\n<p><strong><span class=\"has-inline-color has-luminous-vivid-orange-color\">5 DIAS- DESIERTO DE MERZOUGA &#8211; ERFOUD- TODRA GORGES -OUARZAZATE<\/span><\/strong><\/p>\n\n\n\n<p>Por la manana despues de la salida del sol coje los camellos para volver a merzouga para desayunar ,y despues empieza nuestro viaje desde el desierto de merzouga a ouarzazate ,pasamos a erfoud la capital de las fossiles en marruecos,y contuniamos por todra gorges y paramos alli para visitamos la valle de todra y tener elmuerzo alli y contuniamos por valle de dades y la valle de rose y pasamos a skoura y contuniamos hasta ouarzazate donde pasamos la noche,<\/p>\n\n\n\n<p><strong><span class=\"has-inline-color has-luminous-vivid-orange-color\">6 DIAS &#8211; OUARZAZATE -AIT BEN HADDOU &#8211; GRANDE EATLAS- MARRAKECH<\/span><\/strong><\/p>\n\n\n\n<p>la ultima dia salimos desde ouarazazate y irmos para visitar el studio de las pilocolas en marruecos y visitar la famosa Kasbah fortificada de Ait Ben Haddou, a las orillas del rio Ounila. El conjunto arquitectonico y favorecido por su maravilloso entorno natural ha sido lugar de rodaje de multitud de peliculas famosas como Babel, Gladiator&#8230;. Despues de visitar y del almuerzo cruzaremos el Alto Atlas hasta llegar a MARRAKECH. Traslado a vuestro hotel o al aeropuerto y fin de nuestros servicios.y termina nuestro viaje a marrakech <\/p>\n\n\n\n<p><strong><span class=\"has-inline-color has-luminous-vivid-orange-color\"> QUE ESTA INCLUIDO<\/span><\/strong><\/p>\n\n\n\n<ul class=\"wp-block-list\"><li>Veh\u00edculo todoterreno 4&#215;4 con aire acondicionado<\/li><li>Conductor de habla Castellano<\/li><li>Combustible<\/li><li>Excursi\u00f3n en dromedario<\/li><li>Seguro de viajeb\u00e1sico<\/li><li>1 noche en haima con cena y desayuno<\/li><li>Hoteles media pensi\u00f3n (desayuno y cena).<\/li><li><span class=\"has-inline-color has-luminous-vivid-orange-color\">NO ESTA INCLUIDO<\/span><\/li><li>Vuelos<\/li><li>Comidas del mediod\u00eda<\/li><li>Bebidas<\/li><li>Entradas<\/li><li>Propinas y lo que no est\u00e1 en el programa<\/li><\/ul>\n","protected":false},"excerpt":{"rendered":"<p>1 DIA &#8211; CASABLANCA &#8211; CHEFCHAOEN por la manana empieza nuesto viajes desde casablanca hasta chefchaouen encuentranos en vostro hotel o airpoto y viajamos por rabat por chefchaouen cuando llegamos hasta la ciudad azul para pasamos la noche alli , 2 DIAS -LIBRE EN CHEFCHAOUEN Por la manana tienemos el dia libre para visitamos la [&hellip;]<\/p>\n","protected":false},"author":1,"featured_media":0,"parent":0,"menu_order":0,"comment_status":"closed","ping_status":"closed","template":"","meta":{"footnotes":""},"class_list":["post-2759","page","type-page","status-publish","hentry"],"yoast_head":"<!-- This site is optimized with the Yoast SEO plugin v27.3 - https:\/\/yoast.com\/product\/yoast-seo-wordpress\/ -->\n<title>TOURS DESDE CASABLANCA 6 DIAS POR EL DESIERTO<\/title>\n<meta name=\"description\" content=\"TOURS DESDE CASABLANCA 6 DIAS POR EL DESIERTO DE MERZOUGA,6 DIAS TOUR DESDE CASABLANCA A MERZOUGA ,TOUR A MERZOUGA DESDE CASABLANCA 6 DIAS,\" \/>\n<meta name=\"robots\" content=\"index, follow, max-snippet:-1, max-image-preview:large, max-video-preview:-1\" \/>\n<link rel=\"canonical\" href=\"https:\/\/merzougacameltrek.com\/es\/6-dias-tour-desde-casablanca\/\" \/>\n<meta property=\"og:locale\" content=\"fr_FR\" \/>\n<meta property=\"og:type\" content=\"article\" \/>\n<meta property=\"og:title\" content=\"TOURS DESDE CASABLANCA 6 DIAS POR EL DESIERTO\" \/>\n<meta property=\"og:description\" content=\"TOURS DESDE CASABLANCA 6 DIAS POR EL DESIERTO DE MERZOUGA,6 DIAS TOUR DESDE CASABLANCA A MERZOUGA ,TOUR A MERZOUGA DESDE CASABLANCA 6 DIAS,\" \/>\n<meta property=\"og:url\" content=\"https:\/\/merzougacameltrek.com\/es\/6-dias-tour-desde-casablanca\/\" \/>\n<meta property=\"og:site_name\" content=\"merzouga camel trek\" \/>\n<meta property=\"article:modified_time\" content=\"2021-03-25T21:56:43+00:00\" \/>\n<meta property=\"og:image\" content=\"https:\/\/merzougacameltrek.com\/es\/wp-content\/uploads\/2021\/03\/casablancaa.jpg\" \/>\n<meta name=\"twitter:card\" content=\"summary_large_image\" \/>\n<meta name=\"twitter:label1\" content=\"Dur\u00e9e de lecture estim\u00e9e\" \/>\n\t<meta name=\"twitter:data1\" content=\"3 minutes\" \/>\n<script type=\"application\/ld+json\" class=\"yoast-schema-graph\">{\"@context\":\"https:\\\/\\\/schema.org\",\"@graph\":[{\"@type\":\"WebPage\",\"@id\":\"https:\\\/\\\/merzougacameltrek.com\\\/es\\\/6-dias-tour-desde-casablanca\\\/\",\"url\":\"https:\\\/\\\/merzougacameltrek.com\\\/es\\\/6-dias-tour-desde-casablanca\\\/\",\"name\":\"TOURS DESDE CASABLANCA 6 DIAS POR EL DESIERTO\",\"isPartOf\":{\"@id\":\"https:\\\/\\\/merzougacameltrek.com\\\/es\\\/#website\"},\"primaryImageOfPage\":{\"@id\":\"https:\\\/\\\/merzougacameltrek.com\\\/es\\\/6-dias-tour-desde-casablanca\\\/#primaryimage\"},\"image\":{\"@id\":\"https:\\\/\\\/merzougacameltrek.com\\\/es\\\/6-dias-tour-desde-casablanca\\\/#primaryimage\"},\"thumbnailUrl\":\"https:\\\/\\\/merzougacameltrek.com\\\/es\\\/wp-content\\\/uploads\\\/2021\\\/03\\\/casablancaa.jpg\",\"datePublished\":\"2021-03-25T21:54:02+00:00\",\"dateModified\":\"2021-03-25T21:56:43+00:00\",\"description\":\"TOURS DESDE CASABLANCA 6 DIAS POR EL DESIERTO DE MERZOUGA,6 DIAS TOUR DESDE CASABLANCA A MERZOUGA ,TOUR A MERZOUGA DESDE CASABLANCA 6 DIAS,\",\"inLanguage\":\"fr-FR\",\"potentialAction\":[{\"@type\":\"ReadAction\",\"target\":[\"https:\\\/\\\/merzougacameltrek.com\\\/es\\\/6-dias-tour-desde-casablanca\\\/\"]}]},{\"@type\":\"ImageObject\",\"inLanguage\":\"fr-FR\",\"@id\":\"https:\\\/\\\/merzougacameltrek.com\\\/es\\\/6-dias-tour-desde-casablanca\\\/#primaryimage\",\"url\":\"https:\\\/\\\/merzougacameltrek.com\\\/es\\\/wp-content\\\/uploads\\\/2021\\\/03\\\/casablancaa.jpg\",\"contentUrl\":\"https:\\\/\\\/merzougacameltrek.com\\\/es\\\/wp-content\\\/uploads\\\/2021\\\/03\\\/casablancaa.jpg\",\"width\":536,\"height\":384},{\"@type\":\"WebSite\",\"@id\":\"https:\\\/\\\/merzougacameltrek.com\\\/es\\\/#website\",\"url\":\"https:\\\/\\\/merzougacameltrek.com\\\/es\\\/\",\"name\":\"merzouga camel trek\",\"description\":\"Visit Morocco NOW | Discover &amp; Book on Sahara Travel Tours\",\"publisher\":{\"@id\":\"https:\\\/\\\/merzougacameltrek.com\\\/es\\\/#organization\"},\"potentialAction\":[{\"@type\":\"SearchAction\",\"target\":{\"@type\":\"EntryPoint\",\"urlTemplate\":\"https:\\\/\\\/merzougacameltrek.com\\\/es\\\/?s={search_term_string}\"},\"query-input\":{\"@type\":\"PropertyValueSpecification\",\"valueRequired\":true,\"valueName\":\"search_term_string\"}}],\"inLanguage\":\"fr-FR\"},{\"@type\":\"Organization\",\"@id\":\"https:\\\/\\\/merzougacameltrek.com\\\/es\\\/#organization\",\"name\":\"merzouga camel trek\",\"url\":\"https:\\\/\\\/merzougacameltrek.com\\\/es\\\/\",\"logo\":{\"@type\":\"ImageObject\",\"inLanguage\":\"fr-FR\",\"@id\":\"https:\\\/\\\/merzougacameltrek.com\\\/es\\\/#\\\/schema\\\/logo\\\/image\\\/\",\"url\":\"https:\\\/\\\/merzougacameltrek.com\\\/es\\\/wp-content\\\/uploads\\\/2023\\\/10\\\/cropped-logo-3.png\",\"contentUrl\":\"https:\\\/\\\/merzougacameltrek.com\\\/es\\\/wp-content\\\/uploads\\\/2023\\\/10\\\/cropped-logo-3.png\",\"width\":245,\"height\":60,\"caption\":\"merzouga camel trek\"},\"image\":{\"@id\":\"https:\\\/\\\/merzougacameltrek.com\\\/es\\\/#\\\/schema\\\/logo\\\/image\\\/\"}}]}<\/script>\n<!-- \/ Yoast SEO plugin. -->","yoast_head_json":{"title":"TOURS DESDE CASABLANCA 6 DIAS POR EL DESIERTO","description":"TOURS DESDE CASABLANCA 6 DIAS POR EL DESIERTO DE MERZOUGA,6 DIAS TOUR DESDE CASABLANCA A MERZOUGA ,TOUR A MERZOUGA DESDE CASABLANCA 6 DIAS,","robots":{"index":"index","follow":"follow","max-snippet":"max-snippet:-1","max-image-preview":"max-image-preview:large","max-video-preview":"max-video-preview:-1"},"canonical":"https:\/\/merzougacameltrek.com\/es\/6-dias-tour-desde-casablanca\/","og_locale":"fr_FR","og_type":"article","og_title":"TOURS DESDE CASABLANCA 6 DIAS POR EL DESIERTO","og_description":"TOURS DESDE CASABLANCA 6 DIAS POR EL DESIERTO DE MERZOUGA,6 DIAS TOUR DESDE CASABLANCA A MERZOUGA ,TOUR A MERZOUGA DESDE CASABLANCA 6 DIAS,","og_url":"https:\/\/merzougacameltrek.com\/es\/6-dias-tour-desde-casablanca\/","og_site_name":"merzouga camel trek","article_modified_time":"2021-03-25T21:56:43+00:00","og_image":[{"url":"https:\/\/merzougacameltrek.com\/es\/wp-content\/uploads\/2021\/03\/casablancaa.jpg","type":"","width":"","height":""}],"twitter_card":"summary_large_image","twitter_misc":{"Dur\u00e9e de lecture estim\u00e9e":"3 minutes"},"schema":{"@context":"https:\/\/schema.org","@graph":[{"@type":"WebPage","@id":"https:\/\/merzougacameltrek.com\/es\/6-dias-tour-desde-casablanca\/","url":"https:\/\/merzougacameltrek.com\/es\/6-dias-tour-desde-casablanca\/","name":"TOURS DESDE CASABLANCA 6 DIAS POR EL DESIERTO","isPartOf":{"@id":"https:\/\/merzougacameltrek.com\/es\/#website"},"primaryImageOfPage":{"@id":"https:\/\/merzougacameltrek.com\/es\/6-dias-tour-desde-casablanca\/#primaryimage"},"image":{"@id":"https:\/\/merzougacameltrek.com\/es\/6-dias-tour-desde-casablanca\/#primaryimage"},"thumbnailUrl":"https:\/\/merzougacameltrek.com\/es\/wp-content\/uploads\/2021\/03\/casablancaa.jpg","datePublished":"2021-03-25T21:54:02+00:00","dateModified":"2021-03-25T21:56:43+00:00","description":"TOURS DESDE CASABLANCA 6 DIAS POR EL DESIERTO DE MERZOUGA,6 DIAS TOUR DESDE CASABLANCA A MERZOUGA ,TOUR A MERZOUGA DESDE CASABLANCA 6 DIAS,","inLanguage":"fr-FR","potentialAction":[{"@type":"ReadAction","target":["https:\/\/merzougacameltrek.com\/es\/6-dias-tour-desde-casablanca\/"]}]},{"@type":"ImageObject","inLanguage":"fr-FR","@id":"https:\/\/merzougacameltrek.com\/es\/6-dias-tour-desde-casablanca\/#primaryimage","url":"https:\/\/merzougacameltrek.com\/es\/wp-content\/uploads\/2021\/03\/casablancaa.jpg","contentUrl":"https:\/\/merzougacameltrek.com\/es\/wp-content\/uploads\/2021\/03\/casablancaa.jpg","width":536,"height":384},{"@type":"WebSite","@id":"https:\/\/merzougacameltrek.com\/es\/#website","url":"https:\/\/merzougacameltrek.com\/es\/","name":"merzouga camel trek","description":"Visit Morocco NOW | Discover &amp; Book on Sahara Travel Tours","publisher":{"@id":"https:\/\/merzougacameltrek.com\/es\/#organization"},"potentialAction":[{"@type":"SearchAction","target":{"@type":"EntryPoint","urlTemplate":"https:\/\/merzougacameltrek.com\/es\/?s={search_term_string}"},"query-input":{"@type":"PropertyValueSpecification","valueRequired":true,"valueName":"search_term_string"}}],"inLanguage":"fr-FR"},{"@type":"Organization","@id":"https:\/\/merzougacameltrek.com\/es\/#organization","name":"merzouga camel trek","url":"https:\/\/merzougacameltrek.com\/es\/","logo":{"@type":"ImageObject","inLanguage":"fr-FR","@id":"https:\/\/merzougacameltrek.com\/es\/#\/schema\/logo\/image\/","url":"https:\/\/merzougacameltrek.com\/es\/wp-content\/uploads\/2023\/10\/cropped-logo-3.png","contentUrl":"https:\/\/merzougacameltrek.com\/es\/wp-content\/uploads\/2023\/10\/cropped-logo-3.png","width":245,"height":60,"caption":"merzouga camel trek"},"image":{"@id":"https:\/\/merzougacameltrek.com\/es\/#\/schema\/logo\/image\/"}}]}},"_links":{"self":[{"href":"https:\/\/merzougacameltrek.com\/es\/wp-json\/wp\/v2\/pages\/2759","targetHints":{"allow":["GET"]}}],"collection":[{"href":"https:\/\/merzougacameltrek.com\/es\/wp-json\/wp\/v2\/pages"}],"about":[{"href":"https:\/\/merzougacameltrek.com\/es\/wp-json\/wp\/v2\/types\/page"}],"author":[{"embeddable":true,"href":"https:\/\/merzougacameltrek.com\/es\/wp-json\/wp\/v2\/users\/1"}],"replies":[{"embeddable":true,"href":"https:\/\/merzougacameltrek.com\/es\/wp-json\/wp\/v2\/comments?post=2759"}],"version-history":[{"count":2,"href":"https:\/\/merzougacameltrek.com\/es\/wp-json\/wp\/v2\/pages\/2759\/revisions"}],"predecessor-version":[{"id":2763,"href":"https:\/\/merzougacameltrek.com\/es\/wp-json\/wp\/v2\/pages\/2759\/revisions\/2763"}],"wp:attachment":[{"href":"https:\/\/merzougacameltrek.com\/es\/wp-json\/wp\/v2\/media?parent=2759"}],"curies":[{"name":"wp","href":"https:\/\/api.w.org\/{rel}","templated":true}]}}