{"id":2764,"date":"2021-03-25T22:22:26","date_gmt":"2021-03-25T22:22:26","guid":{"rendered":"https:\/\/merzougacameltrek.com\/es\/?page_id=2764"},"modified":"2021-03-25T22:23:06","modified_gmt":"2021-03-25T22:23:06","slug":"7-dias-tour-desde-casablanca","status":"publish","type":"page","link":"https:\/\/merzougacameltrek.com\/es\/7-dias-tour-desde-casablanca\/","title":{"rendered":"7 DIAS TOUR DESDE CASABLANCA"},"content":{"rendered":"\n<figure class=\"wp-block-gallery columns-1 is-cropped wp-block-gallery-1 is-layout-flex wp-block-gallery-is-layout-flex\"><ul class=\"blocks-gallery-grid\"><li class=\"blocks-gallery-item\"><figure><img fetchpriority=\"high\" decoding=\"async\" width=\"1024\" height=\"576\" src=\"https:\/\/merzougacameltrek.com\/es\/wp-content\/uploads\/2021\/03\/casablanca-1024x576.jpg\" alt=\"\" data-id=\"2765\" data-full-url=\"https:\/\/merzougacameltrek.com\/es\/wp-content\/uploads\/2021\/03\/casablanca.jpg\" data-link=\"https:\/\/merzougacameltrek.com\/es\/?attachment_id=2765\" class=\"wp-image-2765\" srcset=\"https:\/\/merzougacameltrek.com\/es\/wp-content\/uploads\/2021\/03\/casablanca-1024x576.jpg 1024w, https:\/\/merzougacameltrek.com\/es\/wp-content\/uploads\/2021\/03\/casablanca-300x169.jpg 300w, https:\/\/merzougacameltrek.com\/es\/wp-content\/uploads\/2021\/03\/casablanca-768x432.jpg 768w, https:\/\/merzougacameltrek.com\/es\/wp-content\/uploads\/2021\/03\/casablanca.jpg 1461w\" sizes=\"(max-width: 1024px) 100vw, 1024px\" \/><\/figure><\/li><\/ul><\/figure>\n\n\n\n<p><strong><span class=\"has-inline-color has-luminous-vivid-orange-color\"> 1 DIA &#8211; CASABLANCA &#8211; RABAT &#8211; FES <\/span><\/strong><\/p>\n\n\n\n<p>salimos desde casablanca por rabat paramos alli para visitar el mosqueto de hassan y viajamos Recogida y traslado a Fez la capital cultural de Marruecos.<\/p>\n\n\n\n<p><strong><span class=\"has-inline-color has-luminous-vivid-orange-color\">2 DIAS &#8211; FEZ &#8212; FEZ <\/span><\/strong><\/p>\n\n\n\n<p>este dia tienes el tiempo libre para visitar la ciudad de Fez, capital cultural y la m\u00e1s antigua de las Ciudades Imperiales del pa\u00eds, la que fue durante siglos el centro cultural y religioso del mundo isl\u00e1mico occidental, y que fue declarada por la UNESCO Patrimonio de la Humanidad, Sus callejuelas laber\u00ednticas estructuradas por gremios de alfareros, tintoreros\u2026y el bullicio de sus gentes os transportar\u00e1 siglos atr\u00e1s, pues es una ciudad medieval que perdura en el tiempo,1200 a\u00f1os despu\u00e9s de su fundaci\u00f3n los monumentos que podremos visitar: Medersas (Escuelas cor\u00e1nicas): Chahrij, Bouinania Attarin. Souks, Fes El-Jedid, la Mezquita Karaouine, almuerzo en un restaurante t\u00edpico de la Medina y tarde libre. Alojamiento en Hotel o Riad.<\/p>\n\n\n\n<p><strong><span class=\"has-inline-color has-luminous-vivid-orange-color\">3 DIAS &#8211; FEZ &#8211; VALLE DE ZIZ &#8211; ERFOUD &#8211; MERZOUGA DESIERTO <\/span><\/strong><\/p>\n\n\n\n<p>este dia tienemos que salir de fez para hacia las preciosas dunas de Merzouga, pasando por Ifran conocida como \u201cla Suiza Marroqu\u00ed\u201d. Pararemos para visitar el bosque de Cedros en Azrou y ver a los monitos escalando los cedros. Luego seguiremos la ruta y atravesaremos las suaves monta\u00f1as del Medio Atlas, pasando por Midelt y el r\u00edo Ziz y pararemos para hacer fotos a unas impresionantes vistas panor\u00e1micas sobre las gargantas de este r\u00edo. Continuaci\u00f3n hasta la ciudad de Erfoud famosa por los f\u00f3siles que se extraen de las rocas. Llegada a las dunas de \u201cErg Chebbi\u201d en Merzouga, donde podremos sentir la paz y la tranquilidad del desierto y pasamos la noche alli <\/p>\n\n\n\n<p><strong><span class=\"has-inline-color has-luminous-vivid-orange-color\">4 DIAS- MERZOUGA -NOCHE EN EL DESIERTO ERG CHEBBI <\/span><\/strong><\/p>\n\n\n\n<p>por la manana salimos desde merzouga por el desierto para hacemos un tour fuera de merzouga y visitamos lugares difirente en el desierto,premiero khamlia es un pueblo de la gente Negra vinen de africa antes y paramos alli para escuchmos su tipycal musica ,y contunia nuestro viaje para visitar las nomadas y difirente citios fuera de merzouga ,y despues de almuerzo volvemos amerzouga alli donde cojemos los camellos por el desierto y pasamos la niche alli,<\/p>\n\n\n\n<p><strong><span class=\"has-inline-color has-luminous-vivid-orange-color\">5 DIAS -MERZOUGA -RISSANI &#8211; DADES VALLE &#8211; OUARZAZATE <\/span><\/strong><\/p>\n\n\n\n<p>en la manana despues de la salida del sol cojemos los camellos para volver a merzouga para duchar y desyunar ,y continuaremos hacia Rissani primera ciudad imperial de Marruecos para visitar su legendario Mercado el m\u00e1s grande en todo el Sur de Marruecos, Continuaci\u00f3n hacia Tazzarine pasando por Alnif, en plena cuenca del Mader. seguiremos la ruta hacia las famosas gargantas de Todra, el Valle de Dades, el Valle de las Rosas y los oasis de Skoura. Llegada a Ouarzazate Cena y alojamiento en hotel<\/p>\n\n\n\n<p><strong><span class=\"has-inline-color has-luminous-vivid-orange-color\">6 Dias : Ouarzazate \u2013 Kasbah Ait ben Haddou-Marrakech :<\/span><\/strong><\/p>\n\n\n\n<p>Desayuno y salida de ruta direcci\u00f3n a Marrakech antes de siguir la ruta a Marrakech nos dirigimos a la antigua Kasbah de Ait Ben Haddou, declarada Patrimonio de la Humanidad por el UNESCO. Visita a la Kasbah donde se han rodado muchas pel\u00edculas, como Obelix, Babel, el Sahara, El Reino de los Cielos, Cleopatra y Gladiador. Despu\u00e9s seguiremos la ruta de vuelta hacia Marrakech, atravesando las monta\u00f1as del alto atlas por el collado de Tizin Tichka (el puerto m\u00e1s alto del Atlas, con 2.260 m. de altitud) con sus espectaculares vistas llegaremos por la tarde a Marrakech<\/p>\n\n\n\n<p><span class=\"has-inline-color has-luminous-vivid-orange-color\">7  Dias  : Marrakech-Casablanca :<\/span><\/p>\n\n\n\n<p>Salida por la mana\u00f1a a Casablanca la capital econ\u00f3mica de Marruecos.visitar\u00e1 la mezquita de Hassan II, una de mas grandes mezquitas en el mundo isl\u00e1mico. En la tarde traslado al hotel.<\/p>\n\n\n\n<p><strong>Si el itinerario que ofrecemos no coincide con lo que esta buscando, pongase en contacto con nosotros y le preparamos su viaje a sus medidas necesidades.<\/strong><\/p>\n\n\n\n<p><span class=\"has-inline-color has-luminous-vivid-orange-color\">Tour Incluido:<\/span><\/p>\n\n\n\n<p>\u2013 Recogida en vuestro hotel\/Aeropuerto<br>\u2013 Transporte en 4\u00d74 \/ Minibus A\/C<br>\u2013 Combustible<br>\u2013 Conductor Guia habla castellano<br>\u2013 Hoteles\/Riads en regimen MP<br>\u2013 Noche en haima nomada en regimen MP<br>\u2013 Excursion en dromedario ( Uno por persona )<br>\u2013 Sandboarding<\/p>\n\n\n\n<p><span class=\"has-inline-color has-luminous-vivid-orange-color\">No incluido:<\/span><\/p>\n\n\n\n<p>\u2013 Comidas del medio dia<br>\u2013 Bebidas<br>\u2013 Entradas a monumentos<\/p>\n","protected":false},"excerpt":{"rendered":"<p>1 DIA &#8211; CASABLANCA &#8211; RABAT &#8211; FES salimos desde casablanca por rabat paramos alli para visitar el mosqueto de hassan y viajamos Recogida y traslado a Fez la capital cultural de Marruecos. 2 DIAS &#8211; FEZ &#8212; FEZ este dia tienes el tiempo libre para visitar la ciudad de Fez, capital cultural y la [&hellip;]<\/p>\n","protected":false},"author":1,"featured_media":0,"parent":0,"menu_order":0,"comment_status":"closed","ping_status":"closed","template":"","meta":{"footnotes":""},"class_list":["post-2764","page","type-page","status-publish","hentry"],"yoast_head":"<!-- This site is optimized with the Yoast SEO plugin v27.3 - https:\/\/yoast.com\/product\/yoast-seo-wordpress\/ -->\n<title>7 DIAS TOUR DESDE CASABLANCA AL DESIERTO<\/title>\n<meta name=\"description\" content=\"7 DIAS TOUR DESDE CASABLANCA AL DESIERTO ,TOURS DESDE CASABLANCA A MERZOUGA 7 DIAS ,TOURS A MERZOUGA DESDE CASABLANCA 7 DIAS,7 DIAS EXCURSION\" \/>\n<meta name=\"robots\" content=\"index, follow, max-snippet:-1, max-image-preview:large, max-video-preview:-1\" \/>\n<link rel=\"canonical\" href=\"https:\/\/merzougacameltrek.com\/es\/7-dias-tour-desde-casablanca\/\" \/>\n<meta property=\"og:locale\" content=\"fr_FR\" \/>\n<meta property=\"og:type\" content=\"article\" \/>\n<meta property=\"og:title\" content=\"7 DIAS TOUR DESDE CASABLANCA AL DESIERTO\" \/>\n<meta property=\"og:description\" content=\"7 DIAS TOUR DESDE CASABLANCA AL DESIERTO ,TOURS DESDE CASABLANCA A MERZOUGA 7 DIAS ,TOURS A MERZOUGA DESDE CASABLANCA 7 DIAS,7 DIAS EXCURSION\" \/>\n<meta property=\"og:url\" content=\"https:\/\/merzougacameltrek.com\/es\/7-dias-tour-desde-casablanca\/\" \/>\n<meta property=\"og:site_name\" content=\"merzouga camel trek\" \/>\n<meta property=\"article:modified_time\" content=\"2021-03-25T22:23:06+00:00\" \/>\n<meta property=\"og:image\" content=\"https:\/\/merzougacameltrek.com\/es\/wp-content\/uploads\/2021\/03\/casablanca-1024x576.jpg\" \/>\n<meta name=\"twitter:card\" content=\"summary_large_image\" \/>\n<meta name=\"twitter:label1\" content=\"Dur\u00e9e de lecture estim\u00e9e\" \/>\n\t<meta name=\"twitter:data1\" content=\"4 minutes\" \/>\n<script type=\"application\/ld+json\" class=\"yoast-schema-graph\">{\"@context\":\"https:\\\/\\\/schema.org\",\"@graph\":[{\"@type\":\"WebPage\",\"@id\":\"https:\\\/\\\/merzougacameltrek.com\\\/es\\\/7-dias-tour-desde-casablanca\\\/\",\"url\":\"https:\\\/\\\/merzougacameltrek.com\\\/es\\\/7-dias-tour-desde-casablanca\\\/\",\"name\":\"7 DIAS TOUR DESDE CASABLANCA AL DESIERTO\",\"isPartOf\":{\"@id\":\"https:\\\/\\\/merzougacameltrek.com\\\/es\\\/#website\"},\"primaryImageOfPage\":{\"@id\":\"https:\\\/\\\/merzougacameltrek.com\\\/es\\\/7-dias-tour-desde-casablanca\\\/#primaryimage\"},\"image\":{\"@id\":\"https:\\\/\\\/merzougacameltrek.com\\\/es\\\/7-dias-tour-desde-casablanca\\\/#primaryimage\"},\"thumbnailUrl\":\"https:\\\/\\\/merzougacameltrek.com\\\/es\\\/wp-content\\\/uploads\\\/2021\\\/03\\\/casablanca-1024x576.jpg\",\"datePublished\":\"2021-03-25T22:22:26+00:00\",\"dateModified\":\"2021-03-25T22:23:06+00:00\",\"description\":\"7 DIAS TOUR DESDE CASABLANCA AL DESIERTO ,TOURS DESDE CASABLANCA A MERZOUGA 7 DIAS ,TOURS A MERZOUGA DESDE CASABLANCA 7 DIAS,7 DIAS EXCURSION\",\"inLanguage\":\"fr-FR\",\"potentialAction\":[{\"@type\":\"ReadAction\",\"target\":[\"https:\\\/\\\/merzougacameltrek.com\\\/es\\\/7-dias-tour-desde-casablanca\\\/\"]}]},{\"@type\":\"ImageObject\",\"inLanguage\":\"fr-FR\",\"@id\":\"https:\\\/\\\/merzougacameltrek.com\\\/es\\\/7-dias-tour-desde-casablanca\\\/#primaryimage\",\"url\":\"https:\\\/\\\/merzougacameltrek.com\\\/es\\\/wp-content\\\/uploads\\\/2021\\\/03\\\/casablanca.jpg\",\"contentUrl\":\"https:\\\/\\\/merzougacameltrek.com\\\/es\\\/wp-content\\\/uploads\\\/2021\\\/03\\\/casablanca.jpg\",\"width\":1461,\"height\":822},{\"@type\":\"WebSite\",\"@id\":\"https:\\\/\\\/merzougacameltrek.com\\\/es\\\/#website\",\"url\":\"https:\\\/\\\/merzougacameltrek.com\\\/es\\\/\",\"name\":\"merzouga camel trek\",\"description\":\"Visit Morocco NOW | Discover &amp; Book on Sahara Travel Tours\",\"publisher\":{\"@id\":\"https:\\\/\\\/merzougacameltrek.com\\\/es\\\/#organization\"},\"potentialAction\":[{\"@type\":\"SearchAction\",\"target\":{\"@type\":\"EntryPoint\",\"urlTemplate\":\"https:\\\/\\\/merzougacameltrek.com\\\/es\\\/?s={search_term_string}\"},\"query-input\":{\"@type\":\"PropertyValueSpecification\",\"valueRequired\":true,\"valueName\":\"search_term_string\"}}],\"inLanguage\":\"fr-FR\"},{\"@type\":\"Organization\",\"@id\":\"https:\\\/\\\/merzougacameltrek.com\\\/es\\\/#organization\",\"name\":\"merzouga camel trek\",\"url\":\"https:\\\/\\\/merzougacameltrek.com\\\/es\\\/\",\"logo\":{\"@type\":\"ImageObject\",\"inLanguage\":\"fr-FR\",\"@id\":\"https:\\\/\\\/merzougacameltrek.com\\\/es\\\/#\\\/schema\\\/logo\\\/image\\\/\",\"url\":\"https:\\\/\\\/merzougacameltrek.com\\\/es\\\/wp-content\\\/uploads\\\/2023\\\/10\\\/cropped-logo-3.png\",\"contentUrl\":\"https:\\\/\\\/merzougacameltrek.com\\\/es\\\/wp-content\\\/uploads\\\/2023\\\/10\\\/cropped-logo-3.png\",\"width\":245,\"height\":60,\"caption\":\"merzouga camel trek\"},\"image\":{\"@id\":\"https:\\\/\\\/merzougacameltrek.com\\\/es\\\/#\\\/schema\\\/logo\\\/image\\\/\"}}]}<\/script>\n<!-- \/ Yoast SEO plugin. -->","yoast_head_json":{"title":"7 DIAS TOUR DESDE CASABLANCA AL DESIERTO","description":"7 DIAS TOUR DESDE CASABLANCA AL DESIERTO ,TOURS DESDE CASABLANCA A MERZOUGA 7 DIAS ,TOURS A MERZOUGA DESDE CASABLANCA 7 DIAS,7 DIAS EXCURSION","robots":{"index":"index","follow":"follow","max-snippet":"max-snippet:-1","max-image-preview":"max-image-preview:large","max-video-preview":"max-video-preview:-1"},"canonical":"https:\/\/merzougacameltrek.com\/es\/7-dias-tour-desde-casablanca\/","og_locale":"fr_FR","og_type":"article","og_title":"7 DIAS TOUR DESDE CASABLANCA AL DESIERTO","og_description":"7 DIAS TOUR DESDE CASABLANCA AL DESIERTO ,TOURS DESDE CASABLANCA A MERZOUGA 7 DIAS ,TOURS A MERZOUGA DESDE CASABLANCA 7 DIAS,7 DIAS EXCURSION","og_url":"https:\/\/merzougacameltrek.com\/es\/7-dias-tour-desde-casablanca\/","og_site_name":"merzouga camel trek","article_modified_time":"2021-03-25T22:23:06+00:00","og_image":[{"url":"https:\/\/merzougacameltrek.com\/es\/wp-content\/uploads\/2021\/03\/casablanca-1024x576.jpg","type":"","width":"","height":""}],"twitter_card":"summary_large_image","twitter_misc":{"Dur\u00e9e de lecture estim\u00e9e":"4 minutes"},"schema":{"@context":"https:\/\/schema.org","@graph":[{"@type":"WebPage","@id":"https:\/\/merzougacameltrek.com\/es\/7-dias-tour-desde-casablanca\/","url":"https:\/\/merzougacameltrek.com\/es\/7-dias-tour-desde-casablanca\/","name":"7 DIAS TOUR DESDE CASABLANCA AL DESIERTO","isPartOf":{"@id":"https:\/\/merzougacameltrek.com\/es\/#website"},"primaryImageOfPage":{"@id":"https:\/\/merzougacameltrek.com\/es\/7-dias-tour-desde-casablanca\/#primaryimage"},"image":{"@id":"https:\/\/merzougacameltrek.com\/es\/7-dias-tour-desde-casablanca\/#primaryimage"},"thumbnailUrl":"https:\/\/merzougacameltrek.com\/es\/wp-content\/uploads\/2021\/03\/casablanca-1024x576.jpg","datePublished":"2021-03-25T22:22:26+00:00","dateModified":"2021-03-25T22:23:06+00:00","description":"7 DIAS TOUR DESDE CASABLANCA AL DESIERTO ,TOURS DESDE CASABLANCA A MERZOUGA 7 DIAS ,TOURS A MERZOUGA DESDE CASABLANCA 7 DIAS,7 DIAS EXCURSION","inLanguage":"fr-FR","potentialAction":[{"@type":"ReadAction","target":["https:\/\/merzougacameltrek.com\/es\/7-dias-tour-desde-casablanca\/"]}]},{"@type":"ImageObject","inLanguage":"fr-FR","@id":"https:\/\/merzougacameltrek.com\/es\/7-dias-tour-desde-casablanca\/#primaryimage","url":"https:\/\/merzougacameltrek.com\/es\/wp-content\/uploads\/2021\/03\/casablanca.jpg","contentUrl":"https:\/\/merzougacameltrek.com\/es\/wp-content\/uploads\/2021\/03\/casablanca.jpg","width":1461,"height":822},{"@type":"WebSite","@id":"https:\/\/merzougacameltrek.com\/es\/#website","url":"https:\/\/merzougacameltrek.com\/es\/","name":"merzouga camel trek","description":"Visit Morocco NOW | Discover &amp; Book on Sahara Travel Tours","publisher":{"@id":"https:\/\/merzougacameltrek.com\/es\/#organization"},"potentialAction":[{"@type":"SearchAction","target":{"@type":"EntryPoint","urlTemplate":"https:\/\/merzougacameltrek.com\/es\/?s={search_term_string}"},"query-input":{"@type":"PropertyValueSpecification","valueRequired":true,"valueName":"search_term_string"}}],"inLanguage":"fr-FR"},{"@type":"Organization","@id":"https:\/\/merzougacameltrek.com\/es\/#organization","name":"merzouga camel trek","url":"https:\/\/merzougacameltrek.com\/es\/","logo":{"@type":"ImageObject","inLanguage":"fr-FR","@id":"https:\/\/merzougacameltrek.com\/es\/#\/schema\/logo\/image\/","url":"https:\/\/merzougacameltrek.com\/es\/wp-content\/uploads\/2023\/10\/cropped-logo-3.png","contentUrl":"https:\/\/merzougacameltrek.com\/es\/wp-content\/uploads\/2023\/10\/cropped-logo-3.png","width":245,"height":60,"caption":"merzouga camel trek"},"image":{"@id":"https:\/\/merzougacameltrek.com\/es\/#\/schema\/logo\/image\/"}}]}},"_links":{"self":[{"href":"https:\/\/merzougacameltrek.com\/es\/wp-json\/wp\/v2\/pages\/2764","targetHints":{"allow":["GET"]}}],"collection":[{"href":"https:\/\/merzougacameltrek.com\/es\/wp-json\/wp\/v2\/pages"}],"about":[{"href":"https:\/\/merzougacameltrek.com\/es\/wp-json\/wp\/v2\/types\/page"}],"author":[{"embeddable":true,"href":"https:\/\/merzougacameltrek.com\/es\/wp-json\/wp\/v2\/users\/1"}],"replies":[{"embeddable":true,"href":"https:\/\/merzougacameltrek.com\/es\/wp-json\/wp\/v2\/comments?post=2764"}],"version-history":[{"count":2,"href":"https:\/\/merzougacameltrek.com\/es\/wp-json\/wp\/v2\/pages\/2764\/revisions"}],"predecessor-version":[{"id":2767,"href":"https:\/\/merzougacameltrek.com\/es\/wp-json\/wp\/v2\/pages\/2764\/revisions\/2767"}],"wp:attachment":[{"href":"https:\/\/merzougacameltrek.com\/es\/wp-json\/wp\/v2\/media?parent=2764"}],"curies":[{"name":"wp","href":"https:\/\/api.w.org\/{rel}","templated":true}]}}