{"id":2772,"date":"2021-03-26T10:26:15","date_gmt":"2021-03-26T10:26:15","guid":{"rendered":"https:\/\/merzougacameltrek.com\/es\/?page_id=2772"},"modified":"2021-03-26T10:26:16","modified_gmt":"2021-03-26T10:26:16","slug":"excursion-desde-marrakech-a-essaouira","status":"publish","type":"page","link":"https:\/\/merzougacameltrek.com\/es\/excursion-desde-marrakech-a-essaouira\/","title":{"rendered":"Excursion desde marrakech a essaouira"},"content":{"rendered":"\n<figure class=\"wp-block-image size-large\"><img fetchpriority=\"high\" decoding=\"async\" width=\"1024\" height=\"645\" src=\"https:\/\/merzougacameltrek.com\/es\/wp-content\/uploads\/2021\/03\/1200px-Essaouira_Portuguese_Fortress_YAC_2017_-_2-1024x645.jpg\" alt=\"\" class=\"wp-image-2773\" srcset=\"https:\/\/merzougacameltrek.com\/es\/wp-content\/uploads\/2021\/03\/1200px-Essaouira_Portuguese_Fortress_YAC_2017_-_2-1024x645.jpg 1024w, https:\/\/merzougacameltrek.com\/es\/wp-content\/uploads\/2021\/03\/1200px-Essaouira_Portuguese_Fortress_YAC_2017_-_2-300x189.jpg 300w, https:\/\/merzougacameltrek.com\/es\/wp-content\/uploads\/2021\/03\/1200px-Essaouira_Portuguese_Fortress_YAC_2017_-_2-768x484.jpg 768w, https:\/\/merzougacameltrek.com\/es\/wp-content\/uploads\/2021\/03\/1200px-Essaouira_Portuguese_Fortress_YAC_2017_-_2.jpg 1200w\" sizes=\"(max-width: 1024px) 100vw, 1024px\" \/><\/figure>\n\n\n\n<p>nuestro viaje desde marrakech a essaouira empieza por la manana ,te encuentro en jamaa el  fena o vostro hotel y contunia nuestro tour y tienemos 3 horas del viajes y la autenticidad de una tierra perdida en el tiempo. Essaouira se ha convertido en una etapa imprescindible en el viaje a Marruecos. Al explorador aventuroso le va a fascinar la amabilidad hospitalaria de la gente de esta ciudad, que no es de extra\u00f1arse ya que viven desde hace siglos en la encrucijada de culturas, civilizaciones y religiones. La ciudad est\u00e1 muy conocida con sus f\u00e1bricas de la madera de Tuya, las cooperativas femeninas del aceite de Argan y de las alfombras. En nuestra\u00a0<strong>excursi\u00f3n a Essaouira<\/strong>\u00a0proponemos una parada en una cooperativa femenina para ver la demostraci\u00f3n de las mujeres locales prepar\u00e1ndo el aceite del Argan.En la llegada a la ciudad, puede usted hacer por libre una vuelta en la Medina de Essaouira, visitar el puerto, y despu\u00e9s disfrutar de un almuerzo de pescado fresco en la plancha en los restaurantes locales del puerto. Si lo desea podemos contratar un gu\u00eda local que le realizar\u00e1 un tour por la Ciudad.<\/p>\n\n\n\n<p><br><br><\/p>\n\n\n\n<p><span class=\"has-inline-color has-luminous-vivid-orange-color\">INCLUIDO EN EL VIAJE<\/span><\/p>\n\n\n\n<ul class=\"wp-block-list\"><li>Transporte<\/li><li>Ch\u00f3fer-acompa\u00f1ante de habla hispana.<\/li><li>Combustible.<\/li><li>Recogida y vuelta en hotel.<\/li><\/ul>\n\n\n\n<p><span class=\"has-inline-color has-luminous-vivid-orange-color\">NO INCLUIDO EN EL VIAJE<\/span><\/p>\n\n\n\n<ul class=\"wp-block-list\"><li>Comidas y bebidas<\/li><li>Gu\u00eda oficial de habla hispana (80 \u20ac por grupo)&nbsp;<\/li><\/ul>\n\n\n\n<p><\/p>\n\n\n\n<p><\/p>\n","protected":false},"excerpt":{"rendered":"<p>nuestro viaje desde marrakech a essaouira empieza por la manana ,te encuentro en jamaa el fena o vostro hotel y contunia nuestro tour y tienemos 3 horas del viajes y la autenticidad de una tierra perdida en el tiempo. Essaouira se ha convertido en una etapa imprescindible en el viaje a Marruecos. Al explorador aventuroso [&hellip;]<\/p>\n","protected":false},"author":1,"featured_media":0,"parent":0,"menu_order":0,"comment_status":"closed","ping_status":"closed","template":"","meta":{"footnotes":""},"class_list":["post-2772","page","type-page","status-publish","hentry"],"yoast_head":"<!-- This site is optimized with the Yoast SEO plugin v27.3 - https:\/\/yoast.com\/product\/yoast-seo-wordpress\/ -->\n<title>Excursi\u00f3n de un d\u00eda desde Marrakech a Essaouira,<\/title>\n<meta name=\"description\" content=\"Excursi\u00f3n de un d\u00eda desde Marrakech a Essaouira, a Essaouira desde Marrakech | Viajes Marrakech,Excursi\u00f3n Essaouira | Viaje desde Marrakech,\" \/>\n<meta name=\"robots\" content=\"index, follow, max-snippet:-1, max-image-preview:large, max-video-preview:-1\" \/>\n<link rel=\"canonical\" href=\"https:\/\/merzougacameltrek.com\/es\/excursion-desde-marrakech-a-essaouira\/\" \/>\n<meta property=\"og:locale\" content=\"fr_FR\" \/>\n<meta property=\"og:type\" content=\"article\" \/>\n<meta property=\"og:title\" content=\"Excursi\u00f3n de un d\u00eda desde Marrakech a Essaouira,\" \/>\n<meta property=\"og:description\" content=\"Excursi\u00f3n de un d\u00eda desde Marrakech a Essaouira, a Essaouira desde Marrakech | Viajes Marrakech,Excursi\u00f3n Essaouira | Viaje desde Marrakech,\" \/>\n<meta property=\"og:url\" content=\"https:\/\/merzougacameltrek.com\/es\/excursion-desde-marrakech-a-essaouira\/\" \/>\n<meta property=\"og:site_name\" content=\"merzouga camel trek\" \/>\n<meta property=\"article:modified_time\" content=\"2021-03-26T10:26:16+00:00\" \/>\n<meta property=\"og:image\" content=\"https:\/\/merzougacameltrek.com\/es\/wp-content\/uploads\/2021\/03\/1200px-Essaouira_Portuguese_Fortress_YAC_2017_-_2-1024x645.jpg\" \/>\n<meta name=\"twitter:card\" content=\"summary_large_image\" \/>\n<meta name=\"twitter:label1\" content=\"Dur\u00e9e de lecture estim\u00e9e\" \/>\n\t<meta name=\"twitter:data1\" content=\"2 minutes\" \/>\n<script type=\"application\/ld+json\" class=\"yoast-schema-graph\">{\"@context\":\"https:\\\/\\\/schema.org\",\"@graph\":[{\"@type\":\"WebPage\",\"@id\":\"https:\\\/\\\/merzougacameltrek.com\\\/es\\\/excursion-desde-marrakech-a-essaouira\\\/\",\"url\":\"https:\\\/\\\/merzougacameltrek.com\\\/es\\\/excursion-desde-marrakech-a-essaouira\\\/\",\"name\":\"Excursi\u00f3n de un d\u00eda desde Marrakech a Essaouira,\",\"isPartOf\":{\"@id\":\"https:\\\/\\\/merzougacameltrek.com\\\/es\\\/#website\"},\"primaryImageOfPage\":{\"@id\":\"https:\\\/\\\/merzougacameltrek.com\\\/es\\\/excursion-desde-marrakech-a-essaouira\\\/#primaryimage\"},\"image\":{\"@id\":\"https:\\\/\\\/merzougacameltrek.com\\\/es\\\/excursion-desde-marrakech-a-essaouira\\\/#primaryimage\"},\"thumbnailUrl\":\"https:\\\/\\\/merzougacameltrek.com\\\/es\\\/wp-content\\\/uploads\\\/2021\\\/03\\\/1200px-Essaouira_Portuguese_Fortress_YAC_2017_-_2-1024x645.jpg\",\"datePublished\":\"2021-03-26T10:26:15+00:00\",\"dateModified\":\"2021-03-26T10:26:16+00:00\",\"description\":\"Excursi\u00f3n de un d\u00eda desde Marrakech a Essaouira, a Essaouira desde Marrakech | Viajes Marrakech,Excursi\u00f3n Essaouira | Viaje desde Marrakech,\",\"inLanguage\":\"fr-FR\",\"potentialAction\":[{\"@type\":\"ReadAction\",\"target\":[\"https:\\\/\\\/merzougacameltrek.com\\\/es\\\/excursion-desde-marrakech-a-essaouira\\\/\"]}]},{\"@type\":\"ImageObject\",\"inLanguage\":\"fr-FR\",\"@id\":\"https:\\\/\\\/merzougacameltrek.com\\\/es\\\/excursion-desde-marrakech-a-essaouira\\\/#primaryimage\",\"url\":\"https:\\\/\\\/merzougacameltrek.com\\\/es\\\/wp-content\\\/uploads\\\/2021\\\/03\\\/1200px-Essaouira_Portuguese_Fortress_YAC_2017_-_2.jpg\",\"contentUrl\":\"https:\\\/\\\/merzougacameltrek.com\\\/es\\\/wp-content\\\/uploads\\\/2021\\\/03\\\/1200px-Essaouira_Portuguese_Fortress_YAC_2017_-_2.jpg\",\"width\":1200,\"height\":756},{\"@type\":\"WebSite\",\"@id\":\"https:\\\/\\\/merzougacameltrek.com\\\/es\\\/#website\",\"url\":\"https:\\\/\\\/merzougacameltrek.com\\\/es\\\/\",\"name\":\"merzouga camel trek\",\"description\":\"Visit Morocco NOW | Discover &amp; Book on Sahara Travel Tours\",\"publisher\":{\"@id\":\"https:\\\/\\\/merzougacameltrek.com\\\/es\\\/#organization\"},\"potentialAction\":[{\"@type\":\"SearchAction\",\"target\":{\"@type\":\"EntryPoint\",\"urlTemplate\":\"https:\\\/\\\/merzougacameltrek.com\\\/es\\\/?s={search_term_string}\"},\"query-input\":{\"@type\":\"PropertyValueSpecification\",\"valueRequired\":true,\"valueName\":\"search_term_string\"}}],\"inLanguage\":\"fr-FR\"},{\"@type\":\"Organization\",\"@id\":\"https:\\\/\\\/merzougacameltrek.com\\\/es\\\/#organization\",\"name\":\"merzouga camel trek\",\"url\":\"https:\\\/\\\/merzougacameltrek.com\\\/es\\\/\",\"logo\":{\"@type\":\"ImageObject\",\"inLanguage\":\"fr-FR\",\"@id\":\"https:\\\/\\\/merzougacameltrek.com\\\/es\\\/#\\\/schema\\\/logo\\\/image\\\/\",\"url\":\"https:\\\/\\\/merzougacameltrek.com\\\/es\\\/wp-content\\\/uploads\\\/2023\\\/10\\\/cropped-logo-3.png\",\"contentUrl\":\"https:\\\/\\\/merzougacameltrek.com\\\/es\\\/wp-content\\\/uploads\\\/2023\\\/10\\\/cropped-logo-3.png\",\"width\":245,\"height\":60,\"caption\":\"merzouga camel trek\"},\"image\":{\"@id\":\"https:\\\/\\\/merzougacameltrek.com\\\/es\\\/#\\\/schema\\\/logo\\\/image\\\/\"}}]}<\/script>\n<!-- \/ Yoast SEO plugin. -->","yoast_head_json":{"title":"Excursi\u00f3n de un d\u00eda desde Marrakech a Essaouira,","description":"Excursi\u00f3n de un d\u00eda desde Marrakech a Essaouira, a Essaouira desde Marrakech | Viajes Marrakech,Excursi\u00f3n Essaouira | Viaje desde Marrakech,","robots":{"index":"index","follow":"follow","max-snippet":"max-snippet:-1","max-image-preview":"max-image-preview:large","max-video-preview":"max-video-preview:-1"},"canonical":"https:\/\/merzougacameltrek.com\/es\/excursion-desde-marrakech-a-essaouira\/","og_locale":"fr_FR","og_type":"article","og_title":"Excursi\u00f3n de un d\u00eda desde Marrakech a Essaouira,","og_description":"Excursi\u00f3n de un d\u00eda desde Marrakech a Essaouira, a Essaouira desde Marrakech | Viajes Marrakech,Excursi\u00f3n Essaouira | Viaje desde Marrakech,","og_url":"https:\/\/merzougacameltrek.com\/es\/excursion-desde-marrakech-a-essaouira\/","og_site_name":"merzouga camel trek","article_modified_time":"2021-03-26T10:26:16+00:00","og_image":[{"url":"https:\/\/merzougacameltrek.com\/es\/wp-content\/uploads\/2021\/03\/1200px-Essaouira_Portuguese_Fortress_YAC_2017_-_2-1024x645.jpg","type":"","width":"","height":""}],"twitter_card":"summary_large_image","twitter_misc":{"Dur\u00e9e de lecture estim\u00e9e":"2 minutes"},"schema":{"@context":"https:\/\/schema.org","@graph":[{"@type":"WebPage","@id":"https:\/\/merzougacameltrek.com\/es\/excursion-desde-marrakech-a-essaouira\/","url":"https:\/\/merzougacameltrek.com\/es\/excursion-desde-marrakech-a-essaouira\/","name":"Excursi\u00f3n de un d\u00eda desde Marrakech a Essaouira,","isPartOf":{"@id":"https:\/\/merzougacameltrek.com\/es\/#website"},"primaryImageOfPage":{"@id":"https:\/\/merzougacameltrek.com\/es\/excursion-desde-marrakech-a-essaouira\/#primaryimage"},"image":{"@id":"https:\/\/merzougacameltrek.com\/es\/excursion-desde-marrakech-a-essaouira\/#primaryimage"},"thumbnailUrl":"https:\/\/merzougacameltrek.com\/es\/wp-content\/uploads\/2021\/03\/1200px-Essaouira_Portuguese_Fortress_YAC_2017_-_2-1024x645.jpg","datePublished":"2021-03-26T10:26:15+00:00","dateModified":"2021-03-26T10:26:16+00:00","description":"Excursi\u00f3n de un d\u00eda desde Marrakech a Essaouira, a Essaouira desde Marrakech | Viajes Marrakech,Excursi\u00f3n Essaouira | Viaje desde Marrakech,","inLanguage":"fr-FR","potentialAction":[{"@type":"ReadAction","target":["https:\/\/merzougacameltrek.com\/es\/excursion-desde-marrakech-a-essaouira\/"]}]},{"@type":"ImageObject","inLanguage":"fr-FR","@id":"https:\/\/merzougacameltrek.com\/es\/excursion-desde-marrakech-a-essaouira\/#primaryimage","url":"https:\/\/merzougacameltrek.com\/es\/wp-content\/uploads\/2021\/03\/1200px-Essaouira_Portuguese_Fortress_YAC_2017_-_2.jpg","contentUrl":"https:\/\/merzougacameltrek.com\/es\/wp-content\/uploads\/2021\/03\/1200px-Essaouira_Portuguese_Fortress_YAC_2017_-_2.jpg","width":1200,"height":756},{"@type":"WebSite","@id":"https:\/\/merzougacameltrek.com\/es\/#website","url":"https:\/\/merzougacameltrek.com\/es\/","name":"merzouga camel trek","description":"Visit Morocco NOW | Discover &amp; Book on Sahara Travel Tours","publisher":{"@id":"https:\/\/merzougacameltrek.com\/es\/#organization"},"potentialAction":[{"@type":"SearchAction","target":{"@type":"EntryPoint","urlTemplate":"https:\/\/merzougacameltrek.com\/es\/?s={search_term_string}"},"query-input":{"@type":"PropertyValueSpecification","valueRequired":true,"valueName":"search_term_string"}}],"inLanguage":"fr-FR"},{"@type":"Organization","@id":"https:\/\/merzougacameltrek.com\/es\/#organization","name":"merzouga camel trek","url":"https:\/\/merzougacameltrek.com\/es\/","logo":{"@type":"ImageObject","inLanguage":"fr-FR","@id":"https:\/\/merzougacameltrek.com\/es\/#\/schema\/logo\/image\/","url":"https:\/\/merzougacameltrek.com\/es\/wp-content\/uploads\/2023\/10\/cropped-logo-3.png","contentUrl":"https:\/\/merzougacameltrek.com\/es\/wp-content\/uploads\/2023\/10\/cropped-logo-3.png","width":245,"height":60,"caption":"merzouga camel trek"},"image":{"@id":"https:\/\/merzougacameltrek.com\/es\/#\/schema\/logo\/image\/"}}]}},"_links":{"self":[{"href":"https:\/\/merzougacameltrek.com\/es\/wp-json\/wp\/v2\/pages\/2772","targetHints":{"allow":["GET"]}}],"collection":[{"href":"https:\/\/merzougacameltrek.com\/es\/wp-json\/wp\/v2\/pages"}],"about":[{"href":"https:\/\/merzougacameltrek.com\/es\/wp-json\/wp\/v2\/types\/page"}],"author":[{"embeddable":true,"href":"https:\/\/merzougacameltrek.com\/es\/wp-json\/wp\/v2\/users\/1"}],"replies":[{"embeddable":true,"href":"https:\/\/merzougacameltrek.com\/es\/wp-json\/wp\/v2\/comments?post=2772"}],"version-history":[{"count":1,"href":"https:\/\/merzougacameltrek.com\/es\/wp-json\/wp\/v2\/pages\/2772\/revisions"}],"predecessor-version":[{"id":2774,"href":"https:\/\/merzougacameltrek.com\/es\/wp-json\/wp\/v2\/pages\/2772\/revisions\/2774"}],"wp:attachment":[{"href":"https:\/\/merzougacameltrek.com\/es\/wp-json\/wp\/v2\/media?parent=2772"}],"curies":[{"name":"wp","href":"https:\/\/api.w.org\/{rel}","templated":true}]}}