{"id":2775,"date":"2021-03-26T10:34:07","date_gmt":"2021-03-26T10:34:07","guid":{"rendered":"https:\/\/merzougacameltrek.com\/es\/?page_id=2775"},"modified":"2021-03-26T10:38:36","modified_gmt":"2021-03-26T10:38:36","slug":"excursion-desde-marrakech-ait-ben-haddou","status":"publish","type":"page","link":"https:\/\/merzougacameltrek.com\/es\/excursion-desde-marrakech-ait-ben-haddou\/","title":{"rendered":"Excursion desde marrakech ait ben haddou"},"content":{"rendered":"\n<figure class=\"wp-block-image size-large is-resized\"><img fetchpriority=\"high\" decoding=\"async\" src=\"https:\/\/merzougacameltrek.com\/es\/wp-content\/uploads\/2021\/03\/download.jpg\" alt=\"\" class=\"wp-image-2777\" width=\"506\" height=\"336\"\/><\/figure>\n\n\n\n<p>el tour desde marrakech a ouarzazate empieza por la manana y salimos desde marrakech y acrosamos el grande Atlas Tizi N tichka el paso de carretera m\u00e1s alto de \u00c1frica) donde admiraremos las cumbres de la cadena y los bonitos pueblos ber\u00e9beres con casas tradicionales de adobe. Llegaremos la Kasbah de Ait Benhaddou la m\u00e1s famosa de estas fortificaciones, es un castillo de arena ribeteado por almendros en flor, reconocido por su extraordinaria belleza incluso por la UNESCO, que la ubicado\u00a0dentro de las construcciones que son patrimonio de la humanidad.Ait Ben Haddou (el mejor conservado en Marruecos); visitaremos y descubriremos el encanto de sus impresionantes Kasbahs.Carretera de Ouarzazate Este patrimonio mundial sirvi\u00f3 de decorado natural para varias pel\u00edculas: Lawrence de Arabia, la Momia, Gladiator\u2026<br>Luego, continuaremos hacia Ouarzazate para almorzar frente a la famosa Kasbah de Taourirt.Visita de la kasbah y regreso a Marrakech. La excursi\u00f3n desde Marrakech a Ouarzazate se empieza lo m\u00e1s temprano posible (es recomendable) para aprovechar bien del d\u00eda<\/p>\n\n\n\n<h5 class=\"wp-block-heading\"><span class=\"has-inline-color has-luminous-vivid-orange-color\">Incluye<\/span><\/h5>\n\n\n\n<ul class=\"wp-block-list\"><li>Recogeremos de tu hotel en Marrakech<\/li><li>Transporte en veh\u00edculo 4\u00d74 (minib\u00fas)<\/li><li>Conductor-Gu\u00eda<\/li><\/ul>\n\n\n\n<h5 class=\"wp-block-heading\"><strong><span class=\"has-inline-color has-luminous-vivid-orange-color\">No incluido en la reserva de la excursi\u00f3n:<\/span><\/strong><\/h5>\n\n\n\n<ul class=\"wp-block-list\"><li>Comidas del mediod\u00eda.<\/li><li>Entradas a los monumentos.<\/li><li>Bebidas<\/li><\/ul>\n","protected":false},"excerpt":{"rendered":"<p>el tour desde marrakech a ouarzazate empieza por la manana y salimos desde marrakech y acrosamos el grande Atlas Tizi N tichka el paso de carretera m\u00e1s alto de \u00c1frica) donde admiraremos las cumbres de la cadena y los bonitos pueblos ber\u00e9beres con casas tradicionales de adobe. Llegaremos la Kasbah de Ait Benhaddou la m\u00e1s [&hellip;]<\/p>\n","protected":false},"author":1,"featured_media":0,"parent":0,"menu_order":0,"comment_status":"closed","ping_status":"closed","template":"","meta":{"footnotes":""},"class_list":["post-2775","page","type-page","status-publish","hentry"],"yoast_head":"<!-- This site is optimized with the Yoast SEO plugin v27.3 - https:\/\/yoast.com\/product\/yoast-seo-wordpress\/ -->\n<title>excursion desde marrakech a ait ben haddou ,excursion a ouarzazate<\/title>\n<meta name=\"description\" content=\"excursion desde marrakech a ait ben haddou ,excursion a ouarzazate desde marrakech ,Excursi\u00f3n a Ouarzazate y A\u00eft Ben Haddou desde Marrakech,\" \/>\n<meta name=\"robots\" content=\"index, follow, max-snippet:-1, max-image-preview:large, max-video-preview:-1\" \/>\n<link rel=\"canonical\" href=\"https:\/\/merzougacameltrek.com\/es\/excursion-desde-marrakech-ait-ben-haddou\/\" \/>\n<meta property=\"og:locale\" content=\"fr_FR\" \/>\n<meta property=\"og:type\" content=\"article\" \/>\n<meta property=\"og:title\" content=\"excursion desde marrakech a ait ben haddou ,excursion a ouarzazate\" \/>\n<meta property=\"og:description\" content=\"excursion desde marrakech a ait ben haddou ,excursion a ouarzazate desde marrakech ,Excursi\u00f3n a Ouarzazate y A\u00eft Ben Haddou desde Marrakech,\" \/>\n<meta property=\"og:url\" content=\"https:\/\/merzougacameltrek.com\/es\/excursion-desde-marrakech-ait-ben-haddou\/\" \/>\n<meta property=\"og:site_name\" content=\"merzouga camel trek\" \/>\n<meta property=\"article:modified_time\" content=\"2021-03-26T10:38:36+00:00\" \/>\n<meta property=\"og:image\" content=\"https:\/\/merzougacameltrek.com\/es\/wp-content\/uploads\/2021\/03\/download.jpg\" \/>\n<meta name=\"twitter:card\" content=\"summary_large_image\" \/>\n<meta name=\"twitter:label1\" content=\"Dur\u00e9e de lecture estim\u00e9e\" \/>\n\t<meta name=\"twitter:data1\" content=\"2 minutes\" \/>\n<script type=\"application\/ld+json\" class=\"yoast-schema-graph\">{\"@context\":\"https:\\\/\\\/schema.org\",\"@graph\":[{\"@type\":\"WebPage\",\"@id\":\"https:\\\/\\\/merzougacameltrek.com\\\/es\\\/excursion-desde-marrakech-ait-ben-haddou\\\/\",\"url\":\"https:\\\/\\\/merzougacameltrek.com\\\/es\\\/excursion-desde-marrakech-ait-ben-haddou\\\/\",\"name\":\"excursion desde marrakech a ait ben haddou ,excursion a ouarzazate\",\"isPartOf\":{\"@id\":\"https:\\\/\\\/merzougacameltrek.com\\\/es\\\/#website\"},\"primaryImageOfPage\":{\"@id\":\"https:\\\/\\\/merzougacameltrek.com\\\/es\\\/excursion-desde-marrakech-ait-ben-haddou\\\/#primaryimage\"},\"image\":{\"@id\":\"https:\\\/\\\/merzougacameltrek.com\\\/es\\\/excursion-desde-marrakech-ait-ben-haddou\\\/#primaryimage\"},\"thumbnailUrl\":\"https:\\\/\\\/merzougacameltrek.com\\\/es\\\/wp-content\\\/uploads\\\/2021\\\/03\\\/download.jpg\",\"datePublished\":\"2021-03-26T10:34:07+00:00\",\"dateModified\":\"2021-03-26T10:38:36+00:00\",\"description\":\"excursion desde marrakech a ait ben haddou ,excursion a ouarzazate desde marrakech ,Excursi\u00f3n a Ouarzazate y A\u00eft Ben Haddou desde Marrakech,\",\"inLanguage\":\"fr-FR\",\"potentialAction\":[{\"@type\":\"ReadAction\",\"target\":[\"https:\\\/\\\/merzougacameltrek.com\\\/es\\\/excursion-desde-marrakech-ait-ben-haddou\\\/\"]}]},{\"@type\":\"ImageObject\",\"inLanguage\":\"fr-FR\",\"@id\":\"https:\\\/\\\/merzougacameltrek.com\\\/es\\\/excursion-desde-marrakech-ait-ben-haddou\\\/#primaryimage\",\"url\":\"https:\\\/\\\/merzougacameltrek.com\\\/es\\\/wp-content\\\/uploads\\\/2021\\\/03\\\/download.jpg\",\"contentUrl\":\"https:\\\/\\\/merzougacameltrek.com\\\/es\\\/wp-content\\\/uploads\\\/2021\\\/03\\\/download.jpg\",\"width\":275,\"height\":183},{\"@type\":\"WebSite\",\"@id\":\"https:\\\/\\\/merzougacameltrek.com\\\/es\\\/#website\",\"url\":\"https:\\\/\\\/merzougacameltrek.com\\\/es\\\/\",\"name\":\"merzouga camel trek\",\"description\":\"Visit Morocco NOW | Discover &amp; Book on Sahara Travel Tours\",\"publisher\":{\"@id\":\"https:\\\/\\\/merzougacameltrek.com\\\/es\\\/#organization\"},\"potentialAction\":[{\"@type\":\"SearchAction\",\"target\":{\"@type\":\"EntryPoint\",\"urlTemplate\":\"https:\\\/\\\/merzougacameltrek.com\\\/es\\\/?s={search_term_string}\"},\"query-input\":{\"@type\":\"PropertyValueSpecification\",\"valueRequired\":true,\"valueName\":\"search_term_string\"}}],\"inLanguage\":\"fr-FR\"},{\"@type\":\"Organization\",\"@id\":\"https:\\\/\\\/merzougacameltrek.com\\\/es\\\/#organization\",\"name\":\"merzouga camel trek\",\"url\":\"https:\\\/\\\/merzougacameltrek.com\\\/es\\\/\",\"logo\":{\"@type\":\"ImageObject\",\"inLanguage\":\"fr-FR\",\"@id\":\"https:\\\/\\\/merzougacameltrek.com\\\/es\\\/#\\\/schema\\\/logo\\\/image\\\/\",\"url\":\"https:\\\/\\\/merzougacameltrek.com\\\/es\\\/wp-content\\\/uploads\\\/2023\\\/10\\\/cropped-logo-3.png\",\"contentUrl\":\"https:\\\/\\\/merzougacameltrek.com\\\/es\\\/wp-content\\\/uploads\\\/2023\\\/10\\\/cropped-logo-3.png\",\"width\":245,\"height\":60,\"caption\":\"merzouga camel trek\"},\"image\":{\"@id\":\"https:\\\/\\\/merzougacameltrek.com\\\/es\\\/#\\\/schema\\\/logo\\\/image\\\/\"}}]}<\/script>\n<!-- \/ Yoast SEO plugin. -->","yoast_head_json":{"title":"excursion desde marrakech a ait ben haddou ,excursion a ouarzazate","description":"excursion desde marrakech a ait ben haddou ,excursion a ouarzazate desde marrakech ,Excursi\u00f3n a Ouarzazate y A\u00eft Ben Haddou desde Marrakech,","robots":{"index":"index","follow":"follow","max-snippet":"max-snippet:-1","max-image-preview":"max-image-preview:large","max-video-preview":"max-video-preview:-1"},"canonical":"https:\/\/merzougacameltrek.com\/es\/excursion-desde-marrakech-ait-ben-haddou\/","og_locale":"fr_FR","og_type":"article","og_title":"excursion desde marrakech a ait ben haddou ,excursion a ouarzazate","og_description":"excursion desde marrakech a ait ben haddou ,excursion a ouarzazate desde marrakech ,Excursi\u00f3n a Ouarzazate y A\u00eft Ben Haddou desde Marrakech,","og_url":"https:\/\/merzougacameltrek.com\/es\/excursion-desde-marrakech-ait-ben-haddou\/","og_site_name":"merzouga camel trek","article_modified_time":"2021-03-26T10:38:36+00:00","og_image":[{"url":"https:\/\/merzougacameltrek.com\/es\/wp-content\/uploads\/2021\/03\/download.jpg","type":"","width":"","height":""}],"twitter_card":"summary_large_image","twitter_misc":{"Dur\u00e9e de lecture estim\u00e9e":"2 minutes"},"schema":{"@context":"https:\/\/schema.org","@graph":[{"@type":"WebPage","@id":"https:\/\/merzougacameltrek.com\/es\/excursion-desde-marrakech-ait-ben-haddou\/","url":"https:\/\/merzougacameltrek.com\/es\/excursion-desde-marrakech-ait-ben-haddou\/","name":"excursion desde marrakech a ait ben haddou ,excursion a ouarzazate","isPartOf":{"@id":"https:\/\/merzougacameltrek.com\/es\/#website"},"primaryImageOfPage":{"@id":"https:\/\/merzougacameltrek.com\/es\/excursion-desde-marrakech-ait-ben-haddou\/#primaryimage"},"image":{"@id":"https:\/\/merzougacameltrek.com\/es\/excursion-desde-marrakech-ait-ben-haddou\/#primaryimage"},"thumbnailUrl":"https:\/\/merzougacameltrek.com\/es\/wp-content\/uploads\/2021\/03\/download.jpg","datePublished":"2021-03-26T10:34:07+00:00","dateModified":"2021-03-26T10:38:36+00:00","description":"excursion desde marrakech a ait ben haddou ,excursion a ouarzazate desde marrakech ,Excursi\u00f3n a Ouarzazate y A\u00eft Ben Haddou desde Marrakech,","inLanguage":"fr-FR","potentialAction":[{"@type":"ReadAction","target":["https:\/\/merzougacameltrek.com\/es\/excursion-desde-marrakech-ait-ben-haddou\/"]}]},{"@type":"ImageObject","inLanguage":"fr-FR","@id":"https:\/\/merzougacameltrek.com\/es\/excursion-desde-marrakech-ait-ben-haddou\/#primaryimage","url":"https:\/\/merzougacameltrek.com\/es\/wp-content\/uploads\/2021\/03\/download.jpg","contentUrl":"https:\/\/merzougacameltrek.com\/es\/wp-content\/uploads\/2021\/03\/download.jpg","width":275,"height":183},{"@type":"WebSite","@id":"https:\/\/merzougacameltrek.com\/es\/#website","url":"https:\/\/merzougacameltrek.com\/es\/","name":"merzouga camel trek","description":"Visit Morocco NOW | Discover &amp; Book on Sahara Travel Tours","publisher":{"@id":"https:\/\/merzougacameltrek.com\/es\/#organization"},"potentialAction":[{"@type":"SearchAction","target":{"@type":"EntryPoint","urlTemplate":"https:\/\/merzougacameltrek.com\/es\/?s={search_term_string}"},"query-input":{"@type":"PropertyValueSpecification","valueRequired":true,"valueName":"search_term_string"}}],"inLanguage":"fr-FR"},{"@type":"Organization","@id":"https:\/\/merzougacameltrek.com\/es\/#organization","name":"merzouga camel trek","url":"https:\/\/merzougacameltrek.com\/es\/","logo":{"@type":"ImageObject","inLanguage":"fr-FR","@id":"https:\/\/merzougacameltrek.com\/es\/#\/schema\/logo\/image\/","url":"https:\/\/merzougacameltrek.com\/es\/wp-content\/uploads\/2023\/10\/cropped-logo-3.png","contentUrl":"https:\/\/merzougacameltrek.com\/es\/wp-content\/uploads\/2023\/10\/cropped-logo-3.png","width":245,"height":60,"caption":"merzouga camel trek"},"image":{"@id":"https:\/\/merzougacameltrek.com\/es\/#\/schema\/logo\/image\/"}}]}},"_links":{"self":[{"href":"https:\/\/merzougacameltrek.com\/es\/wp-json\/wp\/v2\/pages\/2775","targetHints":{"allow":["GET"]}}],"collection":[{"href":"https:\/\/merzougacameltrek.com\/es\/wp-json\/wp\/v2\/pages"}],"about":[{"href":"https:\/\/merzougacameltrek.com\/es\/wp-json\/wp\/v2\/types\/page"}],"author":[{"embeddable":true,"href":"https:\/\/merzougacameltrek.com\/es\/wp-json\/wp\/v2\/users\/1"}],"replies":[{"embeddable":true,"href":"https:\/\/merzougacameltrek.com\/es\/wp-json\/wp\/v2\/comments?post=2775"}],"version-history":[{"count":1,"href":"https:\/\/merzougacameltrek.com\/es\/wp-json\/wp\/v2\/pages\/2775\/revisions"}],"predecessor-version":[{"id":2778,"href":"https:\/\/merzougacameltrek.com\/es\/wp-json\/wp\/v2\/pages\/2775\/revisions\/2778"}],"wp:attachment":[{"href":"https:\/\/merzougacameltrek.com\/es\/wp-json\/wp\/v2\/media?parent=2775"}],"curies":[{"name":"wp","href":"https:\/\/api.w.org\/{rel}","templated":true}]}}