{"id":2779,"date":"2021-03-26T10:49:38","date_gmt":"2021-03-26T10:49:38","guid":{"rendered":"https:\/\/merzougacameltrek.com\/es\/?page_id=2779"},"modified":"2021-03-26T10:49:40","modified_gmt":"2021-03-26T10:49:40","slug":"excursion-a-ourika-valle-desde-marrakech","status":"publish","type":"page","link":"https:\/\/merzougacameltrek.com\/es\/excursion-a-ourika-valle-desde-marrakech\/","title":{"rendered":"excursion a ourika valle desde marrakech"},"content":{"rendered":"\n<figure class=\"wp-block-gallery columns-1 is-cropped wp-block-gallery-1 is-layout-flex wp-block-gallery-is-layout-flex\"><ul class=\"blocks-gallery-grid\"><li class=\"blocks-gallery-item\"><figure><img fetchpriority=\"high\" decoding=\"async\" width=\"700\" height=\"377\" src=\"https:\/\/merzougacameltrek.com\/es\/wp-content\/uploads\/2021\/03\/2-1527097943-1.jpg\" alt=\"\" data-id=\"2780\" data-full-url=\"https:\/\/merzougacameltrek.com\/es\/wp-content\/uploads\/2021\/03\/2-1527097943-1.jpg\" data-link=\"https:\/\/merzougacameltrek.com\/es\/?attachment_id=2780\" class=\"wp-image-2780\" srcset=\"https:\/\/merzougacameltrek.com\/es\/wp-content\/uploads\/2021\/03\/2-1527097943-1.jpg 700w, https:\/\/merzougacameltrek.com\/es\/wp-content\/uploads\/2021\/03\/2-1527097943-1-300x162.jpg 300w\" sizes=\"(max-width: 700px) 100vw, 700px\" \/><\/figure><\/li><\/ul><\/figure>\n\n\n\n<p>nuestro tou desde marrakech a ourika valle empieza por la manana y viajamos y tienemos 2 horas y salimos a  las 9 de la ma\u00f1ana y dirigirnos al sur para disfrutar de la belleza y el esplendor del Valle de Ourika. Normalmente la duraci\u00f3n del viaje hasta Setti Fatma es de una hora y media, pero hay tantas otras cosas que ver a lo largo del camino que realizaremos paradas a intervalos regulares para disfrutar de las vistas y sonidos del hermoso Valle de Ourika. Conforme nos dirigimos desde Marrakech a las cascadas del Valle de Ourika podr\u00e1 observar exuberantes y verdes laderas, poblados bereberes y onduladas colinas. Aqu\u00ed hay r\u00edos que serpentean a trav\u00e9s del valle y tendr\u00e1 oportunidades ilimitadas para hacer fotograf\u00edas del paisaje con su c\u00e1mara.  Haremos una parada en algunos de estos poblados bereberes t\u00edpicos para que pueda sumergirse en la vida diaria de los locales. Conforme continuemos nuestro viaje a trav\u00e9s del valle, empezaremos a aproximarnos a los pasos m\u00e1s monta\u00f1osos de la cordillera del Atlas en direcci\u00f3n a Setti Fatma. Hay numerosas cascadas peque\u00f1as (y algunas m\u00e1s grandes) a lo largo de la ruta y no todas ellas est\u00e1n repletas de turistas. Le recomendamos que se lleve botas de monta\u00f1a puesto que realizaremos un corto recorrido a trav\u00e9s de algunas de las Cascadas de Setti Fatma. Tambi\u00e9n deber\u00eda traer un ba\u00f1ador y protecci\u00f3n solar puesto que tendremos la oportunidad de ba\u00f1arnos en algunas de las peque\u00f1as pozas que se forman a los pies de las cascadas. As\u00ed mismo es una buena idea traer un cambio de ropa puesto que nos acercaremos a las cascadas y puede que el agua le salpique. Y no olvide traer algo de ropa de abrigo puesto que la parte final de nuestro viaje termina en el pueblo de Sti Fadma donde puede hacer algo de fr\u00edo incluso en verano.  En este viaje deber\u00eda traer algo de comer consigo, aunque hay muchos caf\u00e9s y restaurantes en algunos de los poblados bereberes. En cualquier caso, lo m\u00e1s importante que tiene que llevar es su c\u00e1mara, y es que esta experiencia no puede sino ser capturada para el recuerdo.  La caminata a las cascadas de Setti Fatma atraviesa el valle, despu\u00e9s de la que regresaremos a Marrakech por el mismo camino por el que vinimos. Llegaremos a la ciudad hacia las 5 de la tarde.<\/p>\n\n\n\n<h2 class=\"wp-block-heading\"><strong><span class=\"has-inline-color has-luminous-vivid-orange-color\">Incluir<\/span><\/strong>:<\/h2>\n\n\n\n<h5 class=\"wp-block-heading\"><em>&nbsp;Transporte en confortable veh\u00edculo de aire acondicionado.<\/em><\/h5>\n\n\n\n<h5 class=\"wp-block-heading\"><em>&nbsp;Conductor profesional \/ gu\u00eda hablando tu idioma<\/em><\/h5>\n\n\n\n<h5 class=\"wp-block-heading\"><em>&nbsp;Alojamiento en hoteles \/ riads.<\/em><\/h5>\n\n\n\n<h2 class=\"wp-block-heading\"><strong><span class=\"has-inline-color has-luminous-vivid-orange-color\">No incluido:<\/span><\/strong><\/h2>\n\n\n\n<h5 class=\"wp-block-heading\"><em>&nbsp;Almuerzos y bebidas<\/em><\/h5>\n\n\n\n<h5 class=\"wp-block-heading\"><em>&nbsp;Billetes de avi\u00f3n desde y hacia Marruecos<\/em><\/h5>\n\n\n\n<h5 class=\"wp-block-heading\"><em>&nbsp;Seguro de viaje<\/em><\/h5>\n\n\n\n<h5 class=\"wp-block-heading\"><em>&nbsp;Lo que no est\u00e1 incluido en el programa<\/em><\/h5>\n","protected":false},"excerpt":{"rendered":"<p>nuestro tou desde marrakech a ourika valle empieza por la manana y viajamos y tienemos 2 horas y salimos a las 9 de la ma\u00f1ana y dirigirnos al sur para disfrutar de la belleza y el esplendor del Valle de Ourika. Normalmente la duraci\u00f3n del viaje hasta Setti Fatma es de una hora y media, [&hellip;]<\/p>\n","protected":false},"author":1,"featured_media":0,"parent":0,"menu_order":0,"comment_status":"closed","ping_status":"closed","template":"","meta":{"footnotes":""},"class_list":["post-2779","page","type-page","status-publish","hentry"],"yoast_head":"<!-- This site is optimized with the Yoast SEO plugin v27.3 - https:\/\/yoast.com\/product\/yoast-seo-wordpress\/ -->\n<title>Excursi\u00f3n de 1 d\u00eda desde Marrakech al valle de Ourika,<\/title>\n<meta name=\"description\" content=\"Excursi\u00f3n de 1 d\u00eda desde Marrakech al valle de Ourika,Excursi\u00f3n desde Marrakech al valle de Ourika,Excursi\u00f3n desde marrakech a ourika valle,\" \/>\n<meta name=\"robots\" content=\"index, follow, max-snippet:-1, max-image-preview:large, max-video-preview:-1\" \/>\n<link rel=\"canonical\" href=\"https:\/\/merzougacameltrek.com\/es\/excursion-a-ourika-valle-desde-marrakech\/\" \/>\n<meta property=\"og:locale\" content=\"fr_FR\" \/>\n<meta property=\"og:type\" content=\"article\" \/>\n<meta property=\"og:title\" content=\"Excursi\u00f3n de 1 d\u00eda desde Marrakech al valle de Ourika,\" \/>\n<meta property=\"og:description\" content=\"Excursi\u00f3n de 1 d\u00eda desde Marrakech al valle de Ourika,Excursi\u00f3n desde Marrakech al valle de Ourika,Excursi\u00f3n desde marrakech a ourika valle,\" \/>\n<meta property=\"og:url\" content=\"https:\/\/merzougacameltrek.com\/es\/excursion-a-ourika-valle-desde-marrakech\/\" \/>\n<meta property=\"og:site_name\" content=\"merzouga camel trek\" \/>\n<meta property=\"article:modified_time\" content=\"2021-03-26T10:49:40+00:00\" \/>\n<meta property=\"og:image\" content=\"https:\/\/merzougacameltrek.com\/es\/wp-content\/uploads\/2021\/03\/2-1527097943-1.jpg\" \/>\n<meta name=\"twitter:card\" content=\"summary_large_image\" \/>\n<meta name=\"twitter:label1\" content=\"Dur\u00e9e de lecture estim\u00e9e\" \/>\n\t<meta name=\"twitter:data1\" content=\"3 minutes\" \/>\n<script type=\"application\/ld+json\" class=\"yoast-schema-graph\">{\"@context\":\"https:\\\/\\\/schema.org\",\"@graph\":[{\"@type\":\"WebPage\",\"@id\":\"https:\\\/\\\/merzougacameltrek.com\\\/es\\\/excursion-a-ourika-valle-desde-marrakech\\\/\",\"url\":\"https:\\\/\\\/merzougacameltrek.com\\\/es\\\/excursion-a-ourika-valle-desde-marrakech\\\/\",\"name\":\"Excursi\u00f3n de 1 d\u00eda desde Marrakech al valle de Ourika,\",\"isPartOf\":{\"@id\":\"https:\\\/\\\/merzougacameltrek.com\\\/es\\\/#website\"},\"primaryImageOfPage\":{\"@id\":\"https:\\\/\\\/merzougacameltrek.com\\\/es\\\/excursion-a-ourika-valle-desde-marrakech\\\/#primaryimage\"},\"image\":{\"@id\":\"https:\\\/\\\/merzougacameltrek.com\\\/es\\\/excursion-a-ourika-valle-desde-marrakech\\\/#primaryimage\"},\"thumbnailUrl\":\"https:\\\/\\\/merzougacameltrek.com\\\/es\\\/wp-content\\\/uploads\\\/2021\\\/03\\\/2-1527097943-1.jpg\",\"datePublished\":\"2021-03-26T10:49:38+00:00\",\"dateModified\":\"2021-03-26T10:49:40+00:00\",\"description\":\"Excursi\u00f3n de 1 d\u00eda desde Marrakech al valle de Ourika,Excursi\u00f3n desde Marrakech al valle de Ourika,Excursi\u00f3n desde marrakech a ourika valle,\",\"inLanguage\":\"fr-FR\",\"potentialAction\":[{\"@type\":\"ReadAction\",\"target\":[\"https:\\\/\\\/merzougacameltrek.com\\\/es\\\/excursion-a-ourika-valle-desde-marrakech\\\/\"]}]},{\"@type\":\"ImageObject\",\"inLanguage\":\"fr-FR\",\"@id\":\"https:\\\/\\\/merzougacameltrek.com\\\/es\\\/excursion-a-ourika-valle-desde-marrakech\\\/#primaryimage\",\"url\":\"https:\\\/\\\/merzougacameltrek.com\\\/es\\\/wp-content\\\/uploads\\\/2021\\\/03\\\/2-1527097943-1.jpg\",\"contentUrl\":\"https:\\\/\\\/merzougacameltrek.com\\\/es\\\/wp-content\\\/uploads\\\/2021\\\/03\\\/2-1527097943-1.jpg\",\"width\":700,\"height\":377},{\"@type\":\"WebSite\",\"@id\":\"https:\\\/\\\/merzougacameltrek.com\\\/es\\\/#website\",\"url\":\"https:\\\/\\\/merzougacameltrek.com\\\/es\\\/\",\"name\":\"merzouga camel trek\",\"description\":\"Visit Morocco NOW | Discover &amp; Book on Sahara Travel Tours\",\"publisher\":{\"@id\":\"https:\\\/\\\/merzougacameltrek.com\\\/es\\\/#organization\"},\"potentialAction\":[{\"@type\":\"SearchAction\",\"target\":{\"@type\":\"EntryPoint\",\"urlTemplate\":\"https:\\\/\\\/merzougacameltrek.com\\\/es\\\/?s={search_term_string}\"},\"query-input\":{\"@type\":\"PropertyValueSpecification\",\"valueRequired\":true,\"valueName\":\"search_term_string\"}}],\"inLanguage\":\"fr-FR\"},{\"@type\":\"Organization\",\"@id\":\"https:\\\/\\\/merzougacameltrek.com\\\/es\\\/#organization\",\"name\":\"merzouga camel trek\",\"url\":\"https:\\\/\\\/merzougacameltrek.com\\\/es\\\/\",\"logo\":{\"@type\":\"ImageObject\",\"inLanguage\":\"fr-FR\",\"@id\":\"https:\\\/\\\/merzougacameltrek.com\\\/es\\\/#\\\/schema\\\/logo\\\/image\\\/\",\"url\":\"https:\\\/\\\/merzougacameltrek.com\\\/es\\\/wp-content\\\/uploads\\\/2023\\\/10\\\/cropped-logo-3.png\",\"contentUrl\":\"https:\\\/\\\/merzougacameltrek.com\\\/es\\\/wp-content\\\/uploads\\\/2023\\\/10\\\/cropped-logo-3.png\",\"width\":245,\"height\":60,\"caption\":\"merzouga camel trek\"},\"image\":{\"@id\":\"https:\\\/\\\/merzougacameltrek.com\\\/es\\\/#\\\/schema\\\/logo\\\/image\\\/\"}}]}<\/script>\n<!-- \/ Yoast SEO plugin. -->","yoast_head_json":{"title":"Excursi\u00f3n de 1 d\u00eda desde Marrakech al valle de Ourika,","description":"Excursi\u00f3n de 1 d\u00eda desde Marrakech al valle de Ourika,Excursi\u00f3n desde Marrakech al valle de Ourika,Excursi\u00f3n desde marrakech a ourika valle,","robots":{"index":"index","follow":"follow","max-snippet":"max-snippet:-1","max-image-preview":"max-image-preview:large","max-video-preview":"max-video-preview:-1"},"canonical":"https:\/\/merzougacameltrek.com\/es\/excursion-a-ourika-valle-desde-marrakech\/","og_locale":"fr_FR","og_type":"article","og_title":"Excursi\u00f3n de 1 d\u00eda desde Marrakech al valle de Ourika,","og_description":"Excursi\u00f3n de 1 d\u00eda desde Marrakech al valle de Ourika,Excursi\u00f3n desde Marrakech al valle de Ourika,Excursi\u00f3n desde marrakech a ourika valle,","og_url":"https:\/\/merzougacameltrek.com\/es\/excursion-a-ourika-valle-desde-marrakech\/","og_site_name":"merzouga camel trek","article_modified_time":"2021-03-26T10:49:40+00:00","og_image":[{"url":"https:\/\/merzougacameltrek.com\/es\/wp-content\/uploads\/2021\/03\/2-1527097943-1.jpg","type":"","width":"","height":""}],"twitter_card":"summary_large_image","twitter_misc":{"Dur\u00e9e de lecture estim\u00e9e":"3 minutes"},"schema":{"@context":"https:\/\/schema.org","@graph":[{"@type":"WebPage","@id":"https:\/\/merzougacameltrek.com\/es\/excursion-a-ourika-valle-desde-marrakech\/","url":"https:\/\/merzougacameltrek.com\/es\/excursion-a-ourika-valle-desde-marrakech\/","name":"Excursi\u00f3n de 1 d\u00eda desde Marrakech al valle de Ourika,","isPartOf":{"@id":"https:\/\/merzougacameltrek.com\/es\/#website"},"primaryImageOfPage":{"@id":"https:\/\/merzougacameltrek.com\/es\/excursion-a-ourika-valle-desde-marrakech\/#primaryimage"},"image":{"@id":"https:\/\/merzougacameltrek.com\/es\/excursion-a-ourika-valle-desde-marrakech\/#primaryimage"},"thumbnailUrl":"https:\/\/merzougacameltrek.com\/es\/wp-content\/uploads\/2021\/03\/2-1527097943-1.jpg","datePublished":"2021-03-26T10:49:38+00:00","dateModified":"2021-03-26T10:49:40+00:00","description":"Excursi\u00f3n de 1 d\u00eda desde Marrakech al valle de Ourika,Excursi\u00f3n desde Marrakech al valle de Ourika,Excursi\u00f3n desde marrakech a ourika valle,","inLanguage":"fr-FR","potentialAction":[{"@type":"ReadAction","target":["https:\/\/merzougacameltrek.com\/es\/excursion-a-ourika-valle-desde-marrakech\/"]}]},{"@type":"ImageObject","inLanguage":"fr-FR","@id":"https:\/\/merzougacameltrek.com\/es\/excursion-a-ourika-valle-desde-marrakech\/#primaryimage","url":"https:\/\/merzougacameltrek.com\/es\/wp-content\/uploads\/2021\/03\/2-1527097943-1.jpg","contentUrl":"https:\/\/merzougacameltrek.com\/es\/wp-content\/uploads\/2021\/03\/2-1527097943-1.jpg","width":700,"height":377},{"@type":"WebSite","@id":"https:\/\/merzougacameltrek.com\/es\/#website","url":"https:\/\/merzougacameltrek.com\/es\/","name":"merzouga camel trek","description":"Visit Morocco NOW | Discover &amp; Book on Sahara Travel Tours","publisher":{"@id":"https:\/\/merzougacameltrek.com\/es\/#organization"},"potentialAction":[{"@type":"SearchAction","target":{"@type":"EntryPoint","urlTemplate":"https:\/\/merzougacameltrek.com\/es\/?s={search_term_string}"},"query-input":{"@type":"PropertyValueSpecification","valueRequired":true,"valueName":"search_term_string"}}],"inLanguage":"fr-FR"},{"@type":"Organization","@id":"https:\/\/merzougacameltrek.com\/es\/#organization","name":"merzouga camel trek","url":"https:\/\/merzougacameltrek.com\/es\/","logo":{"@type":"ImageObject","inLanguage":"fr-FR","@id":"https:\/\/merzougacameltrek.com\/es\/#\/schema\/logo\/image\/","url":"https:\/\/merzougacameltrek.com\/es\/wp-content\/uploads\/2023\/10\/cropped-logo-3.png","contentUrl":"https:\/\/merzougacameltrek.com\/es\/wp-content\/uploads\/2023\/10\/cropped-logo-3.png","width":245,"height":60,"caption":"merzouga camel trek"},"image":{"@id":"https:\/\/merzougacameltrek.com\/es\/#\/schema\/logo\/image\/"}}]}},"_links":{"self":[{"href":"https:\/\/merzougacameltrek.com\/es\/wp-json\/wp\/v2\/pages\/2779","targetHints":{"allow":["GET"]}}],"collection":[{"href":"https:\/\/merzougacameltrek.com\/es\/wp-json\/wp\/v2\/pages"}],"about":[{"href":"https:\/\/merzougacameltrek.com\/es\/wp-json\/wp\/v2\/types\/page"}],"author":[{"embeddable":true,"href":"https:\/\/merzougacameltrek.com\/es\/wp-json\/wp\/v2\/users\/1"}],"replies":[{"embeddable":true,"href":"https:\/\/merzougacameltrek.com\/es\/wp-json\/wp\/v2\/comments?post=2779"}],"version-history":[{"count":1,"href":"https:\/\/merzougacameltrek.com\/es\/wp-json\/wp\/v2\/pages\/2779\/revisions"}],"predecessor-version":[{"id":2781,"href":"https:\/\/merzougacameltrek.com\/es\/wp-json\/wp\/v2\/pages\/2779\/revisions\/2781"}],"wp:attachment":[{"href":"https:\/\/merzougacameltrek.com\/es\/wp-json\/wp\/v2\/media?parent=2779"}],"curies":[{"name":"wp","href":"https:\/\/api.w.org\/{rel}","templated":true}]}}