{"id":2789,"date":"2021-03-26T11:09:20","date_gmt":"2021-03-26T11:09:20","guid":{"rendered":"https:\/\/merzougacameltrek.com\/es\/?page_id=2789"},"modified":"2021-03-26T11:09:22","modified_gmt":"2021-03-26T11:09:22","slug":"excursion-a-cascadas-de-ouzoud","status":"publish","type":"page","link":"https:\/\/merzougacameltrek.com\/es\/excursion-a-cascadas-de-ouzoud\/","title":{"rendered":"Excursion a cascadas de ouzoud"},"content":{"rendered":"\n<figure class=\"wp-block-image size-large\"><img fetchpriority=\"high\" decoding=\"async\" width=\"1024\" height=\"576\" src=\"https:\/\/merzougacameltrek.com\/es\/wp-content\/uploads\/2021\/03\/12038979_1469136973395104_1634424950275096556_o-1024x576.jpg\" alt=\"\" class=\"wp-image-2790\" srcset=\"https:\/\/merzougacameltrek.com\/es\/wp-content\/uploads\/2021\/03\/12038979_1469136973395104_1634424950275096556_o-1024x576.jpg 1024w, https:\/\/merzougacameltrek.com\/es\/wp-content\/uploads\/2021\/03\/12038979_1469136973395104_1634424950275096556_o-300x169.jpg 300w, https:\/\/merzougacameltrek.com\/es\/wp-content\/uploads\/2021\/03\/12038979_1469136973395104_1634424950275096556_o-768x432.jpg 768w, https:\/\/merzougacameltrek.com\/es\/wp-content\/uploads\/2021\/03\/12038979_1469136973395104_1634424950275096556_o-1536x864.jpg 1536w, https:\/\/merzougacameltrek.com\/es\/wp-content\/uploads\/2021\/03\/12038979_1469136973395104_1634424950275096556_o.jpg 1920w\" sizes=\"(max-width: 1024px) 100vw, 1024px\" \/><\/figure>\n\n\n\n<p>nuestro excursion desde marrakech empieza por la manana y tienemos 3 horas de viajes y Este excursion compartido de un d\u00eda a las cascadas de Ouzoud desde Marrakech comenzar\u00e1 con un traslado desde su hotel o Riad por la ma\u00f1ana hasta las cascadas m\u00e1s altas del norte de \u00c1frica (unos 100 m de altura) que cruzan los campos oliva.<br>A su llegada, disfrutar\u00e1 de una caminata en el pueblo de Ouzoud. No dude en explorar la regi\u00f3n usted mismo o con la ayuda de un gu\u00eda local: cruzar\u00e1 el valle verde, los huertos sombreados y los molinos de agua tradicionales, y har\u00e1 hermosos encuentros con los bereberes que viven en las monta\u00f1as. .<\/p>\n\n\n\n<p>Al llegar a las enormes cascadas, puedes ver las cascadas cayendo con toda su fuerza formando un panorama de magia y arco\u00edris. Al pie de las cascadas, se puede almorzar en uno de los caf\u00e9s locales que sirven deliciosos Tagines al lado del arroyo con hermosas vistas de las cascadas.<br>Volviendo a la cima de las cataratas, te encontrar\u00e1s con familias de monos, acostumbrados a los turistas, que te recibir\u00e1n a su manera. Su viaje de un d\u00eda a las cascadas de Ouzoud terminar\u00e1 en Marrakech, dej\u00e1ndolo en su hotel o residencia de Riad.<\/p>\n\n\n\n<p><strong><span class=\"has-inline-color has-luminous-vivid-orange-color\">INCLUIDO EN EL VIAJE<\/span><\/strong><\/p>\n\n\n\n<ul class=\"wp-block-list\"><li>Transporte<\/li><li>Ch\u00f3fer-acompa\u00f1ante de habla hispana.<\/li><li>Combustible.<\/li><li>Recogida y vuelta en hotel.<\/li><\/ul>\n\n\n\n<p><strong><span class=\"has-inline-color has-luminous-vivid-orange-color\">NO INCLUIDO EN EL VIAJE<\/span><\/strong><\/p>\n\n\n\n<ul class=\"wp-block-list\"><li>Comidas y bebidas<\/li><li>Gu\u00eda oficial de habla hispana (80 \u20ac por grupo)&nbsp;<\/li><\/ul>\n","protected":false},"excerpt":{"rendered":"<p>nuestro excursion desde marrakech empieza por la manana y tienemos 3 horas de viajes y Este excursion compartido de un d\u00eda a las cascadas de Ouzoud desde Marrakech comenzar\u00e1 con un traslado desde su hotel o Riad por la ma\u00f1ana hasta las cascadas m\u00e1s altas del norte de \u00c1frica (unos 100 m de altura) que [&hellip;]<\/p>\n","protected":false},"author":1,"featured_media":0,"parent":0,"menu_order":0,"comment_status":"closed","ping_status":"closed","template":"","meta":{"footnotes":""},"class_list":["post-2789","page","type-page","status-publish","hentry"],"yoast_head":"<!-- This site is optimized with the Yoast SEO plugin v27.3 - https:\/\/yoast.com\/product\/yoast-seo-wordpress\/ -->\n<title>excursion a casacadas de ouzoud ,inolvidable excursi\u00f3n desde Marrakech,<\/title>\n<meta name=\"description\" content=\"excursion a casacadas de ouzoud ,inolvidable excursi\u00f3n desde Marrakech a casadas de ouzoud ,Excursi\u00f3n de un d\u00eda Desde Marrakech a Ouzoud,\" \/>\n<meta name=\"robots\" content=\"index, follow, max-snippet:-1, max-image-preview:large, max-video-preview:-1\" \/>\n<link rel=\"canonical\" href=\"https:\/\/merzougacameltrek.com\/es\/excursion-a-cascadas-de-ouzoud\/\" \/>\n<meta property=\"og:locale\" content=\"fr_FR\" \/>\n<meta property=\"og:type\" content=\"article\" \/>\n<meta property=\"og:title\" content=\"excursion a casacadas de ouzoud ,inolvidable excursi\u00f3n desde Marrakech,\" \/>\n<meta property=\"og:description\" content=\"excursion a casacadas de ouzoud ,inolvidable excursi\u00f3n desde Marrakech a casadas de ouzoud ,Excursi\u00f3n de un d\u00eda Desde Marrakech a Ouzoud,\" \/>\n<meta property=\"og:url\" content=\"https:\/\/merzougacameltrek.com\/es\/excursion-a-cascadas-de-ouzoud\/\" \/>\n<meta property=\"og:site_name\" content=\"merzouga camel trek\" \/>\n<meta property=\"article:modified_time\" content=\"2021-03-26T11:09:22+00:00\" \/>\n<meta property=\"og:image\" content=\"https:\/\/merzougacameltrek.com\/es\/wp-content\/uploads\/2021\/03\/12038979_1469136973395104_1634424950275096556_o-1024x576.jpg\" \/>\n<meta name=\"twitter:card\" content=\"summary_large_image\" \/>\n<meta name=\"twitter:label1\" content=\"Dur\u00e9e de lecture estim\u00e9e\" \/>\n\t<meta name=\"twitter:data1\" content=\"2 minutes\" \/>\n<script type=\"application\/ld+json\" class=\"yoast-schema-graph\">{\"@context\":\"https:\\\/\\\/schema.org\",\"@graph\":[{\"@type\":\"WebPage\",\"@id\":\"https:\\\/\\\/merzougacameltrek.com\\\/es\\\/excursion-a-cascadas-de-ouzoud\\\/\",\"url\":\"https:\\\/\\\/merzougacameltrek.com\\\/es\\\/excursion-a-cascadas-de-ouzoud\\\/\",\"name\":\"excursion a casacadas de ouzoud ,inolvidable excursi\u00f3n desde Marrakech,\",\"isPartOf\":{\"@id\":\"https:\\\/\\\/merzougacameltrek.com\\\/es\\\/#website\"},\"primaryImageOfPage\":{\"@id\":\"https:\\\/\\\/merzougacameltrek.com\\\/es\\\/excursion-a-cascadas-de-ouzoud\\\/#primaryimage\"},\"image\":{\"@id\":\"https:\\\/\\\/merzougacameltrek.com\\\/es\\\/excursion-a-cascadas-de-ouzoud\\\/#primaryimage\"},\"thumbnailUrl\":\"https:\\\/\\\/merzougacameltrek.com\\\/es\\\/wp-content\\\/uploads\\\/2021\\\/03\\\/12038979_1469136973395104_1634424950275096556_o-1024x576.jpg\",\"datePublished\":\"2021-03-26T11:09:20+00:00\",\"dateModified\":\"2021-03-26T11:09:22+00:00\",\"description\":\"excursion a casacadas de ouzoud ,inolvidable excursi\u00f3n desde Marrakech a casadas de ouzoud ,Excursi\u00f3n de un d\u00eda Desde Marrakech a Ouzoud,\",\"inLanguage\":\"fr-FR\",\"potentialAction\":[{\"@type\":\"ReadAction\",\"target\":[\"https:\\\/\\\/merzougacameltrek.com\\\/es\\\/excursion-a-cascadas-de-ouzoud\\\/\"]}]},{\"@type\":\"ImageObject\",\"inLanguage\":\"fr-FR\",\"@id\":\"https:\\\/\\\/merzougacameltrek.com\\\/es\\\/excursion-a-cascadas-de-ouzoud\\\/#primaryimage\",\"url\":\"https:\\\/\\\/merzougacameltrek.com\\\/es\\\/wp-content\\\/uploads\\\/2021\\\/03\\\/12038979_1469136973395104_1634424950275096556_o.jpg\",\"contentUrl\":\"https:\\\/\\\/merzougacameltrek.com\\\/es\\\/wp-content\\\/uploads\\\/2021\\\/03\\\/12038979_1469136973395104_1634424950275096556_o.jpg\",\"width\":1920,\"height\":1080},{\"@type\":\"WebSite\",\"@id\":\"https:\\\/\\\/merzougacameltrek.com\\\/es\\\/#website\",\"url\":\"https:\\\/\\\/merzougacameltrek.com\\\/es\\\/\",\"name\":\"merzouga camel trek\",\"description\":\"Visit Morocco NOW | Discover &amp; Book on Sahara Travel Tours\",\"publisher\":{\"@id\":\"https:\\\/\\\/merzougacameltrek.com\\\/es\\\/#organization\"},\"potentialAction\":[{\"@type\":\"SearchAction\",\"target\":{\"@type\":\"EntryPoint\",\"urlTemplate\":\"https:\\\/\\\/merzougacameltrek.com\\\/es\\\/?s={search_term_string}\"},\"query-input\":{\"@type\":\"PropertyValueSpecification\",\"valueRequired\":true,\"valueName\":\"search_term_string\"}}],\"inLanguage\":\"fr-FR\"},{\"@type\":\"Organization\",\"@id\":\"https:\\\/\\\/merzougacameltrek.com\\\/es\\\/#organization\",\"name\":\"merzouga camel trek\",\"url\":\"https:\\\/\\\/merzougacameltrek.com\\\/es\\\/\",\"logo\":{\"@type\":\"ImageObject\",\"inLanguage\":\"fr-FR\",\"@id\":\"https:\\\/\\\/merzougacameltrek.com\\\/es\\\/#\\\/schema\\\/logo\\\/image\\\/\",\"url\":\"https:\\\/\\\/merzougacameltrek.com\\\/es\\\/wp-content\\\/uploads\\\/2023\\\/10\\\/cropped-logo-3.png\",\"contentUrl\":\"https:\\\/\\\/merzougacameltrek.com\\\/es\\\/wp-content\\\/uploads\\\/2023\\\/10\\\/cropped-logo-3.png\",\"width\":245,\"height\":60,\"caption\":\"merzouga camel trek\"},\"image\":{\"@id\":\"https:\\\/\\\/merzougacameltrek.com\\\/es\\\/#\\\/schema\\\/logo\\\/image\\\/\"}}]}<\/script>\n<!-- \/ Yoast SEO plugin. -->","yoast_head_json":{"title":"excursion a casacadas de ouzoud ,inolvidable excursi\u00f3n desde Marrakech,","description":"excursion a casacadas de ouzoud ,inolvidable excursi\u00f3n desde Marrakech a casadas de ouzoud ,Excursi\u00f3n de un d\u00eda Desde Marrakech a Ouzoud,","robots":{"index":"index","follow":"follow","max-snippet":"max-snippet:-1","max-image-preview":"max-image-preview:large","max-video-preview":"max-video-preview:-1"},"canonical":"https:\/\/merzougacameltrek.com\/es\/excursion-a-cascadas-de-ouzoud\/","og_locale":"fr_FR","og_type":"article","og_title":"excursion a casacadas de ouzoud ,inolvidable excursi\u00f3n desde Marrakech,","og_description":"excursion a casacadas de ouzoud ,inolvidable excursi\u00f3n desde Marrakech a casadas de ouzoud ,Excursi\u00f3n de un d\u00eda Desde Marrakech a Ouzoud,","og_url":"https:\/\/merzougacameltrek.com\/es\/excursion-a-cascadas-de-ouzoud\/","og_site_name":"merzouga camel trek","article_modified_time":"2021-03-26T11:09:22+00:00","og_image":[{"url":"https:\/\/merzougacameltrek.com\/es\/wp-content\/uploads\/2021\/03\/12038979_1469136973395104_1634424950275096556_o-1024x576.jpg","type":"","width":"","height":""}],"twitter_card":"summary_large_image","twitter_misc":{"Dur\u00e9e de lecture estim\u00e9e":"2 minutes"},"schema":{"@context":"https:\/\/schema.org","@graph":[{"@type":"WebPage","@id":"https:\/\/merzougacameltrek.com\/es\/excursion-a-cascadas-de-ouzoud\/","url":"https:\/\/merzougacameltrek.com\/es\/excursion-a-cascadas-de-ouzoud\/","name":"excursion a casacadas de ouzoud ,inolvidable excursi\u00f3n desde Marrakech,","isPartOf":{"@id":"https:\/\/merzougacameltrek.com\/es\/#website"},"primaryImageOfPage":{"@id":"https:\/\/merzougacameltrek.com\/es\/excursion-a-cascadas-de-ouzoud\/#primaryimage"},"image":{"@id":"https:\/\/merzougacameltrek.com\/es\/excursion-a-cascadas-de-ouzoud\/#primaryimage"},"thumbnailUrl":"https:\/\/merzougacameltrek.com\/es\/wp-content\/uploads\/2021\/03\/12038979_1469136973395104_1634424950275096556_o-1024x576.jpg","datePublished":"2021-03-26T11:09:20+00:00","dateModified":"2021-03-26T11:09:22+00:00","description":"excursion a casacadas de ouzoud ,inolvidable excursi\u00f3n desde Marrakech a casadas de ouzoud ,Excursi\u00f3n de un d\u00eda Desde Marrakech a Ouzoud,","inLanguage":"fr-FR","potentialAction":[{"@type":"ReadAction","target":["https:\/\/merzougacameltrek.com\/es\/excursion-a-cascadas-de-ouzoud\/"]}]},{"@type":"ImageObject","inLanguage":"fr-FR","@id":"https:\/\/merzougacameltrek.com\/es\/excursion-a-cascadas-de-ouzoud\/#primaryimage","url":"https:\/\/merzougacameltrek.com\/es\/wp-content\/uploads\/2021\/03\/12038979_1469136973395104_1634424950275096556_o.jpg","contentUrl":"https:\/\/merzougacameltrek.com\/es\/wp-content\/uploads\/2021\/03\/12038979_1469136973395104_1634424950275096556_o.jpg","width":1920,"height":1080},{"@type":"WebSite","@id":"https:\/\/merzougacameltrek.com\/es\/#website","url":"https:\/\/merzougacameltrek.com\/es\/","name":"merzouga camel trek","description":"Visit Morocco NOW | Discover &amp; Book on Sahara Travel Tours","publisher":{"@id":"https:\/\/merzougacameltrek.com\/es\/#organization"},"potentialAction":[{"@type":"SearchAction","target":{"@type":"EntryPoint","urlTemplate":"https:\/\/merzougacameltrek.com\/es\/?s={search_term_string}"},"query-input":{"@type":"PropertyValueSpecification","valueRequired":true,"valueName":"search_term_string"}}],"inLanguage":"fr-FR"},{"@type":"Organization","@id":"https:\/\/merzougacameltrek.com\/es\/#organization","name":"merzouga camel trek","url":"https:\/\/merzougacameltrek.com\/es\/","logo":{"@type":"ImageObject","inLanguage":"fr-FR","@id":"https:\/\/merzougacameltrek.com\/es\/#\/schema\/logo\/image\/","url":"https:\/\/merzougacameltrek.com\/es\/wp-content\/uploads\/2023\/10\/cropped-logo-3.png","contentUrl":"https:\/\/merzougacameltrek.com\/es\/wp-content\/uploads\/2023\/10\/cropped-logo-3.png","width":245,"height":60,"caption":"merzouga camel trek"},"image":{"@id":"https:\/\/merzougacameltrek.com\/es\/#\/schema\/logo\/image\/"}}]}},"_links":{"self":[{"href":"https:\/\/merzougacameltrek.com\/es\/wp-json\/wp\/v2\/pages\/2789","targetHints":{"allow":["GET"]}}],"collection":[{"href":"https:\/\/merzougacameltrek.com\/es\/wp-json\/wp\/v2\/pages"}],"about":[{"href":"https:\/\/merzougacameltrek.com\/es\/wp-json\/wp\/v2\/types\/page"}],"author":[{"embeddable":true,"href":"https:\/\/merzougacameltrek.com\/es\/wp-json\/wp\/v2\/users\/1"}],"replies":[{"embeddable":true,"href":"https:\/\/merzougacameltrek.com\/es\/wp-json\/wp\/v2\/comments?post=2789"}],"version-history":[{"count":1,"href":"https:\/\/merzougacameltrek.com\/es\/wp-json\/wp\/v2\/pages\/2789\/revisions"}],"predecessor-version":[{"id":2791,"href":"https:\/\/merzougacameltrek.com\/es\/wp-json\/wp\/v2\/pages\/2789\/revisions\/2791"}],"wp:attachment":[{"href":"https:\/\/merzougacameltrek.com\/es\/wp-json\/wp\/v2\/media?parent=2789"}],"curies":[{"name":"wp","href":"https:\/\/api.w.org\/{rel}","templated":true}]}}