{"id":2793,"date":"2021-03-26T11:24:15","date_gmt":"2021-03-26T11:24:15","guid":{"rendered":"https:\/\/merzougacameltrek.com\/es\/?page_id=2793"},"modified":"2021-03-26T11:27:15","modified_gmt":"2021-03-26T11:27:15","slug":"excursion-a-casablanca","status":"publish","type":"page","link":"https:\/\/merzougacameltrek.com\/es\/excursion-a-casablanca\/","title":{"rendered":"Excursion a casablanca"},"content":{"rendered":"\n<figure class=\"wp-block-gallery columns-1 is-cropped wp-block-gallery-1 is-layout-flex wp-block-gallery-is-layout-flex\"><ul class=\"blocks-gallery-grid\"><li class=\"blocks-gallery-item\"><figure><img fetchpriority=\"high\" decoding=\"async\" width=\"1024\" height=\"576\" src=\"https:\/\/merzougacameltrek.com\/es\/wp-content\/uploads\/2021\/03\/casablanca-1-1024x576.jpg\" alt=\"\" data-id=\"2796\" data-full-url=\"https:\/\/merzougacameltrek.com\/es\/wp-content\/uploads\/2021\/03\/casablanca-1.jpg\" data-link=\"https:\/\/merzougacameltrek.com\/es\/excursion-a-casablanca\/casablanca-1\/\" class=\"wp-image-2796\" srcset=\"https:\/\/merzougacameltrek.com\/es\/wp-content\/uploads\/2021\/03\/casablanca-1-1024x576.jpg 1024w, https:\/\/merzougacameltrek.com\/es\/wp-content\/uploads\/2021\/03\/casablanca-1-300x169.jpg 300w, https:\/\/merzougacameltrek.com\/es\/wp-content\/uploads\/2021\/03\/casablanca-1-768x432.jpg 768w, https:\/\/merzougacameltrek.com\/es\/wp-content\/uploads\/2021\/03\/casablanca-1.jpg 1461w\" sizes=\"(max-width: 1024px) 100vw, 1024px\" \/><\/figure><\/li><\/ul><\/figure>\n\n\n\n<p>el tour desde marrakech a casablanca empieza por la manana y tienemos 3 horas del camino hasta <\/p>\n\n\n\n<p>Casablanca es la capital econ\u00f3mica y la ciudad mas grande de Marruecos; <\/p>\n\n\n\n<p>Re\u00fanase con su conductor en su hotel o en su Riad para concertar una cita a las 8 a.m. para una excursi\u00f3n a Casablanca.<br>Disfruta de 3 horas c\u00f3modas en la carretera mientras cruzas paisajes. Se har\u00e1 una parada a mitad de camino en un \u00e1rea de descanso antes de continuar hacia Casablanca.<br>Cuando llegue a la metr\u00f3poli, conozca a su gu\u00eda local que lo acompa\u00f1ar\u00e1 en el veh\u00edculo para comenzar su visita guiada a Casablanca.<br>Primero, el gu\u00eda te lleva a la espectacular mezquita de Hassan II. A medida que se acerque, ver\u00e1 su majestuoso minarete de 210 metros de altura con vista al cielo. La mezquita fue dise\u00f1ada por un arquitecto franc\u00e9s y su construcci\u00f3n tard\u00f3 6 a\u00f1os. El edificio combina arquitectura isl\u00e1mica y elementos decorativos marroqu\u00edes.<br>Luego, contin\u00fae hacia la Corniche de Casablanca. Es famoso por sus clubes, restaurantes, cafeter\u00edas y hoteles de moda. Disfrute de un paseo por la playa y tal vez un caf\u00e9 o un vaso de t\u00e9 de menta a su gusto. Su pr\u00f3xima parada ser\u00e1 en la medina de Casablanca. Aunque no es tan antiguo como las medinas de Marrakech o Fez, una gran parte sigue siendo residencial, con sus calles estrechas.<br>Desde aqu\u00ed, continuar\u00e1 hasta el centro de Casablanca para visitar la Catedral del Sagrado Coraz\u00f3n construida en la d\u00e9cada de 1930 por los coloniales franceses. Luego nos dirigiremos a la Plaza de las Naciones Unidas observando edificios art deco a los lados de la calle. Luego continuamos en la Plaza de la Liga \u00c1rabe que alberga el \u00ab\u00a0Palacio de Justicia\u00a0\u00bb<br>Su viaje de un d\u00eda a Casablanca desde Marrakech finalizar\u00e1 con el regreso a su hotel o al punto m\u00e1s cercano al que se puede acceder en coche desde su Riad.<\/p>\n\n\n\n<p><span class=\"has-inline-color has-luminous-vivid-orange-color\">Incluido <\/span><strong>:<\/strong><\/p>\n\n\n\n<p>\u2022 Recogida desde su lugar de alojamiento<br>\u2022 Transporte en vehiculo privado de gran confort<br>\u2022 Conductor cualificado<\/p>\n\n\n\n<p><strong><span class=\"has-inline-color has-luminous-vivid-orange-color\">No esta incluido:<\/span><\/strong><\/p>\n\n\n\n<p>\u2022 Almuerzo<br>\u2022 Gastos personales<br>\u2022 Entradas a monumentos<\/p>\n\n\n\n<p><\/p>\n","protected":false},"excerpt":{"rendered":"<p>el tour desde marrakech a casablanca empieza por la manana y tienemos 3 horas del camino hasta Casablanca es la capital econ\u00f3mica y la ciudad mas grande de Marruecos; Re\u00fanase con su conductor en su hotel o en su Riad para concertar una cita a las 8 a.m. para una excursi\u00f3n a Casablanca.Disfruta de 3 [&hellip;]<\/p>\n","protected":false},"author":1,"featured_media":0,"parent":0,"menu_order":0,"comment_status":"closed","ping_status":"closed","template":"","meta":{"footnotes":""},"class_list":["post-2793","page","type-page","status-publish","hentry"],"yoast_head":"<!-- This site is optimized with the Yoast SEO plugin v27.3 - https:\/\/yoast.com\/product\/yoast-seo-wordpress\/ -->\n<title>excursion casablanca desde marrakech,Excursi\u00f3n privada a Marrakech,<\/title>\n<meta name=\"description\" content=\"excursion casablanca desde marrakech,Excursi\u00f3n privada a Marrakech a casablanca,Marrakech Y Casablanca Tours, Viajes por Marruecos,\" \/>\n<meta name=\"robots\" content=\"index, follow, max-snippet:-1, max-image-preview:large, max-video-preview:-1\" \/>\n<link rel=\"canonical\" href=\"https:\/\/merzougacameltrek.com\/es\/excursion-a-casablanca\/\" \/>\n<meta property=\"og:locale\" content=\"fr_FR\" \/>\n<meta property=\"og:type\" content=\"article\" \/>\n<meta property=\"og:title\" content=\"excursion casablanca desde marrakech,Excursi\u00f3n privada a Marrakech,\" \/>\n<meta property=\"og:description\" content=\"excursion casablanca desde marrakech,Excursi\u00f3n privada a Marrakech a casablanca,Marrakech Y Casablanca Tours, Viajes por Marruecos,\" \/>\n<meta property=\"og:url\" content=\"https:\/\/merzougacameltrek.com\/es\/excursion-a-casablanca\/\" \/>\n<meta property=\"og:site_name\" content=\"merzouga camel trek\" \/>\n<meta property=\"article:modified_time\" content=\"2021-03-26T11:27:15+00:00\" \/>\n<meta property=\"og:image\" content=\"https:\/\/merzougacameltrek.com\/es\/wp-content\/uploads\/2021\/03\/casablanca-1-1024x576.jpg\" \/>\n<meta name=\"twitter:card\" content=\"summary_large_image\" \/>\n<meta name=\"twitter:label1\" content=\"Dur\u00e9e de lecture estim\u00e9e\" \/>\n\t<meta name=\"twitter:data1\" content=\"2 minutes\" \/>\n<script type=\"application\/ld+json\" class=\"yoast-schema-graph\">{\"@context\":\"https:\\\/\\\/schema.org\",\"@graph\":[{\"@type\":\"WebPage\",\"@id\":\"https:\\\/\\\/merzougacameltrek.com\\\/es\\\/excursion-a-casablanca\\\/\",\"url\":\"https:\\\/\\\/merzougacameltrek.com\\\/es\\\/excursion-a-casablanca\\\/\",\"name\":\"excursion casablanca desde marrakech,Excursi\u00f3n privada a Marrakech,\",\"isPartOf\":{\"@id\":\"https:\\\/\\\/merzougacameltrek.com\\\/es\\\/#website\"},\"primaryImageOfPage\":{\"@id\":\"https:\\\/\\\/merzougacameltrek.com\\\/es\\\/excursion-a-casablanca\\\/#primaryimage\"},\"image\":{\"@id\":\"https:\\\/\\\/merzougacameltrek.com\\\/es\\\/excursion-a-casablanca\\\/#primaryimage\"},\"thumbnailUrl\":\"https:\\\/\\\/merzougacameltrek.com\\\/es\\\/wp-content\\\/uploads\\\/2021\\\/03\\\/casablanca-1-1024x576.jpg\",\"datePublished\":\"2021-03-26T11:24:15+00:00\",\"dateModified\":\"2021-03-26T11:27:15+00:00\",\"description\":\"excursion casablanca desde marrakech,Excursi\u00f3n privada a Marrakech a casablanca,Marrakech Y Casablanca Tours, Viajes por Marruecos,\",\"inLanguage\":\"fr-FR\",\"potentialAction\":[{\"@type\":\"ReadAction\",\"target\":[\"https:\\\/\\\/merzougacameltrek.com\\\/es\\\/excursion-a-casablanca\\\/\"]}]},{\"@type\":\"ImageObject\",\"inLanguage\":\"fr-FR\",\"@id\":\"https:\\\/\\\/merzougacameltrek.com\\\/es\\\/excursion-a-casablanca\\\/#primaryimage\",\"url\":\"https:\\\/\\\/merzougacameltrek.com\\\/es\\\/wp-content\\\/uploads\\\/2021\\\/03\\\/casablanca-1.jpg\",\"contentUrl\":\"https:\\\/\\\/merzougacameltrek.com\\\/es\\\/wp-content\\\/uploads\\\/2021\\\/03\\\/casablanca-1.jpg\",\"width\":1461,\"height\":822},{\"@type\":\"WebSite\",\"@id\":\"https:\\\/\\\/merzougacameltrek.com\\\/es\\\/#website\",\"url\":\"https:\\\/\\\/merzougacameltrek.com\\\/es\\\/\",\"name\":\"merzouga camel trek\",\"description\":\"Visit Morocco NOW | Discover &amp; Book on Sahara Travel Tours\",\"publisher\":{\"@id\":\"https:\\\/\\\/merzougacameltrek.com\\\/es\\\/#organization\"},\"potentialAction\":[{\"@type\":\"SearchAction\",\"target\":{\"@type\":\"EntryPoint\",\"urlTemplate\":\"https:\\\/\\\/merzougacameltrek.com\\\/es\\\/?s={search_term_string}\"},\"query-input\":{\"@type\":\"PropertyValueSpecification\",\"valueRequired\":true,\"valueName\":\"search_term_string\"}}],\"inLanguage\":\"fr-FR\"},{\"@type\":\"Organization\",\"@id\":\"https:\\\/\\\/merzougacameltrek.com\\\/es\\\/#organization\",\"name\":\"merzouga camel trek\",\"url\":\"https:\\\/\\\/merzougacameltrek.com\\\/es\\\/\",\"logo\":{\"@type\":\"ImageObject\",\"inLanguage\":\"fr-FR\",\"@id\":\"https:\\\/\\\/merzougacameltrek.com\\\/es\\\/#\\\/schema\\\/logo\\\/image\\\/\",\"url\":\"https:\\\/\\\/merzougacameltrek.com\\\/es\\\/wp-content\\\/uploads\\\/2023\\\/10\\\/cropped-logo-3.png\",\"contentUrl\":\"https:\\\/\\\/merzougacameltrek.com\\\/es\\\/wp-content\\\/uploads\\\/2023\\\/10\\\/cropped-logo-3.png\",\"width\":245,\"height\":60,\"caption\":\"merzouga camel trek\"},\"image\":{\"@id\":\"https:\\\/\\\/merzougacameltrek.com\\\/es\\\/#\\\/schema\\\/logo\\\/image\\\/\"}}]}<\/script>\n<!-- \/ Yoast SEO plugin. -->","yoast_head_json":{"title":"excursion casablanca desde marrakech,Excursi\u00f3n privada a Marrakech,","description":"excursion casablanca desde marrakech,Excursi\u00f3n privada a Marrakech a casablanca,Marrakech Y Casablanca Tours, Viajes por Marruecos,","robots":{"index":"index","follow":"follow","max-snippet":"max-snippet:-1","max-image-preview":"max-image-preview:large","max-video-preview":"max-video-preview:-1"},"canonical":"https:\/\/merzougacameltrek.com\/es\/excursion-a-casablanca\/","og_locale":"fr_FR","og_type":"article","og_title":"excursion casablanca desde marrakech,Excursi\u00f3n privada a Marrakech,","og_description":"excursion casablanca desde marrakech,Excursi\u00f3n privada a Marrakech a casablanca,Marrakech Y Casablanca Tours, Viajes por Marruecos,","og_url":"https:\/\/merzougacameltrek.com\/es\/excursion-a-casablanca\/","og_site_name":"merzouga camel trek","article_modified_time":"2021-03-26T11:27:15+00:00","og_image":[{"url":"https:\/\/merzougacameltrek.com\/es\/wp-content\/uploads\/2021\/03\/casablanca-1-1024x576.jpg","type":"","width":"","height":""}],"twitter_card":"summary_large_image","twitter_misc":{"Dur\u00e9e de lecture estim\u00e9e":"2 minutes"},"schema":{"@context":"https:\/\/schema.org","@graph":[{"@type":"WebPage","@id":"https:\/\/merzougacameltrek.com\/es\/excursion-a-casablanca\/","url":"https:\/\/merzougacameltrek.com\/es\/excursion-a-casablanca\/","name":"excursion casablanca desde marrakech,Excursi\u00f3n privada a Marrakech,","isPartOf":{"@id":"https:\/\/merzougacameltrek.com\/es\/#website"},"primaryImageOfPage":{"@id":"https:\/\/merzougacameltrek.com\/es\/excursion-a-casablanca\/#primaryimage"},"image":{"@id":"https:\/\/merzougacameltrek.com\/es\/excursion-a-casablanca\/#primaryimage"},"thumbnailUrl":"https:\/\/merzougacameltrek.com\/es\/wp-content\/uploads\/2021\/03\/casablanca-1-1024x576.jpg","datePublished":"2021-03-26T11:24:15+00:00","dateModified":"2021-03-26T11:27:15+00:00","description":"excursion casablanca desde marrakech,Excursi\u00f3n privada a Marrakech a casablanca,Marrakech Y Casablanca Tours, Viajes por Marruecos,","inLanguage":"fr-FR","potentialAction":[{"@type":"ReadAction","target":["https:\/\/merzougacameltrek.com\/es\/excursion-a-casablanca\/"]}]},{"@type":"ImageObject","inLanguage":"fr-FR","@id":"https:\/\/merzougacameltrek.com\/es\/excursion-a-casablanca\/#primaryimage","url":"https:\/\/merzougacameltrek.com\/es\/wp-content\/uploads\/2021\/03\/casablanca-1.jpg","contentUrl":"https:\/\/merzougacameltrek.com\/es\/wp-content\/uploads\/2021\/03\/casablanca-1.jpg","width":1461,"height":822},{"@type":"WebSite","@id":"https:\/\/merzougacameltrek.com\/es\/#website","url":"https:\/\/merzougacameltrek.com\/es\/","name":"merzouga camel trek","description":"Visit Morocco NOW | Discover &amp; Book on Sahara Travel Tours","publisher":{"@id":"https:\/\/merzougacameltrek.com\/es\/#organization"},"potentialAction":[{"@type":"SearchAction","target":{"@type":"EntryPoint","urlTemplate":"https:\/\/merzougacameltrek.com\/es\/?s={search_term_string}"},"query-input":{"@type":"PropertyValueSpecification","valueRequired":true,"valueName":"search_term_string"}}],"inLanguage":"fr-FR"},{"@type":"Organization","@id":"https:\/\/merzougacameltrek.com\/es\/#organization","name":"merzouga camel trek","url":"https:\/\/merzougacameltrek.com\/es\/","logo":{"@type":"ImageObject","inLanguage":"fr-FR","@id":"https:\/\/merzougacameltrek.com\/es\/#\/schema\/logo\/image\/","url":"https:\/\/merzougacameltrek.com\/es\/wp-content\/uploads\/2023\/10\/cropped-logo-3.png","contentUrl":"https:\/\/merzougacameltrek.com\/es\/wp-content\/uploads\/2023\/10\/cropped-logo-3.png","width":245,"height":60,"caption":"merzouga camel trek"},"image":{"@id":"https:\/\/merzougacameltrek.com\/es\/#\/schema\/logo\/image\/"}}]}},"_links":{"self":[{"href":"https:\/\/merzougacameltrek.com\/es\/wp-json\/wp\/v2\/pages\/2793","targetHints":{"allow":["GET"]}}],"collection":[{"href":"https:\/\/merzougacameltrek.com\/es\/wp-json\/wp\/v2\/pages"}],"about":[{"href":"https:\/\/merzougacameltrek.com\/es\/wp-json\/wp\/v2\/types\/page"}],"author":[{"embeddable":true,"href":"https:\/\/merzougacameltrek.com\/es\/wp-json\/wp\/v2\/users\/1"}],"replies":[{"embeddable":true,"href":"https:\/\/merzougacameltrek.com\/es\/wp-json\/wp\/v2\/comments?post=2793"}],"version-history":[{"count":2,"href":"https:\/\/merzougacameltrek.com\/es\/wp-json\/wp\/v2\/pages\/2793\/revisions"}],"predecessor-version":[{"id":2797,"href":"https:\/\/merzougacameltrek.com\/es\/wp-json\/wp\/v2\/pages\/2793\/revisions\/2797"}],"wp:attachment":[{"href":"https:\/\/merzougacameltrek.com\/es\/wp-json\/wp\/v2\/media?parent=2793"}],"curies":[{"name":"wp","href":"https:\/\/api.w.org\/{rel}","templated":true}]}}