{"id":2808,"date":"2021-03-26T21:38:48","date_gmt":"2021-03-26T21:38:48","guid":{"rendered":"https:\/\/merzougacameltrek.com\/es\/?page_id=2808"},"modified":"2021-03-26T21:38:51","modified_gmt":"2021-03-26T21:38:51","slug":"excursiones-a-rabat","status":"publish","type":"page","link":"https:\/\/merzougacameltrek.com\/es\/excursiones-a-rabat\/","title":{"rendered":"EXCURSIONES A RABAT"},"content":{"rendered":"\n<figure class=\"wp-block-image size-large\"><img fetchpriority=\"high\" decoding=\"async\" width=\"1024\" height=\"538\" src=\"https:\/\/merzougacameltrek.com\/es\/wp-content\/uploads\/2021\/03\/csm_csm-frs-iberia-destinos-rabat_06cdf5682b-1024x538.jpg\" alt=\"\" class=\"wp-image-2809\" srcset=\"https:\/\/merzougacameltrek.com\/es\/wp-content\/uploads\/2021\/03\/csm_csm-frs-iberia-destinos-rabat_06cdf5682b-1024x538.jpg 1024w, https:\/\/merzougacameltrek.com\/es\/wp-content\/uploads\/2021\/03\/csm_csm-frs-iberia-destinos-rabat_06cdf5682b-300x158.jpg 300w, https:\/\/merzougacameltrek.com\/es\/wp-content\/uploads\/2021\/03\/csm_csm-frs-iberia-destinos-rabat_06cdf5682b-768x403.jpg 768w, https:\/\/merzougacameltrek.com\/es\/wp-content\/uploads\/2021\/03\/csm_csm-frs-iberia-destinos-rabat_06cdf5682b.jpg 1200w\" sizes=\"(max-width: 1024px) 100vw, 1024px\" \/><\/figure>\n\n\n\n<p>nuestro viaje desde casablanca empieza a la manana y encuentranos en vostro hotel o airpote y empiza el tour por rabat y Dado que es un tour privado, vosotros eleg\u00eds lo que quer\u00e9is visitar y lo que no. Si quer\u00e9is dejarlo en nuestras manos, el recorrido ser\u00e1 por toda la ciudad, que es el que consideramos ideal para conocer la ciudad. Conoceremos las partes m\u00e1s modernas y tambi\u00e9n las m\u00e1s tradicionales.<\/p>\n\n\n\n<p><strong>Visita a las ruinas de Chellah<br><br><strong>Visita de la Kasbah Oudayas<br><br>Visita al minarete de Hassan:<br><br>Visita al mausoleo de Mohammed V:\u00a0la tumba real que alberga la tumba de Mohammed V y su hijo Moulay Abdellah y Hassan II.<br><br>Visita al Museo Arqueol\u00f3gico de Rabat<br><br>Visita a la ciudad de Sala\u00a0, Las dos ciudades Rabat y Sala estan juntas y se consideran como una poblacion por la mayoria<\/strong><\/strong><\/p>\n\n\n\n<p><strong>NCLUIDO EN EL VIAJE<\/strong><\/p>\n\n\n\n<ul class=\"wp-block-list\"><li>Transporte<\/li><li>Ch\u00f3fer-acompa\u00f1ante de habla hispana.<\/li><li>Combustible.<\/li><li>Recogida y vuelta en hotel.<\/li><\/ul>\n\n\n\n<p><strong><span class=\"has-inline-color has-luminous-vivid-orange-color\">NO INCLUIDO EN EL VIAJE<\/span><\/strong><\/p>\n\n\n\n<p>Comidas y bebidas<\/p>\n","protected":false},"excerpt":{"rendered":"<p>nuestro viaje desde casablanca empieza a la manana y encuentranos en vostro hotel o airpote y empiza el tour por rabat y Dado que es un tour privado, vosotros eleg\u00eds lo que quer\u00e9is visitar y lo que no. Si quer\u00e9is dejarlo en nuestras manos, el recorrido ser\u00e1 por toda la ciudad, que es el que [&hellip;]<\/p>\n","protected":false},"author":1,"featured_media":0,"parent":0,"menu_order":0,"comment_status":"closed","ping_status":"closed","template":"","meta":{"footnotes":""},"class_list":["post-2808","page","type-page","status-publish","hentry"],"yoast_head":"<!-- This site is optimized with the Yoast SEO plugin v27.3 - https:\/\/yoast.com\/product\/yoast-seo-wordpress\/ -->\n<title>excursiones a rabat desde casablanca \/ viajes a rabat desde casablanca,<\/title>\n<meta name=\"description\" content=\"excursiones a rabat desde casablanca \/ viajes a rabat desde casablanca,excursiones desde casablanca a rabat,tours desde casablanca a rabat ,\" \/>\n<meta name=\"robots\" content=\"index, follow, max-snippet:-1, max-image-preview:large, max-video-preview:-1\" \/>\n<link rel=\"canonical\" href=\"https:\/\/merzougacameltrek.com\/es\/excursiones-a-rabat\/\" \/>\n<meta property=\"og:locale\" content=\"fr_FR\" \/>\n<meta property=\"og:type\" content=\"article\" \/>\n<meta property=\"og:title\" content=\"excursiones a rabat desde casablanca \/ viajes a rabat desde casablanca,\" \/>\n<meta property=\"og:description\" content=\"excursiones a rabat desde casablanca \/ viajes a rabat desde casablanca,excursiones desde casablanca a rabat,tours desde casablanca a rabat ,\" \/>\n<meta property=\"og:url\" content=\"https:\/\/merzougacameltrek.com\/es\/excursiones-a-rabat\/\" \/>\n<meta property=\"og:site_name\" content=\"merzouga camel trek\" \/>\n<meta property=\"article:modified_time\" content=\"2021-03-26T21:38:51+00:00\" \/>\n<meta property=\"og:image\" content=\"https:\/\/merzougacameltrek.com\/es\/wp-content\/uploads\/2021\/03\/csm_csm-frs-iberia-destinos-rabat_06cdf5682b-1024x538.jpg\" \/>\n<meta name=\"twitter:card\" content=\"summary_large_image\" \/>\n<meta name=\"twitter:label1\" content=\"Dur\u00e9e de lecture estim\u00e9e\" \/>\n\t<meta name=\"twitter:data1\" content=\"1 minute\" \/>\n<script type=\"application\/ld+json\" class=\"yoast-schema-graph\">{\"@context\":\"https:\\\/\\\/schema.org\",\"@graph\":[{\"@type\":\"WebPage\",\"@id\":\"https:\\\/\\\/merzougacameltrek.com\\\/es\\\/excursiones-a-rabat\\\/\",\"url\":\"https:\\\/\\\/merzougacameltrek.com\\\/es\\\/excursiones-a-rabat\\\/\",\"name\":\"excursiones a rabat desde casablanca \\\/ viajes a rabat desde casablanca,\",\"isPartOf\":{\"@id\":\"https:\\\/\\\/merzougacameltrek.com\\\/es\\\/#website\"},\"primaryImageOfPage\":{\"@id\":\"https:\\\/\\\/merzougacameltrek.com\\\/es\\\/excursiones-a-rabat\\\/#primaryimage\"},\"image\":{\"@id\":\"https:\\\/\\\/merzougacameltrek.com\\\/es\\\/excursiones-a-rabat\\\/#primaryimage\"},\"thumbnailUrl\":\"https:\\\/\\\/merzougacameltrek.com\\\/es\\\/wp-content\\\/uploads\\\/2021\\\/03\\\/csm_csm-frs-iberia-destinos-rabat_06cdf5682b-1024x538.jpg\",\"datePublished\":\"2021-03-26T21:38:48+00:00\",\"dateModified\":\"2021-03-26T21:38:51+00:00\",\"description\":\"excursiones a rabat desde casablanca \\\/ viajes a rabat desde casablanca,excursiones desde casablanca a rabat,tours desde casablanca a rabat ,\",\"inLanguage\":\"fr-FR\",\"potentialAction\":[{\"@type\":\"ReadAction\",\"target\":[\"https:\\\/\\\/merzougacameltrek.com\\\/es\\\/excursiones-a-rabat\\\/\"]}]},{\"@type\":\"ImageObject\",\"inLanguage\":\"fr-FR\",\"@id\":\"https:\\\/\\\/merzougacameltrek.com\\\/es\\\/excursiones-a-rabat\\\/#primaryimage\",\"url\":\"https:\\\/\\\/merzougacameltrek.com\\\/es\\\/wp-content\\\/uploads\\\/2021\\\/03\\\/csm_csm-frs-iberia-destinos-rabat_06cdf5682b.jpg\",\"contentUrl\":\"https:\\\/\\\/merzougacameltrek.com\\\/es\\\/wp-content\\\/uploads\\\/2021\\\/03\\\/csm_csm-frs-iberia-destinos-rabat_06cdf5682b.jpg\",\"width\":1200,\"height\":630},{\"@type\":\"WebSite\",\"@id\":\"https:\\\/\\\/merzougacameltrek.com\\\/es\\\/#website\",\"url\":\"https:\\\/\\\/merzougacameltrek.com\\\/es\\\/\",\"name\":\"merzouga camel trek\",\"description\":\"Visit Morocco NOW | Discover &amp; Book on Sahara Travel Tours\",\"publisher\":{\"@id\":\"https:\\\/\\\/merzougacameltrek.com\\\/es\\\/#organization\"},\"potentialAction\":[{\"@type\":\"SearchAction\",\"target\":{\"@type\":\"EntryPoint\",\"urlTemplate\":\"https:\\\/\\\/merzougacameltrek.com\\\/es\\\/?s={search_term_string}\"},\"query-input\":{\"@type\":\"PropertyValueSpecification\",\"valueRequired\":true,\"valueName\":\"search_term_string\"}}],\"inLanguage\":\"fr-FR\"},{\"@type\":\"Organization\",\"@id\":\"https:\\\/\\\/merzougacameltrek.com\\\/es\\\/#organization\",\"name\":\"merzouga camel trek\",\"url\":\"https:\\\/\\\/merzougacameltrek.com\\\/es\\\/\",\"logo\":{\"@type\":\"ImageObject\",\"inLanguage\":\"fr-FR\",\"@id\":\"https:\\\/\\\/merzougacameltrek.com\\\/es\\\/#\\\/schema\\\/logo\\\/image\\\/\",\"url\":\"https:\\\/\\\/merzougacameltrek.com\\\/es\\\/wp-content\\\/uploads\\\/2023\\\/10\\\/cropped-logo-3.png\",\"contentUrl\":\"https:\\\/\\\/merzougacameltrek.com\\\/es\\\/wp-content\\\/uploads\\\/2023\\\/10\\\/cropped-logo-3.png\",\"width\":245,\"height\":60,\"caption\":\"merzouga camel trek\"},\"image\":{\"@id\":\"https:\\\/\\\/merzougacameltrek.com\\\/es\\\/#\\\/schema\\\/logo\\\/image\\\/\"}}]}<\/script>\n<!-- \/ Yoast SEO plugin. -->","yoast_head_json":{"title":"excursiones a rabat desde casablanca \/ viajes a rabat desde casablanca,","description":"excursiones a rabat desde casablanca \/ viajes a rabat desde casablanca,excursiones desde casablanca a rabat,tours desde casablanca a rabat ,","robots":{"index":"index","follow":"follow","max-snippet":"max-snippet:-1","max-image-preview":"max-image-preview:large","max-video-preview":"max-video-preview:-1"},"canonical":"https:\/\/merzougacameltrek.com\/es\/excursiones-a-rabat\/","og_locale":"fr_FR","og_type":"article","og_title":"excursiones a rabat desde casablanca \/ viajes a rabat desde casablanca,","og_description":"excursiones a rabat desde casablanca \/ viajes a rabat desde casablanca,excursiones desde casablanca a rabat,tours desde casablanca a rabat ,","og_url":"https:\/\/merzougacameltrek.com\/es\/excursiones-a-rabat\/","og_site_name":"merzouga camel trek","article_modified_time":"2021-03-26T21:38:51+00:00","og_image":[{"url":"https:\/\/merzougacameltrek.com\/es\/wp-content\/uploads\/2021\/03\/csm_csm-frs-iberia-destinos-rabat_06cdf5682b-1024x538.jpg","type":"","width":"","height":""}],"twitter_card":"summary_large_image","twitter_misc":{"Dur\u00e9e de lecture estim\u00e9e":"1 minute"},"schema":{"@context":"https:\/\/schema.org","@graph":[{"@type":"WebPage","@id":"https:\/\/merzougacameltrek.com\/es\/excursiones-a-rabat\/","url":"https:\/\/merzougacameltrek.com\/es\/excursiones-a-rabat\/","name":"excursiones a rabat desde casablanca \/ viajes a rabat desde casablanca,","isPartOf":{"@id":"https:\/\/merzougacameltrek.com\/es\/#website"},"primaryImageOfPage":{"@id":"https:\/\/merzougacameltrek.com\/es\/excursiones-a-rabat\/#primaryimage"},"image":{"@id":"https:\/\/merzougacameltrek.com\/es\/excursiones-a-rabat\/#primaryimage"},"thumbnailUrl":"https:\/\/merzougacameltrek.com\/es\/wp-content\/uploads\/2021\/03\/csm_csm-frs-iberia-destinos-rabat_06cdf5682b-1024x538.jpg","datePublished":"2021-03-26T21:38:48+00:00","dateModified":"2021-03-26T21:38:51+00:00","description":"excursiones a rabat desde casablanca \/ viajes a rabat desde casablanca,excursiones desde casablanca a rabat,tours desde casablanca a rabat ,","inLanguage":"fr-FR","potentialAction":[{"@type":"ReadAction","target":["https:\/\/merzougacameltrek.com\/es\/excursiones-a-rabat\/"]}]},{"@type":"ImageObject","inLanguage":"fr-FR","@id":"https:\/\/merzougacameltrek.com\/es\/excursiones-a-rabat\/#primaryimage","url":"https:\/\/merzougacameltrek.com\/es\/wp-content\/uploads\/2021\/03\/csm_csm-frs-iberia-destinos-rabat_06cdf5682b.jpg","contentUrl":"https:\/\/merzougacameltrek.com\/es\/wp-content\/uploads\/2021\/03\/csm_csm-frs-iberia-destinos-rabat_06cdf5682b.jpg","width":1200,"height":630},{"@type":"WebSite","@id":"https:\/\/merzougacameltrek.com\/es\/#website","url":"https:\/\/merzougacameltrek.com\/es\/","name":"merzouga camel trek","description":"Visit Morocco NOW | Discover &amp; Book on Sahara Travel Tours","publisher":{"@id":"https:\/\/merzougacameltrek.com\/es\/#organization"},"potentialAction":[{"@type":"SearchAction","target":{"@type":"EntryPoint","urlTemplate":"https:\/\/merzougacameltrek.com\/es\/?s={search_term_string}"},"query-input":{"@type":"PropertyValueSpecification","valueRequired":true,"valueName":"search_term_string"}}],"inLanguage":"fr-FR"},{"@type":"Organization","@id":"https:\/\/merzougacameltrek.com\/es\/#organization","name":"merzouga camel trek","url":"https:\/\/merzougacameltrek.com\/es\/","logo":{"@type":"ImageObject","inLanguage":"fr-FR","@id":"https:\/\/merzougacameltrek.com\/es\/#\/schema\/logo\/image\/","url":"https:\/\/merzougacameltrek.com\/es\/wp-content\/uploads\/2023\/10\/cropped-logo-3.png","contentUrl":"https:\/\/merzougacameltrek.com\/es\/wp-content\/uploads\/2023\/10\/cropped-logo-3.png","width":245,"height":60,"caption":"merzouga camel trek"},"image":{"@id":"https:\/\/merzougacameltrek.com\/es\/#\/schema\/logo\/image\/"}}]}},"_links":{"self":[{"href":"https:\/\/merzougacameltrek.com\/es\/wp-json\/wp\/v2\/pages\/2808","targetHints":{"allow":["GET"]}}],"collection":[{"href":"https:\/\/merzougacameltrek.com\/es\/wp-json\/wp\/v2\/pages"}],"about":[{"href":"https:\/\/merzougacameltrek.com\/es\/wp-json\/wp\/v2\/types\/page"}],"author":[{"embeddable":true,"href":"https:\/\/merzougacameltrek.com\/es\/wp-json\/wp\/v2\/users\/1"}],"replies":[{"embeddable":true,"href":"https:\/\/merzougacameltrek.com\/es\/wp-json\/wp\/v2\/comments?post=2808"}],"version-history":[{"count":1,"href":"https:\/\/merzougacameltrek.com\/es\/wp-json\/wp\/v2\/pages\/2808\/revisions"}],"predecessor-version":[{"id":2810,"href":"https:\/\/merzougacameltrek.com\/es\/wp-json\/wp\/v2\/pages\/2808\/revisions\/2810"}],"wp:attachment":[{"href":"https:\/\/merzougacameltrek.com\/es\/wp-json\/wp\/v2\/media?parent=2808"}],"curies":[{"name":"wp","href":"https:\/\/api.w.org\/{rel}","templated":true}]}}