{"id":2812,"date":"2021-03-26T21:50:37","date_gmt":"2021-03-26T21:50:37","guid":{"rendered":"https:\/\/merzougacameltrek.com\/es\/?page_id=2812"},"modified":"2021-03-26T21:51:18","modified_gmt":"2021-03-26T21:51:18","slug":"excursiones-a-fez","status":"publish","type":"page","link":"https:\/\/merzougacameltrek.com\/es\/excursiones-a-fez\/","title":{"rendered":"EXCURSIONES A FEZ"},"content":{"rendered":"\n<figure class=\"wp-block-image size-large is-resized\"><img fetchpriority=\"high\" decoding=\"async\" src=\"https:\/\/merzougacameltrek.com\/es\/wp-content\/uploads\/2021\/03\/1024px-The_Blue_Gate_of_Fes_28536468583829.jpg\" alt=\"\" class=\"wp-image-2813\" width=\"902\" height=\"600\" srcset=\"https:\/\/merzougacameltrek.com\/es\/wp-content\/uploads\/2021\/03\/1024px-The_Blue_Gate_of_Fes_28536468583829.jpg 1024w, https:\/\/merzougacameltrek.com\/es\/wp-content\/uploads\/2021\/03\/1024px-The_Blue_Gate_of_Fes_28536468583829-300x199.jpg 300w, https:\/\/merzougacameltrek.com\/es\/wp-content\/uploads\/2021\/03\/1024px-The_Blue_Gate_of_Fes_28536468583829-768x510.jpg 768w\" sizes=\"(max-width: 902px) 100vw, 902px\" \/><\/figure>\n\n\n\n<p>nuestro viajes desde casablanca a fez es un grande experiencia en marruecos y tienemos 3 horas del camino y nos dirigimos a Fez; una vez ahi; comenzaremos nuestro recorrido por la ciudad.<\/p>\n\n\n\n<p>Dado que es un tour privado, vosotros eleg\u00eds lo que quer\u00e9is visitar y lo que no. Si quer\u00e9is dejarlo en nuestras manos, el recorrido ser\u00e1 por toda la ciudad, que es el que consideramos ideal para conocer la ciudad. Conoceremos las partes m\u00e1s modernas y tambi\u00e9n las m\u00e1s tradicionales.<\/p>\n\n\n\n<p><strong><span class=\"has-inline-color has-luminous-vivid-orange-color\">NCLUIDO EN EL VIAJE<\/span><\/strong><\/p>\n\n\n\n<ul class=\"wp-block-list\"><li>Transporte<\/li><li>Ch\u00f3fer-acompa\u00f1ante de habla hispana.<\/li><li>Combustible.<\/li><li><\/li><\/ul>\n\n\n\n<p><span class=\"has-inline-color has-luminous-vivid-orange-color\">NO INCLUIDO EN EL VIAJE<\/span><\/p>\n\n\n\n<p>Comidas y bebidas<\/p>\n","protected":false},"excerpt":{"rendered":"<p>nuestro viajes desde casablanca a fez es un grande experiencia en marruecos y tienemos 3 horas del camino y nos dirigimos a Fez; una vez ahi; comenzaremos nuestro recorrido por la ciudad. Dado que es un tour privado, vosotros eleg\u00eds lo que quer\u00e9is visitar y lo que no. Si quer\u00e9is dejarlo en nuestras manos, el [&hellip;]<\/p>\n","protected":false},"author":1,"featured_media":0,"parent":0,"menu_order":0,"comment_status":"closed","ping_status":"closed","template":"","meta":{"footnotes":""},"class_list":["post-2812","page","type-page","status-publish","hentry"],"yoast_head":"<!-- This site is optimized with the Yoast SEO plugin v27.3 - https:\/\/yoast.com\/product\/yoast-seo-wordpress\/ -->\n<title>excursiones a fez desde casablanca \/ viajes desde casablanca a fez,<\/title>\n<meta name=\"description\" content=\"excursiones a fez desde casablanca \/ viajes desde casablanca a fez,un dia de viaje desde casablanca,tours desde casablanca a fez,\" \/>\n<meta name=\"robots\" content=\"index, follow, max-snippet:-1, max-image-preview:large, max-video-preview:-1\" \/>\n<link rel=\"canonical\" href=\"https:\/\/merzougacameltrek.com\/es\/excursiones-a-fez\/\" \/>\n<meta property=\"og:locale\" content=\"fr_FR\" \/>\n<meta property=\"og:type\" content=\"article\" \/>\n<meta property=\"og:title\" content=\"excursiones a fez desde casablanca \/ viajes desde casablanca a fez,\" \/>\n<meta property=\"og:description\" content=\"excursiones a fez desde casablanca \/ viajes desde casablanca a fez,un dia de viaje desde casablanca,tours desde casablanca a fez,\" \/>\n<meta property=\"og:url\" content=\"https:\/\/merzougacameltrek.com\/es\/excursiones-a-fez\/\" \/>\n<meta property=\"og:site_name\" content=\"merzouga camel trek\" \/>\n<meta property=\"article:modified_time\" content=\"2021-03-26T21:51:18+00:00\" \/>\n<meta property=\"og:image\" content=\"https:\/\/merzougacameltrek.com\/es\/wp-content\/uploads\/2021\/03\/1024px-The_Blue_Gate_of_Fes_28536468583829.jpg\" \/>\n<meta name=\"twitter:card\" content=\"summary_large_image\" \/>\n<meta name=\"twitter:label1\" content=\"Dur\u00e9e de lecture estim\u00e9e\" \/>\n\t<meta name=\"twitter:data1\" content=\"1 minute\" \/>\n<script type=\"application\/ld+json\" class=\"yoast-schema-graph\">{\"@context\":\"https:\\\/\\\/schema.org\",\"@graph\":[{\"@type\":\"WebPage\",\"@id\":\"https:\\\/\\\/merzougacameltrek.com\\\/es\\\/excursiones-a-fez\\\/\",\"url\":\"https:\\\/\\\/merzougacameltrek.com\\\/es\\\/excursiones-a-fez\\\/\",\"name\":\"excursiones a fez desde casablanca \\\/ viajes desde casablanca a fez,\",\"isPartOf\":{\"@id\":\"https:\\\/\\\/merzougacameltrek.com\\\/es\\\/#website\"},\"primaryImageOfPage\":{\"@id\":\"https:\\\/\\\/merzougacameltrek.com\\\/es\\\/excursiones-a-fez\\\/#primaryimage\"},\"image\":{\"@id\":\"https:\\\/\\\/merzougacameltrek.com\\\/es\\\/excursiones-a-fez\\\/#primaryimage\"},\"thumbnailUrl\":\"https:\\\/\\\/merzougacameltrek.com\\\/es\\\/wp-content\\\/uploads\\\/2021\\\/03\\\/1024px-The_Blue_Gate_of_Fes_28536468583829.jpg\",\"datePublished\":\"2021-03-26T21:50:37+00:00\",\"dateModified\":\"2021-03-26T21:51:18+00:00\",\"description\":\"excursiones a fez desde casablanca \\\/ viajes desde casablanca a fez,un dia de viaje desde casablanca,tours desde casablanca a fez,\",\"inLanguage\":\"fr-FR\",\"potentialAction\":[{\"@type\":\"ReadAction\",\"target\":[\"https:\\\/\\\/merzougacameltrek.com\\\/es\\\/excursiones-a-fez\\\/\"]}]},{\"@type\":\"ImageObject\",\"inLanguage\":\"fr-FR\",\"@id\":\"https:\\\/\\\/merzougacameltrek.com\\\/es\\\/excursiones-a-fez\\\/#primaryimage\",\"url\":\"https:\\\/\\\/merzougacameltrek.com\\\/es\\\/wp-content\\\/uploads\\\/2021\\\/03\\\/1024px-The_Blue_Gate_of_Fes_28536468583829.jpg\",\"contentUrl\":\"https:\\\/\\\/merzougacameltrek.com\\\/es\\\/wp-content\\\/uploads\\\/2021\\\/03\\\/1024px-The_Blue_Gate_of_Fes_28536468583829.jpg\",\"width\":1024,\"height\":680},{\"@type\":\"WebSite\",\"@id\":\"https:\\\/\\\/merzougacameltrek.com\\\/es\\\/#website\",\"url\":\"https:\\\/\\\/merzougacameltrek.com\\\/es\\\/\",\"name\":\"merzouga camel trek\",\"description\":\"Visit Morocco NOW | Discover &amp; Book on Sahara Travel Tours\",\"publisher\":{\"@id\":\"https:\\\/\\\/merzougacameltrek.com\\\/es\\\/#organization\"},\"potentialAction\":[{\"@type\":\"SearchAction\",\"target\":{\"@type\":\"EntryPoint\",\"urlTemplate\":\"https:\\\/\\\/merzougacameltrek.com\\\/es\\\/?s={search_term_string}\"},\"query-input\":{\"@type\":\"PropertyValueSpecification\",\"valueRequired\":true,\"valueName\":\"search_term_string\"}}],\"inLanguage\":\"fr-FR\"},{\"@type\":\"Organization\",\"@id\":\"https:\\\/\\\/merzougacameltrek.com\\\/es\\\/#organization\",\"name\":\"merzouga camel trek\",\"url\":\"https:\\\/\\\/merzougacameltrek.com\\\/es\\\/\",\"logo\":{\"@type\":\"ImageObject\",\"inLanguage\":\"fr-FR\",\"@id\":\"https:\\\/\\\/merzougacameltrek.com\\\/es\\\/#\\\/schema\\\/logo\\\/image\\\/\",\"url\":\"https:\\\/\\\/merzougacameltrek.com\\\/es\\\/wp-content\\\/uploads\\\/2023\\\/10\\\/cropped-logo-3.png\",\"contentUrl\":\"https:\\\/\\\/merzougacameltrek.com\\\/es\\\/wp-content\\\/uploads\\\/2023\\\/10\\\/cropped-logo-3.png\",\"width\":245,\"height\":60,\"caption\":\"merzouga camel trek\"},\"image\":{\"@id\":\"https:\\\/\\\/merzougacameltrek.com\\\/es\\\/#\\\/schema\\\/logo\\\/image\\\/\"}}]}<\/script>\n<!-- \/ Yoast SEO plugin. -->","yoast_head_json":{"title":"excursiones a fez desde casablanca \/ viajes desde casablanca a fez,","description":"excursiones a fez desde casablanca \/ viajes desde casablanca a fez,un dia de viaje desde casablanca,tours desde casablanca a fez,","robots":{"index":"index","follow":"follow","max-snippet":"max-snippet:-1","max-image-preview":"max-image-preview:large","max-video-preview":"max-video-preview:-1"},"canonical":"https:\/\/merzougacameltrek.com\/es\/excursiones-a-fez\/","og_locale":"fr_FR","og_type":"article","og_title":"excursiones a fez desde casablanca \/ viajes desde casablanca a fez,","og_description":"excursiones a fez desde casablanca \/ viajes desde casablanca a fez,un dia de viaje desde casablanca,tours desde casablanca a fez,","og_url":"https:\/\/merzougacameltrek.com\/es\/excursiones-a-fez\/","og_site_name":"merzouga camel trek","article_modified_time":"2021-03-26T21:51:18+00:00","og_image":[{"url":"https:\/\/merzougacameltrek.com\/es\/wp-content\/uploads\/2021\/03\/1024px-The_Blue_Gate_of_Fes_28536468583829.jpg","type":"","width":"","height":""}],"twitter_card":"summary_large_image","twitter_misc":{"Dur\u00e9e de lecture estim\u00e9e":"1 minute"},"schema":{"@context":"https:\/\/schema.org","@graph":[{"@type":"WebPage","@id":"https:\/\/merzougacameltrek.com\/es\/excursiones-a-fez\/","url":"https:\/\/merzougacameltrek.com\/es\/excursiones-a-fez\/","name":"excursiones a fez desde casablanca \/ viajes desde casablanca a fez,","isPartOf":{"@id":"https:\/\/merzougacameltrek.com\/es\/#website"},"primaryImageOfPage":{"@id":"https:\/\/merzougacameltrek.com\/es\/excursiones-a-fez\/#primaryimage"},"image":{"@id":"https:\/\/merzougacameltrek.com\/es\/excursiones-a-fez\/#primaryimage"},"thumbnailUrl":"https:\/\/merzougacameltrek.com\/es\/wp-content\/uploads\/2021\/03\/1024px-The_Blue_Gate_of_Fes_28536468583829.jpg","datePublished":"2021-03-26T21:50:37+00:00","dateModified":"2021-03-26T21:51:18+00:00","description":"excursiones a fez desde casablanca \/ viajes desde casablanca a fez,un dia de viaje desde casablanca,tours desde casablanca a fez,","inLanguage":"fr-FR","potentialAction":[{"@type":"ReadAction","target":["https:\/\/merzougacameltrek.com\/es\/excursiones-a-fez\/"]}]},{"@type":"ImageObject","inLanguage":"fr-FR","@id":"https:\/\/merzougacameltrek.com\/es\/excursiones-a-fez\/#primaryimage","url":"https:\/\/merzougacameltrek.com\/es\/wp-content\/uploads\/2021\/03\/1024px-The_Blue_Gate_of_Fes_28536468583829.jpg","contentUrl":"https:\/\/merzougacameltrek.com\/es\/wp-content\/uploads\/2021\/03\/1024px-The_Blue_Gate_of_Fes_28536468583829.jpg","width":1024,"height":680},{"@type":"WebSite","@id":"https:\/\/merzougacameltrek.com\/es\/#website","url":"https:\/\/merzougacameltrek.com\/es\/","name":"merzouga camel trek","description":"Visit Morocco NOW | Discover &amp; Book on Sahara Travel Tours","publisher":{"@id":"https:\/\/merzougacameltrek.com\/es\/#organization"},"potentialAction":[{"@type":"SearchAction","target":{"@type":"EntryPoint","urlTemplate":"https:\/\/merzougacameltrek.com\/es\/?s={search_term_string}"},"query-input":{"@type":"PropertyValueSpecification","valueRequired":true,"valueName":"search_term_string"}}],"inLanguage":"fr-FR"},{"@type":"Organization","@id":"https:\/\/merzougacameltrek.com\/es\/#organization","name":"merzouga camel trek","url":"https:\/\/merzougacameltrek.com\/es\/","logo":{"@type":"ImageObject","inLanguage":"fr-FR","@id":"https:\/\/merzougacameltrek.com\/es\/#\/schema\/logo\/image\/","url":"https:\/\/merzougacameltrek.com\/es\/wp-content\/uploads\/2023\/10\/cropped-logo-3.png","contentUrl":"https:\/\/merzougacameltrek.com\/es\/wp-content\/uploads\/2023\/10\/cropped-logo-3.png","width":245,"height":60,"caption":"merzouga camel trek"},"image":{"@id":"https:\/\/merzougacameltrek.com\/es\/#\/schema\/logo\/image\/"}}]}},"_links":{"self":[{"href":"https:\/\/merzougacameltrek.com\/es\/wp-json\/wp\/v2\/pages\/2812","targetHints":{"allow":["GET"]}}],"collection":[{"href":"https:\/\/merzougacameltrek.com\/es\/wp-json\/wp\/v2\/pages"}],"about":[{"href":"https:\/\/merzougacameltrek.com\/es\/wp-json\/wp\/v2\/types\/page"}],"author":[{"embeddable":true,"href":"https:\/\/merzougacameltrek.com\/es\/wp-json\/wp\/v2\/users\/1"}],"replies":[{"embeddable":true,"href":"https:\/\/merzougacameltrek.com\/es\/wp-json\/wp\/v2\/comments?post=2812"}],"version-history":[{"count":2,"href":"https:\/\/merzougacameltrek.com\/es\/wp-json\/wp\/v2\/pages\/2812\/revisions"}],"predecessor-version":[{"id":2815,"href":"https:\/\/merzougacameltrek.com\/es\/wp-json\/wp\/v2\/pages\/2812\/revisions\/2815"}],"wp:attachment":[{"href":"https:\/\/merzougacameltrek.com\/es\/wp-json\/wp\/v2\/media?parent=2812"}],"curies":[{"name":"wp","href":"https:\/\/api.w.org\/{rel}","templated":true}]}}