{"id":2817,"date":"2021-03-26T22:05:25","date_gmt":"2021-03-26T22:05:25","guid":{"rendered":"https:\/\/merzougacameltrek.com\/es\/?page_id=2817"},"modified":"2021-03-26T22:05:27","modified_gmt":"2021-03-26T22:05:27","slug":"excursiones-a-meknes-y-volubilis","status":"publish","type":"page","link":"https:\/\/merzougacameltrek.com\/es\/excursiones-a-meknes-y-volubilis\/","title":{"rendered":"EXCURSIONES A MEKNES Y VOLUBILIS"},"content":{"rendered":"\n<figure class=\"wp-block-image size-large\"><img fetchpriority=\"high\" decoding=\"async\" width=\"1024\" height=\"720\" src=\"https:\/\/merzougacameltrek.com\/es\/wp-content\/uploads\/2021\/03\/iipuu.jpg\" alt=\"\" class=\"wp-image-2818\" srcset=\"https:\/\/merzougacameltrek.com\/es\/wp-content\/uploads\/2021\/03\/iipuu.jpg 1024w, https:\/\/merzougacameltrek.com\/es\/wp-content\/uploads\/2021\/03\/iipuu-300x211.jpg 300w, https:\/\/merzougacameltrek.com\/es\/wp-content\/uploads\/2021\/03\/iipuu-768x540.jpg 768w\" sizes=\"(max-width: 1024px) 100vw, 1024px\" \/><\/figure>\n\n\n\n<p><\/p>\n\n\n\n<p>Despu\u00e9s del desayuno empieza nuestro viaje y encuentra nos en su hotel o airporte y partiremos hacia Walili (Volubilis), una antigua ciudad romana situada en el territorio del actual Marruecos, al pie del monte Zerhun, y muy cerca de Mulay Idris, la ciudad santa de Marruecos.<\/p>\n\n\n\n<p>El yacimiento arqueol\u00f3gico de Volubilis es posiblemente el yacimiento romano mejor preservado de esta \u00e1rea del norte de \u00c1frica. Fue incluido en la lista del Patrimonio de la Humanidad de Unesco en 1997.<\/p>\n\n\n\n<p>Parece ser que la ciudad fue fundada por los cartagineses en el siglo III a. c.<\/p>\n\n\n\n<p>Su prosperidad estaba basada en la producci\u00f3n y comercio de aceite, trigo y de animales salvajes destinados a los circos por lo que Volubilis se convirti\u00f3 en la principal ciudad del interior de la provincia y un importante centro administrativo, residencia de los procuradores de la provincia.<\/p>\n\n\n\n<p>El yacimiento, que ocupa unas 20 hect\u00e1reas y aunque apenas ha sido excavado a la mitad, contiene infinidad de restos arqueol\u00f3gicos y monumentos. Los m\u00e1s importantes son el foro, una bas\u00edlica del siglo II y el templo de J\u00fapiter Capitolino, situados, seg\u00fan la costumbre romana, en lo m\u00e1s alto de la ciudad, y el Arco de Triunfo de Caracalla.<\/p>\n\n\n\n<p>Al finalizar la visita partiremos hacia la m\u00e1s peque\u00f1a de las ciudades imperiales, Meknes. En esta ciudad ligada al nombre de Moulay Ismail, el Gran Sult\u00e1n de la dinast\u00eda Alauita, visitaremos la Medina amurallada, la preciosa puerta Bab Mansour, la Plaza el Hedim y la caballeriza y graneros del Sult\u00e1n. Al finalizar la visita partiremos hacia Fes. traslado al punto acordado. Fin de nuestros servicios<\/p>\n\n\n\n<p><strong><span class=\"has-inline-color has-luminous-vivid-orange-color\">NCLUIDO EN EL VIAJE<\/span><\/strong><\/p>\n\n\n\n<ul class=\"wp-block-list\"><li>Transporte<\/li><li>Ch\u00f3fer-acompa\u00f1ante de habla hispana.<\/li><li>Combustible.<\/li><\/ul>\n\n\n\n<p><span class=\"has-inline-color has-luminous-vivid-orange-color\">NO INCLUIDO EN EL VIAJE<\/span><\/p>\n\n\n\n<p>Comidas y bebidas<\/p>\n","protected":false},"excerpt":{"rendered":"<p>Despu\u00e9s del desayuno empieza nuestro viaje y encuentra nos en su hotel o airporte y partiremos hacia Walili (Volubilis), una antigua ciudad romana situada en el territorio del actual Marruecos, al pie del monte Zerhun, y muy cerca de Mulay Idris, la ciudad santa de Marruecos. El yacimiento arqueol\u00f3gico de Volubilis es posiblemente el yacimiento [&hellip;]<\/p>\n","protected":false},"author":1,"featured_media":0,"parent":0,"menu_order":0,"comment_status":"closed","ping_status":"closed","template":"","meta":{"footnotes":""},"class_list":["post-2817","page","type-page","status-publish","hentry"],"yoast_head":"<!-- This site is optimized with the Yoast SEO plugin v27.3 - https:\/\/yoast.com\/product\/yoast-seo-wordpress\/ -->\n<title>tours desde casablanca a meknes y volubilis ,excursiones a volubilis,<\/title>\n<meta name=\"description\" content=\"tours desde casablanca a meknes y volubilis ,excursiones a volubilis,tour un dia a meknes y volubilis,excursiones desde casablana a volubilis\" \/>\n<meta name=\"robots\" content=\"index, follow, max-snippet:-1, max-image-preview:large, max-video-preview:-1\" \/>\n<link rel=\"canonical\" href=\"https:\/\/merzougacameltrek.com\/es\/excursiones-a-meknes-y-volubilis\/\" \/>\n<meta property=\"og:locale\" content=\"fr_FR\" \/>\n<meta property=\"og:type\" content=\"article\" \/>\n<meta property=\"og:title\" content=\"tours desde casablanca a meknes y volubilis ,excursiones a volubilis,\" \/>\n<meta property=\"og:description\" content=\"tours desde casablanca a meknes y volubilis ,excursiones a volubilis,tour un dia a meknes y volubilis,excursiones desde casablana a volubilis\" \/>\n<meta property=\"og:url\" content=\"https:\/\/merzougacameltrek.com\/es\/excursiones-a-meknes-y-volubilis\/\" \/>\n<meta property=\"og:site_name\" content=\"merzouga camel trek\" \/>\n<meta property=\"article:modified_time\" content=\"2021-03-26T22:05:27+00:00\" \/>\n<meta property=\"og:image\" content=\"https:\/\/merzougacameltrek.com\/es\/wp-content\/uploads\/2021\/03\/iipuu.jpg\" \/>\n<meta name=\"twitter:card\" content=\"summary_large_image\" \/>\n<meta name=\"twitter:label1\" content=\"Dur\u00e9e de lecture estim\u00e9e\" \/>\n\t<meta name=\"twitter:data1\" content=\"2 minutes\" \/>\n<script type=\"application\/ld+json\" class=\"yoast-schema-graph\">{\"@context\":\"https:\\\/\\\/schema.org\",\"@graph\":[{\"@type\":\"WebPage\",\"@id\":\"https:\\\/\\\/merzougacameltrek.com\\\/es\\\/excursiones-a-meknes-y-volubilis\\\/\",\"url\":\"https:\\\/\\\/merzougacameltrek.com\\\/es\\\/excursiones-a-meknes-y-volubilis\\\/\",\"name\":\"tours desde casablanca a meknes y volubilis ,excursiones a volubilis,\",\"isPartOf\":{\"@id\":\"https:\\\/\\\/merzougacameltrek.com\\\/es\\\/#website\"},\"primaryImageOfPage\":{\"@id\":\"https:\\\/\\\/merzougacameltrek.com\\\/es\\\/excursiones-a-meknes-y-volubilis\\\/#primaryimage\"},\"image\":{\"@id\":\"https:\\\/\\\/merzougacameltrek.com\\\/es\\\/excursiones-a-meknes-y-volubilis\\\/#primaryimage\"},\"thumbnailUrl\":\"https:\\\/\\\/merzougacameltrek.com\\\/es\\\/wp-content\\\/uploads\\\/2021\\\/03\\\/iipuu.jpg\",\"datePublished\":\"2021-03-26T22:05:25+00:00\",\"dateModified\":\"2021-03-26T22:05:27+00:00\",\"description\":\"tours desde casablanca a meknes y volubilis ,excursiones a volubilis,tour un dia a meknes y volubilis,excursiones desde casablana a volubilis\",\"inLanguage\":\"fr-FR\",\"potentialAction\":[{\"@type\":\"ReadAction\",\"target\":[\"https:\\\/\\\/merzougacameltrek.com\\\/es\\\/excursiones-a-meknes-y-volubilis\\\/\"]}]},{\"@type\":\"ImageObject\",\"inLanguage\":\"fr-FR\",\"@id\":\"https:\\\/\\\/merzougacameltrek.com\\\/es\\\/excursiones-a-meknes-y-volubilis\\\/#primaryimage\",\"url\":\"https:\\\/\\\/merzougacameltrek.com\\\/es\\\/wp-content\\\/uploads\\\/2021\\\/03\\\/iipuu.jpg\",\"contentUrl\":\"https:\\\/\\\/merzougacameltrek.com\\\/es\\\/wp-content\\\/uploads\\\/2021\\\/03\\\/iipuu.jpg\",\"width\":1024,\"height\":720},{\"@type\":\"WebSite\",\"@id\":\"https:\\\/\\\/merzougacameltrek.com\\\/es\\\/#website\",\"url\":\"https:\\\/\\\/merzougacameltrek.com\\\/es\\\/\",\"name\":\"merzouga camel trek\",\"description\":\"Visit Morocco NOW | Discover &amp; Book on Sahara Travel Tours\",\"publisher\":{\"@id\":\"https:\\\/\\\/merzougacameltrek.com\\\/es\\\/#organization\"},\"potentialAction\":[{\"@type\":\"SearchAction\",\"target\":{\"@type\":\"EntryPoint\",\"urlTemplate\":\"https:\\\/\\\/merzougacameltrek.com\\\/es\\\/?s={search_term_string}\"},\"query-input\":{\"@type\":\"PropertyValueSpecification\",\"valueRequired\":true,\"valueName\":\"search_term_string\"}}],\"inLanguage\":\"fr-FR\"},{\"@type\":\"Organization\",\"@id\":\"https:\\\/\\\/merzougacameltrek.com\\\/es\\\/#organization\",\"name\":\"merzouga camel trek\",\"url\":\"https:\\\/\\\/merzougacameltrek.com\\\/es\\\/\",\"logo\":{\"@type\":\"ImageObject\",\"inLanguage\":\"fr-FR\",\"@id\":\"https:\\\/\\\/merzougacameltrek.com\\\/es\\\/#\\\/schema\\\/logo\\\/image\\\/\",\"url\":\"https:\\\/\\\/merzougacameltrek.com\\\/es\\\/wp-content\\\/uploads\\\/2023\\\/10\\\/cropped-logo-3.png\",\"contentUrl\":\"https:\\\/\\\/merzougacameltrek.com\\\/es\\\/wp-content\\\/uploads\\\/2023\\\/10\\\/cropped-logo-3.png\",\"width\":245,\"height\":60,\"caption\":\"merzouga camel trek\"},\"image\":{\"@id\":\"https:\\\/\\\/merzougacameltrek.com\\\/es\\\/#\\\/schema\\\/logo\\\/image\\\/\"}}]}<\/script>\n<!-- \/ Yoast SEO plugin. -->","yoast_head_json":{"title":"tours desde casablanca a meknes y volubilis ,excursiones a volubilis,","description":"tours desde casablanca a meknes y volubilis ,excursiones a volubilis,tour un dia a meknes y volubilis,excursiones desde casablana a volubilis","robots":{"index":"index","follow":"follow","max-snippet":"max-snippet:-1","max-image-preview":"max-image-preview:large","max-video-preview":"max-video-preview:-1"},"canonical":"https:\/\/merzougacameltrek.com\/es\/excursiones-a-meknes-y-volubilis\/","og_locale":"fr_FR","og_type":"article","og_title":"tours desde casablanca a meknes y volubilis ,excursiones a volubilis,","og_description":"tours desde casablanca a meknes y volubilis ,excursiones a volubilis,tour un dia a meknes y volubilis,excursiones desde casablana a volubilis","og_url":"https:\/\/merzougacameltrek.com\/es\/excursiones-a-meknes-y-volubilis\/","og_site_name":"merzouga camel trek","article_modified_time":"2021-03-26T22:05:27+00:00","og_image":[{"url":"https:\/\/merzougacameltrek.com\/es\/wp-content\/uploads\/2021\/03\/iipuu.jpg","type":"","width":"","height":""}],"twitter_card":"summary_large_image","twitter_misc":{"Dur\u00e9e de lecture estim\u00e9e":"2 minutes"},"schema":{"@context":"https:\/\/schema.org","@graph":[{"@type":"WebPage","@id":"https:\/\/merzougacameltrek.com\/es\/excursiones-a-meknes-y-volubilis\/","url":"https:\/\/merzougacameltrek.com\/es\/excursiones-a-meknes-y-volubilis\/","name":"tours desde casablanca a meknes y volubilis ,excursiones a volubilis,","isPartOf":{"@id":"https:\/\/merzougacameltrek.com\/es\/#website"},"primaryImageOfPage":{"@id":"https:\/\/merzougacameltrek.com\/es\/excursiones-a-meknes-y-volubilis\/#primaryimage"},"image":{"@id":"https:\/\/merzougacameltrek.com\/es\/excursiones-a-meknes-y-volubilis\/#primaryimage"},"thumbnailUrl":"https:\/\/merzougacameltrek.com\/es\/wp-content\/uploads\/2021\/03\/iipuu.jpg","datePublished":"2021-03-26T22:05:25+00:00","dateModified":"2021-03-26T22:05:27+00:00","description":"tours desde casablanca a meknes y volubilis ,excursiones a volubilis,tour un dia a meknes y volubilis,excursiones desde casablana a volubilis","inLanguage":"fr-FR","potentialAction":[{"@type":"ReadAction","target":["https:\/\/merzougacameltrek.com\/es\/excursiones-a-meknes-y-volubilis\/"]}]},{"@type":"ImageObject","inLanguage":"fr-FR","@id":"https:\/\/merzougacameltrek.com\/es\/excursiones-a-meknes-y-volubilis\/#primaryimage","url":"https:\/\/merzougacameltrek.com\/es\/wp-content\/uploads\/2021\/03\/iipuu.jpg","contentUrl":"https:\/\/merzougacameltrek.com\/es\/wp-content\/uploads\/2021\/03\/iipuu.jpg","width":1024,"height":720},{"@type":"WebSite","@id":"https:\/\/merzougacameltrek.com\/es\/#website","url":"https:\/\/merzougacameltrek.com\/es\/","name":"merzouga camel trek","description":"Visit Morocco NOW | Discover &amp; Book on Sahara Travel Tours","publisher":{"@id":"https:\/\/merzougacameltrek.com\/es\/#organization"},"potentialAction":[{"@type":"SearchAction","target":{"@type":"EntryPoint","urlTemplate":"https:\/\/merzougacameltrek.com\/es\/?s={search_term_string}"},"query-input":{"@type":"PropertyValueSpecification","valueRequired":true,"valueName":"search_term_string"}}],"inLanguage":"fr-FR"},{"@type":"Organization","@id":"https:\/\/merzougacameltrek.com\/es\/#organization","name":"merzouga camel trek","url":"https:\/\/merzougacameltrek.com\/es\/","logo":{"@type":"ImageObject","inLanguage":"fr-FR","@id":"https:\/\/merzougacameltrek.com\/es\/#\/schema\/logo\/image\/","url":"https:\/\/merzougacameltrek.com\/es\/wp-content\/uploads\/2023\/10\/cropped-logo-3.png","contentUrl":"https:\/\/merzougacameltrek.com\/es\/wp-content\/uploads\/2023\/10\/cropped-logo-3.png","width":245,"height":60,"caption":"merzouga camel trek"},"image":{"@id":"https:\/\/merzougacameltrek.com\/es\/#\/schema\/logo\/image\/"}}]}},"_links":{"self":[{"href":"https:\/\/merzougacameltrek.com\/es\/wp-json\/wp\/v2\/pages\/2817","targetHints":{"allow":["GET"]}}],"collection":[{"href":"https:\/\/merzougacameltrek.com\/es\/wp-json\/wp\/v2\/pages"}],"about":[{"href":"https:\/\/merzougacameltrek.com\/es\/wp-json\/wp\/v2\/types\/page"}],"author":[{"embeddable":true,"href":"https:\/\/merzougacameltrek.com\/es\/wp-json\/wp\/v2\/users\/1"}],"replies":[{"embeddable":true,"href":"https:\/\/merzougacameltrek.com\/es\/wp-json\/wp\/v2\/comments?post=2817"}],"version-history":[{"count":1,"href":"https:\/\/merzougacameltrek.com\/es\/wp-json\/wp\/v2\/pages\/2817\/revisions"}],"predecessor-version":[{"id":2819,"href":"https:\/\/merzougacameltrek.com\/es\/wp-json\/wp\/v2\/pages\/2817\/revisions\/2819"}],"wp:attachment":[{"href":"https:\/\/merzougacameltrek.com\/es\/wp-json\/wp\/v2\/media?parent=2817"}],"curies":[{"name":"wp","href":"https:\/\/api.w.org\/{rel}","templated":true}]}}