{"id":2821,"date":"2021-03-26T22:13:46","date_gmt":"2021-03-26T22:13:46","guid":{"rendered":"https:\/\/merzougacameltrek.com\/es\/?page_id=2821"},"modified":"2021-03-26T22:13:49","modified_gmt":"2021-03-26T22:13:49","slug":"excursiones-a-chefchaouen","status":"publish","type":"page","link":"https:\/\/merzougacameltrek.com\/es\/excursiones-a-chefchaouen\/","title":{"rendered":"EXCURSIONES A CHEFCHAOUEN"},"content":{"rendered":"\n<p>nuestro excursiones a chefchaouen empieza por la manana desde Casablanca y traslado a\u00a0<strong>Chefchaouen<\/strong>. A tu llegada, vamos con el gu\u00eda de habla hispana para comenzar el recorrido en la\u00a0<strong>Plaza Outa-el-Hammam,<\/strong>\u00a0en la medina de adoquines. Nos sentamos en la terraza de un caf\u00e9, podemos disfrutar de la atractiva vista de la gran mezquita Tarik-Ben-Ziad, cuyo minarete octagonal est\u00e1 inspirado en el de la Torre de Oro en Sevilla. Tambi\u00e9n visitamaremos\u00a0<strong>la kasbah de Chefchaouen ( de Ben Rached )\u00a0<\/strong>pertenece a principios del siglo XVIII y fue construida por el legendario gobernante Moulay Ismail. Es bastante simple sin sorpresas arquitect\u00f3nicas, sin embargo, est\u00e1 rodeado de jardines en el interior y el exterior. Dentro de la Kasbah, podemos visitar el museo etnogr\u00e1fico que contiene armas antiguas, instrumentos musicales y fotograf\u00edas del casco antiguo. Tambi\u00e9n daremos un paseo por la ciudad azul y ver sus hermosos calles.<br>Despu\u00e9s de explorar la medina, almuerzo opcional en uno de los restaurantes locales.<br>Regreso a tu hotel en Casablanca.<\/p>\n\n\n\n<p><span class=\"has-inline-color has-luminous-vivid-orange-color\">NCLUIDO EN EL VIAJE<\/span><\/p>\n\n\n\n<ul class=\"wp-block-list\"><li>Transporte<\/li><li>Ch\u00f3fer-acompa\u00f1ante de habla hispana.<\/li><li>Combustible.<\/li><\/ul>\n\n\n\n<p><strong><span class=\"has-inline-color has-luminous-vivid-orange-color\">NO INCLUIDO EN EL VIAJE<\/span><\/strong><\/p>\n\n\n\n<p>Comidas y bebidas<\/p>\n","protected":false},"excerpt":{"rendered":"<p>nuestro excursiones a chefchaouen empieza por la manana desde Casablanca y traslado a\u00a0Chefchaouen. A tu llegada, vamos con el gu\u00eda de habla hispana para comenzar el recorrido en la\u00a0Plaza Outa-el-Hammam,\u00a0en la medina de adoquines. Nos sentamos en la terraza de un caf\u00e9, podemos disfrutar de la atractiva vista de la gran mezquita Tarik-Ben-Ziad, cuyo minarete [&hellip;]<\/p>\n","protected":false},"author":1,"featured_media":0,"parent":0,"menu_order":0,"comment_status":"closed","ping_status":"closed","template":"","meta":{"footnotes":""},"class_list":["post-2821","page","type-page","status-publish","hentry"],"yoast_head":"<!-- This site is optimized with the Yoast SEO plugin v27.3 - https:\/\/yoast.com\/product\/yoast-seo-wordpress\/ -->\n<title>Tour a Chefchaouen desde Casablanca,viajes casablanca a Chefchaouen<\/title>\n<meta name=\"description\" content=\"Tour a Chefchaouen desde Casablanca,Circuito privado 1 dia desde Casablanca a Chefchaouen,circuito desde casablanca a chefchaouen,\" \/>\n<meta name=\"robots\" content=\"index, follow, max-snippet:-1, max-image-preview:large, max-video-preview:-1\" \/>\n<link rel=\"canonical\" href=\"https:\/\/merzougacameltrek.com\/es\/excursiones-a-chefchaouen\/\" \/>\n<meta property=\"og:locale\" content=\"fr_FR\" \/>\n<meta property=\"og:type\" content=\"article\" \/>\n<meta property=\"og:title\" content=\"Tour a Chefchaouen desde Casablanca,viajes casablanca a Chefchaouen\" \/>\n<meta property=\"og:description\" content=\"Tour a Chefchaouen desde Casablanca,Circuito privado 1 dia desde Casablanca a Chefchaouen,circuito desde casablanca a chefchaouen,\" \/>\n<meta property=\"og:url\" content=\"https:\/\/merzougacameltrek.com\/es\/excursiones-a-chefchaouen\/\" \/>\n<meta property=\"og:site_name\" content=\"merzouga camel trek\" \/>\n<meta property=\"article:modified_time\" content=\"2021-03-26T22:13:49+00:00\" \/>\n<meta name=\"twitter:card\" content=\"summary_large_image\" \/>\n<meta name=\"twitter:label1\" content=\"Dur\u00e9e de lecture estim\u00e9e\" \/>\n\t<meta name=\"twitter:data1\" content=\"1 minute\" \/>\n<script type=\"application\/ld+json\" class=\"yoast-schema-graph\">{\"@context\":\"https:\\\/\\\/schema.org\",\"@graph\":[{\"@type\":\"WebPage\",\"@id\":\"https:\\\/\\\/merzougacameltrek.com\\\/es\\\/excursiones-a-chefchaouen\\\/\",\"url\":\"https:\\\/\\\/merzougacameltrek.com\\\/es\\\/excursiones-a-chefchaouen\\\/\",\"name\":\"Tour a Chefchaouen desde Casablanca,viajes casablanca a Chefchaouen\",\"isPartOf\":{\"@id\":\"https:\\\/\\\/merzougacameltrek.com\\\/es\\\/#website\"},\"datePublished\":\"2021-03-26T22:13:46+00:00\",\"dateModified\":\"2021-03-26T22:13:49+00:00\",\"description\":\"Tour a Chefchaouen desde Casablanca,Circuito privado 1 dia desde Casablanca a Chefchaouen,circuito desde casablanca a chefchaouen,\",\"inLanguage\":\"fr-FR\",\"potentialAction\":[{\"@type\":\"ReadAction\",\"target\":[\"https:\\\/\\\/merzougacameltrek.com\\\/es\\\/excursiones-a-chefchaouen\\\/\"]}]},{\"@type\":\"WebSite\",\"@id\":\"https:\\\/\\\/merzougacameltrek.com\\\/es\\\/#website\",\"url\":\"https:\\\/\\\/merzougacameltrek.com\\\/es\\\/\",\"name\":\"merzouga camel trek\",\"description\":\"Visit Morocco NOW | Discover &amp; Book on Sahara Travel Tours\",\"publisher\":{\"@id\":\"https:\\\/\\\/merzougacameltrek.com\\\/es\\\/#organization\"},\"potentialAction\":[{\"@type\":\"SearchAction\",\"target\":{\"@type\":\"EntryPoint\",\"urlTemplate\":\"https:\\\/\\\/merzougacameltrek.com\\\/es\\\/?s={search_term_string}\"},\"query-input\":{\"@type\":\"PropertyValueSpecification\",\"valueRequired\":true,\"valueName\":\"search_term_string\"}}],\"inLanguage\":\"fr-FR\"},{\"@type\":\"Organization\",\"@id\":\"https:\\\/\\\/merzougacameltrek.com\\\/es\\\/#organization\",\"name\":\"merzouga camel trek\",\"url\":\"https:\\\/\\\/merzougacameltrek.com\\\/es\\\/\",\"logo\":{\"@type\":\"ImageObject\",\"inLanguage\":\"fr-FR\",\"@id\":\"https:\\\/\\\/merzougacameltrek.com\\\/es\\\/#\\\/schema\\\/logo\\\/image\\\/\",\"url\":\"https:\\\/\\\/merzougacameltrek.com\\\/es\\\/wp-content\\\/uploads\\\/2023\\\/10\\\/cropped-logo-3.png\",\"contentUrl\":\"https:\\\/\\\/merzougacameltrek.com\\\/es\\\/wp-content\\\/uploads\\\/2023\\\/10\\\/cropped-logo-3.png\",\"width\":245,\"height\":60,\"caption\":\"merzouga camel trek\"},\"image\":{\"@id\":\"https:\\\/\\\/merzougacameltrek.com\\\/es\\\/#\\\/schema\\\/logo\\\/image\\\/\"}}]}<\/script>\n<!-- \/ Yoast SEO plugin. -->","yoast_head_json":{"title":"Tour a Chefchaouen desde Casablanca,viajes casablanca a Chefchaouen","description":"Tour a Chefchaouen desde Casablanca,Circuito privado 1 dia desde Casablanca a Chefchaouen,circuito desde casablanca a chefchaouen,","robots":{"index":"index","follow":"follow","max-snippet":"max-snippet:-1","max-image-preview":"max-image-preview:large","max-video-preview":"max-video-preview:-1"},"canonical":"https:\/\/merzougacameltrek.com\/es\/excursiones-a-chefchaouen\/","og_locale":"fr_FR","og_type":"article","og_title":"Tour a Chefchaouen desde Casablanca,viajes casablanca a Chefchaouen","og_description":"Tour a Chefchaouen desde Casablanca,Circuito privado 1 dia desde Casablanca a Chefchaouen,circuito desde casablanca a chefchaouen,","og_url":"https:\/\/merzougacameltrek.com\/es\/excursiones-a-chefchaouen\/","og_site_name":"merzouga camel trek","article_modified_time":"2021-03-26T22:13:49+00:00","twitter_card":"summary_large_image","twitter_misc":{"Dur\u00e9e de lecture estim\u00e9e":"1 minute"},"schema":{"@context":"https:\/\/schema.org","@graph":[{"@type":"WebPage","@id":"https:\/\/merzougacameltrek.com\/es\/excursiones-a-chefchaouen\/","url":"https:\/\/merzougacameltrek.com\/es\/excursiones-a-chefchaouen\/","name":"Tour a Chefchaouen desde Casablanca,viajes casablanca a Chefchaouen","isPartOf":{"@id":"https:\/\/merzougacameltrek.com\/es\/#website"},"datePublished":"2021-03-26T22:13:46+00:00","dateModified":"2021-03-26T22:13:49+00:00","description":"Tour a Chefchaouen desde Casablanca,Circuito privado 1 dia desde Casablanca a Chefchaouen,circuito desde casablanca a chefchaouen,","inLanguage":"fr-FR","potentialAction":[{"@type":"ReadAction","target":["https:\/\/merzougacameltrek.com\/es\/excursiones-a-chefchaouen\/"]}]},{"@type":"WebSite","@id":"https:\/\/merzougacameltrek.com\/es\/#website","url":"https:\/\/merzougacameltrek.com\/es\/","name":"merzouga camel trek","description":"Visit Morocco NOW | Discover &amp; Book on Sahara Travel Tours","publisher":{"@id":"https:\/\/merzougacameltrek.com\/es\/#organization"},"potentialAction":[{"@type":"SearchAction","target":{"@type":"EntryPoint","urlTemplate":"https:\/\/merzougacameltrek.com\/es\/?s={search_term_string}"},"query-input":{"@type":"PropertyValueSpecification","valueRequired":true,"valueName":"search_term_string"}}],"inLanguage":"fr-FR"},{"@type":"Organization","@id":"https:\/\/merzougacameltrek.com\/es\/#organization","name":"merzouga camel trek","url":"https:\/\/merzougacameltrek.com\/es\/","logo":{"@type":"ImageObject","inLanguage":"fr-FR","@id":"https:\/\/merzougacameltrek.com\/es\/#\/schema\/logo\/image\/","url":"https:\/\/merzougacameltrek.com\/es\/wp-content\/uploads\/2023\/10\/cropped-logo-3.png","contentUrl":"https:\/\/merzougacameltrek.com\/es\/wp-content\/uploads\/2023\/10\/cropped-logo-3.png","width":245,"height":60,"caption":"merzouga camel trek"},"image":{"@id":"https:\/\/merzougacameltrek.com\/es\/#\/schema\/logo\/image\/"}}]}},"_links":{"self":[{"href":"https:\/\/merzougacameltrek.com\/es\/wp-json\/wp\/v2\/pages\/2821","targetHints":{"allow":["GET"]}}],"collection":[{"href":"https:\/\/merzougacameltrek.com\/es\/wp-json\/wp\/v2\/pages"}],"about":[{"href":"https:\/\/merzougacameltrek.com\/es\/wp-json\/wp\/v2\/types\/page"}],"author":[{"embeddable":true,"href":"https:\/\/merzougacameltrek.com\/es\/wp-json\/wp\/v2\/users\/1"}],"replies":[{"embeddable":true,"href":"https:\/\/merzougacameltrek.com\/es\/wp-json\/wp\/v2\/comments?post=2821"}],"version-history":[{"count":1,"href":"https:\/\/merzougacameltrek.com\/es\/wp-json\/wp\/v2\/pages\/2821\/revisions"}],"predecessor-version":[{"id":2822,"href":"https:\/\/merzougacameltrek.com\/es\/wp-json\/wp\/v2\/pages\/2821\/revisions\/2822"}],"wp:attachment":[{"href":"https:\/\/merzougacameltrek.com\/es\/wp-json\/wp\/v2\/media?parent=2821"}],"curies":[{"name":"wp","href":"https:\/\/api.w.org\/{rel}","templated":true}]}}