{"id":2830,"date":"2021-03-30T12:04:59","date_gmt":"2021-03-30T12:04:59","guid":{"rendered":"https:\/\/merzougacameltrek.com\/es\/?page_id=2830"},"modified":"2021-03-30T12:19:56","modified_gmt":"2021-03-30T12:19:56","slug":"excuesiones-a-fez","status":"publish","type":"page","link":"https:\/\/merzougacameltrek.com\/es\/excuesiones-a-fez\/","title":{"rendered":"Excuesiones  a Fez,"},"content":{"rendered":"\n<h2 class=\"wp-block-heading\"><em><strong><span class=\"has-inline-color has-luminous-vivid-orange-color\">                                       EXCURSIONES A FEZ <\/span><\/strong><\/em><\/h2>\n\n\n\n<figure class=\"wp-block-gallery columns-1 is-cropped wp-block-gallery-1 is-layout-flex wp-block-gallery-is-layout-flex\"><ul class=\"blocks-gallery-grid\"><li class=\"blocks-gallery-item\"><figure><img fetchpriority=\"high\" decoding=\"async\" width=\"1024\" height=\"680\" src=\"https:\/\/merzougacameltrek.com\/es\/wp-content\/uploads\/2021\/03\/1024px-The_Blue_Gate_of_Fes_28536468583829-1.jpg\" alt=\"\" data-id=\"2839\" data-full-url=\"https:\/\/merzougacameltrek.com\/es\/wp-content\/uploads\/2021\/03\/1024px-The_Blue_Gate_of_Fes_28536468583829-1.jpg\" data-link=\"https:\/\/merzougacameltrek.com\/es\/excuesiones-a-fez\/1024px-the_blue_gate_of_fes_28536468583829-1\/\" class=\"wp-image-2839\" srcset=\"https:\/\/merzougacameltrek.com\/es\/wp-content\/uploads\/2021\/03\/1024px-The_Blue_Gate_of_Fes_28536468583829-1.jpg 1024w, https:\/\/merzougacameltrek.com\/es\/wp-content\/uploads\/2021\/03\/1024px-The_Blue_Gate_of_Fes_28536468583829-1-300x199.jpg 300w, https:\/\/merzougacameltrek.com\/es\/wp-content\/uploads\/2021\/03\/1024px-The_Blue_Gate_of_Fes_28536468583829-1-768x510.jpg 768w\" sizes=\"(max-width: 1024px) 100vw, 1024px\" \/><\/figure><\/li><\/ul><\/figure>\n\n\n\n<p>nuestro excursiones a fez empieza por la manana y tienemos todo el dia libre alli para puedemos visitar todo la ciudad de fez con un guia speceil en Fez, la ciudad medieval en la que es casi una obligaci\u00f3n perderse por su laber\u00edntica y ca\u00f3tica, pero llena de encanto, medina. A diferencia de la tur\u00edstica Marrakech en Fez podemos disfrutar de un poco m\u00e1s de tranquilidad y menos agobio, sobre todo por parte de los vendedores. Adem\u00e1s de recorrer su medina, tenemos que pasear y regatear en sus interminables zocos, tomar un t\u00e9 en alguna de sus terrazas, visitar sus escuelas cor\u00e1nicas, probar el mejor cusc\u00fas y tajine, visitar las curtidur\u00edas y no dejar de&nbsp;<em>oler, mirar y sentir<\/em>&nbsp;su ambiente.<br>Hay muchas&nbsp;<strong>cosas que ver y hacer en Fez<\/strong>, nosotros hemos querido hacer una lista de las 50 que nos parecen m\u00e1s importantes, haciendo una selecci\u00f3n de las que m\u00e1s nos gustaron en el viaje que hicimos a&nbsp;<a href=\"http:\/\/www.viajeroscallejeros.com\/viaje-casablanca-meknes-y-fez-en-5-dias\/\" target=\"_blank\" rel=\"noreferrer noopener\">Casablanca, Meknes, Volubilis y Fez<\/a>, en el que escribimos esta&nbsp;<a href=\"https:\/\/www.viajeroscallejeros.com\/guia-de-fez\/\" rel=\"noreferrer noopener\" target=\"_blank\">gu\u00eda de Fez<\/a>. \u00a1Empezamos<\/p>\n\n\n\n<p><em><strong><span class=\"has-inline-color has-luminous-vivid-orange-color\">INCLUIDO EN EL VIAJE<\/span><\/strong><\/em><\/p>\n\n\n\n<ul class=\"wp-block-list\"><li>acompa\u00f1ante de habla hispana.<\/li><li>Combustible.<\/li><li><\/li><\/ul>\n\n\n\n<p><em><strong><span class=\"has-inline-color has-luminous-vivid-orange-color\">NO INCLUIDO EN EL VIAJE<\/span><\/strong><\/em><\/p>\n\n\n\n<ul class=\"wp-block-list\"><li>Comidas y bebidas<\/li><\/ul>\n","protected":false},"excerpt":{"rendered":"<p>EXCURSIONES A FEZ nuestro excursiones a fez empieza por la manana y tienemos todo el dia libre alli para puedemos visitar todo la ciudad de fez con un guia speceil en Fez, la ciudad medieval en la que es casi una obligaci\u00f3n perderse por su laber\u00edntica y ca\u00f3tica, pero llena de encanto, medina. A diferencia [&hellip;]<\/p>\n","protected":false},"author":1,"featured_media":0,"parent":0,"menu_order":0,"comment_status":"closed","ping_status":"closed","template":"","meta":{"footnotes":""},"class_list":["post-2830","page","type-page","status-publish","hentry"],"yoast_head":"<!-- This site is optimized with the Yoast SEO plugin v27.3 - https:\/\/yoast.com\/product\/yoast-seo-wordpress\/ -->\n<title>EXCURSIONES A FEZ \/ UN DIA EXCURSIONES EN FEZ,UN DIA EN FEZ<\/title>\n<meta name=\"description\" content=\"EXCURSIONES A FEZ \/ UN DIA EXCURSIONES EN FEZ,UN DIA EN FEZ,TOURS DE UN DIA A FEZ,VIAJES A MARRUECOS EN FEZ,TOURS POR MARRUECOS A FEZ,\" \/>\n<meta name=\"robots\" content=\"index, follow, max-snippet:-1, max-image-preview:large, max-video-preview:-1\" \/>\n<link rel=\"canonical\" href=\"https:\/\/merzougacameltrek.com\/es\/excuesiones-a-fez\/\" \/>\n<meta property=\"og:locale\" content=\"fr_FR\" \/>\n<meta property=\"og:type\" content=\"article\" \/>\n<meta property=\"og:title\" content=\"EXCURSIONES A FEZ \/ UN DIA EXCURSIONES EN FEZ,UN DIA EN FEZ\" \/>\n<meta property=\"og:description\" content=\"EXCURSIONES A FEZ \/ UN DIA EXCURSIONES EN FEZ,UN DIA EN FEZ,TOURS DE UN DIA A FEZ,VIAJES A MARRUECOS EN FEZ,TOURS POR MARRUECOS A FEZ,\" \/>\n<meta property=\"og:url\" content=\"https:\/\/merzougacameltrek.com\/es\/excuesiones-a-fez\/\" \/>\n<meta property=\"og:site_name\" content=\"merzouga camel trek\" \/>\n<meta property=\"article:modified_time\" content=\"2021-03-30T12:19:56+00:00\" \/>\n<meta property=\"og:image\" content=\"https:\/\/merzougacameltrek.com\/es\/wp-content\/uploads\/2021\/03\/1024px-The_Blue_Gate_of_Fes_28536468583829-1.jpg\" \/>\n<meta name=\"twitter:card\" content=\"summary_large_image\" \/>\n<meta name=\"twitter:label1\" content=\"Dur\u00e9e de lecture estim\u00e9e\" \/>\n\t<meta name=\"twitter:data1\" content=\"2 minutes\" \/>\n<script type=\"application\/ld+json\" class=\"yoast-schema-graph\">{\"@context\":\"https:\\\/\\\/schema.org\",\"@graph\":[{\"@type\":\"WebPage\",\"@id\":\"https:\\\/\\\/merzougacameltrek.com\\\/es\\\/excuesiones-a-fez\\\/\",\"url\":\"https:\\\/\\\/merzougacameltrek.com\\\/es\\\/excuesiones-a-fez\\\/\",\"name\":\"EXCURSIONES A FEZ \\\/ UN DIA EXCURSIONES EN FEZ,UN DIA EN FEZ\",\"isPartOf\":{\"@id\":\"https:\\\/\\\/merzougacameltrek.com\\\/es\\\/#website\"},\"primaryImageOfPage\":{\"@id\":\"https:\\\/\\\/merzougacameltrek.com\\\/es\\\/excuesiones-a-fez\\\/#primaryimage\"},\"image\":{\"@id\":\"https:\\\/\\\/merzougacameltrek.com\\\/es\\\/excuesiones-a-fez\\\/#primaryimage\"},\"thumbnailUrl\":\"https:\\\/\\\/merzougacameltrek.com\\\/es\\\/wp-content\\\/uploads\\\/2021\\\/03\\\/1024px-The_Blue_Gate_of_Fes_28536468583829-1.jpg\",\"datePublished\":\"2021-03-30T12:04:59+00:00\",\"dateModified\":\"2021-03-30T12:19:56+00:00\",\"description\":\"EXCURSIONES A FEZ \\\/ UN DIA EXCURSIONES EN FEZ,UN DIA EN FEZ,TOURS DE UN DIA A FEZ,VIAJES A MARRUECOS EN FEZ,TOURS POR MARRUECOS A FEZ,\",\"inLanguage\":\"fr-FR\",\"potentialAction\":[{\"@type\":\"ReadAction\",\"target\":[\"https:\\\/\\\/merzougacameltrek.com\\\/es\\\/excuesiones-a-fez\\\/\"]}]},{\"@type\":\"ImageObject\",\"inLanguage\":\"fr-FR\",\"@id\":\"https:\\\/\\\/merzougacameltrek.com\\\/es\\\/excuesiones-a-fez\\\/#primaryimage\",\"url\":\"https:\\\/\\\/merzougacameltrek.com\\\/es\\\/wp-content\\\/uploads\\\/2021\\\/03\\\/1024px-The_Blue_Gate_of_Fes_28536468583829-1.jpg\",\"contentUrl\":\"https:\\\/\\\/merzougacameltrek.com\\\/es\\\/wp-content\\\/uploads\\\/2021\\\/03\\\/1024px-The_Blue_Gate_of_Fes_28536468583829-1.jpg\",\"width\":1024,\"height\":680},{\"@type\":\"WebSite\",\"@id\":\"https:\\\/\\\/merzougacameltrek.com\\\/es\\\/#website\",\"url\":\"https:\\\/\\\/merzougacameltrek.com\\\/es\\\/\",\"name\":\"merzouga camel trek\",\"description\":\"Visit Morocco NOW | Discover &amp; Book on Sahara Travel Tours\",\"publisher\":{\"@id\":\"https:\\\/\\\/merzougacameltrek.com\\\/es\\\/#organization\"},\"potentialAction\":[{\"@type\":\"SearchAction\",\"target\":{\"@type\":\"EntryPoint\",\"urlTemplate\":\"https:\\\/\\\/merzougacameltrek.com\\\/es\\\/?s={search_term_string}\"},\"query-input\":{\"@type\":\"PropertyValueSpecification\",\"valueRequired\":true,\"valueName\":\"search_term_string\"}}],\"inLanguage\":\"fr-FR\"},{\"@type\":\"Organization\",\"@id\":\"https:\\\/\\\/merzougacameltrek.com\\\/es\\\/#organization\",\"name\":\"merzouga camel trek\",\"url\":\"https:\\\/\\\/merzougacameltrek.com\\\/es\\\/\",\"logo\":{\"@type\":\"ImageObject\",\"inLanguage\":\"fr-FR\",\"@id\":\"https:\\\/\\\/merzougacameltrek.com\\\/es\\\/#\\\/schema\\\/logo\\\/image\\\/\",\"url\":\"https:\\\/\\\/merzougacameltrek.com\\\/es\\\/wp-content\\\/uploads\\\/2023\\\/10\\\/cropped-logo-3.png\",\"contentUrl\":\"https:\\\/\\\/merzougacameltrek.com\\\/es\\\/wp-content\\\/uploads\\\/2023\\\/10\\\/cropped-logo-3.png\",\"width\":245,\"height\":60,\"caption\":\"merzouga camel trek\"},\"image\":{\"@id\":\"https:\\\/\\\/merzougacameltrek.com\\\/es\\\/#\\\/schema\\\/logo\\\/image\\\/\"}}]}<\/script>\n<!-- \/ Yoast SEO plugin. -->","yoast_head_json":{"title":"EXCURSIONES A FEZ \/ UN DIA EXCURSIONES EN FEZ,UN DIA EN FEZ","description":"EXCURSIONES A FEZ \/ UN DIA EXCURSIONES EN FEZ,UN DIA EN FEZ,TOURS DE UN DIA A FEZ,VIAJES A MARRUECOS EN FEZ,TOURS POR MARRUECOS A FEZ,","robots":{"index":"index","follow":"follow","max-snippet":"max-snippet:-1","max-image-preview":"max-image-preview:large","max-video-preview":"max-video-preview:-1"},"canonical":"https:\/\/merzougacameltrek.com\/es\/excuesiones-a-fez\/","og_locale":"fr_FR","og_type":"article","og_title":"EXCURSIONES A FEZ \/ UN DIA EXCURSIONES EN FEZ,UN DIA EN FEZ","og_description":"EXCURSIONES A FEZ \/ UN DIA EXCURSIONES EN FEZ,UN DIA EN FEZ,TOURS DE UN DIA A FEZ,VIAJES A MARRUECOS EN FEZ,TOURS POR MARRUECOS A FEZ,","og_url":"https:\/\/merzougacameltrek.com\/es\/excuesiones-a-fez\/","og_site_name":"merzouga camel trek","article_modified_time":"2021-03-30T12:19:56+00:00","og_image":[{"url":"https:\/\/merzougacameltrek.com\/es\/wp-content\/uploads\/2021\/03\/1024px-The_Blue_Gate_of_Fes_28536468583829-1.jpg","type":"","width":"","height":""}],"twitter_card":"summary_large_image","twitter_misc":{"Dur\u00e9e de lecture estim\u00e9e":"2 minutes"},"schema":{"@context":"https:\/\/schema.org","@graph":[{"@type":"WebPage","@id":"https:\/\/merzougacameltrek.com\/es\/excuesiones-a-fez\/","url":"https:\/\/merzougacameltrek.com\/es\/excuesiones-a-fez\/","name":"EXCURSIONES A FEZ \/ UN DIA EXCURSIONES EN FEZ,UN DIA EN FEZ","isPartOf":{"@id":"https:\/\/merzougacameltrek.com\/es\/#website"},"primaryImageOfPage":{"@id":"https:\/\/merzougacameltrek.com\/es\/excuesiones-a-fez\/#primaryimage"},"image":{"@id":"https:\/\/merzougacameltrek.com\/es\/excuesiones-a-fez\/#primaryimage"},"thumbnailUrl":"https:\/\/merzougacameltrek.com\/es\/wp-content\/uploads\/2021\/03\/1024px-The_Blue_Gate_of_Fes_28536468583829-1.jpg","datePublished":"2021-03-30T12:04:59+00:00","dateModified":"2021-03-30T12:19:56+00:00","description":"EXCURSIONES A FEZ \/ UN DIA EXCURSIONES EN FEZ,UN DIA EN FEZ,TOURS DE UN DIA A FEZ,VIAJES A MARRUECOS EN FEZ,TOURS POR MARRUECOS A FEZ,","inLanguage":"fr-FR","potentialAction":[{"@type":"ReadAction","target":["https:\/\/merzougacameltrek.com\/es\/excuesiones-a-fez\/"]}]},{"@type":"ImageObject","inLanguage":"fr-FR","@id":"https:\/\/merzougacameltrek.com\/es\/excuesiones-a-fez\/#primaryimage","url":"https:\/\/merzougacameltrek.com\/es\/wp-content\/uploads\/2021\/03\/1024px-The_Blue_Gate_of_Fes_28536468583829-1.jpg","contentUrl":"https:\/\/merzougacameltrek.com\/es\/wp-content\/uploads\/2021\/03\/1024px-The_Blue_Gate_of_Fes_28536468583829-1.jpg","width":1024,"height":680},{"@type":"WebSite","@id":"https:\/\/merzougacameltrek.com\/es\/#website","url":"https:\/\/merzougacameltrek.com\/es\/","name":"merzouga camel trek","description":"Visit Morocco NOW | Discover &amp; Book on Sahara Travel Tours","publisher":{"@id":"https:\/\/merzougacameltrek.com\/es\/#organization"},"potentialAction":[{"@type":"SearchAction","target":{"@type":"EntryPoint","urlTemplate":"https:\/\/merzougacameltrek.com\/es\/?s={search_term_string}"},"query-input":{"@type":"PropertyValueSpecification","valueRequired":true,"valueName":"search_term_string"}}],"inLanguage":"fr-FR"},{"@type":"Organization","@id":"https:\/\/merzougacameltrek.com\/es\/#organization","name":"merzouga camel trek","url":"https:\/\/merzougacameltrek.com\/es\/","logo":{"@type":"ImageObject","inLanguage":"fr-FR","@id":"https:\/\/merzougacameltrek.com\/es\/#\/schema\/logo\/image\/","url":"https:\/\/merzougacameltrek.com\/es\/wp-content\/uploads\/2023\/10\/cropped-logo-3.png","contentUrl":"https:\/\/merzougacameltrek.com\/es\/wp-content\/uploads\/2023\/10\/cropped-logo-3.png","width":245,"height":60,"caption":"merzouga camel trek"},"image":{"@id":"https:\/\/merzougacameltrek.com\/es\/#\/schema\/logo\/image\/"}}]}},"_links":{"self":[{"href":"https:\/\/merzougacameltrek.com\/es\/wp-json\/wp\/v2\/pages\/2830","targetHints":{"allow":["GET"]}}],"collection":[{"href":"https:\/\/merzougacameltrek.com\/es\/wp-json\/wp\/v2\/pages"}],"about":[{"href":"https:\/\/merzougacameltrek.com\/es\/wp-json\/wp\/v2\/types\/page"}],"author":[{"embeddable":true,"href":"https:\/\/merzougacameltrek.com\/es\/wp-json\/wp\/v2\/users\/1"}],"replies":[{"embeddable":true,"href":"https:\/\/merzougacameltrek.com\/es\/wp-json\/wp\/v2\/comments?post=2830"}],"version-history":[{"count":2,"href":"https:\/\/merzougacameltrek.com\/es\/wp-json\/wp\/v2\/pages\/2830\/revisions"}],"predecessor-version":[{"id":2840,"href":"https:\/\/merzougacameltrek.com\/es\/wp-json\/wp\/v2\/pages\/2830\/revisions\/2840"}],"wp:attachment":[{"href":"https:\/\/merzougacameltrek.com\/es\/wp-json\/wp\/v2\/media?parent=2830"}],"curies":[{"name":"wp","href":"https:\/\/api.w.org\/{rel}","templated":true}]}}