{"id":2832,"date":"2021-03-30T12:11:14","date_gmt":"2021-03-30T12:11:14","guid":{"rendered":"https:\/\/merzougacameltrek.com\/es\/?page_id=2832"},"modified":"2021-03-30T12:22:34","modified_gmt":"2021-03-30T12:22:34","slug":"excursiones-a-meknes","status":"publish","type":"page","link":"https:\/\/merzougacameltrek.com\/es\/excursiones-a-meknes\/","title":{"rendered":"EXCURSIONES A MEKNES"},"content":{"rendered":"\n<h2 class=\"wp-block-heading\"><span class=\"has-inline-color has-luminous-vivid-orange-color\">EXCURSIONES DES FEZ A MEKNES <\/span><\/h2>\n\n\n\n<figure class=\"wp-block-image size-large\"><img fetchpriority=\"high\" decoding=\"async\" width=\"1024\" height=\"720\" src=\"https:\/\/merzougacameltrek.com\/es\/wp-content\/uploads\/2021\/03\/iipuu-1.jpg\" alt=\"\" class=\"wp-image-2842\" srcset=\"https:\/\/merzougacameltrek.com\/es\/wp-content\/uploads\/2021\/03\/iipuu-1.jpg 1024w, https:\/\/merzougacameltrek.com\/es\/wp-content\/uploads\/2021\/03\/iipuu-1-300x211.jpg 300w, https:\/\/merzougacameltrek.com\/es\/wp-content\/uploads\/2021\/03\/iipuu-1-768x540.jpg 768w\" sizes=\"(max-width: 1024px) 100vw, 1024px\" \/><\/figure>\n\n\n\n<p>eltour de un dia desde fez a meknes es un grande excursiones a marruecos y <strong>Meknes<\/strong>&nbsp;es una ciudad que te sorprender\u00e1, ven a descubrirla y conocer su cultura muy de cerca!<\/p>\n\n\n\n<ul class=\"wp-block-list\"><li>Su chofer profesional lo recoger\u00e1 por su hotel, en un confortable veh\u00edculo con aire acondicionado.<\/li><li>Viajaremos hacia&nbsp;<strong>Meknes<\/strong>, la primera ciudad isl\u00e1mica de Marruecos y la segunda ciudad imperial.&nbsp;Su medina es muy antigua ya que era una capital del Reino y ten\u00eda un l\u00edder poderoso.<\/li><li>Con su conductor descubrir\u00e1 los monumentos m\u00e1s importantes de esta ciudad, como el&nbsp;<strong>Palais Dar El Makhzen, el Bab Mansour, el Bab El Berdaine, Bab El Kh\u00e9mis, la mezquita de Sidi Sa\u00efd, el Jard\u00edn Lahboul y el Golf Royal.<\/strong><\/li><li>Aqu\u00ed, podr\u00e1 experimentar&nbsp;la comida de los lugare\u00f1os para vivir m\u00e1s de cerca la forma de vida marroqu\u00ed.<\/li><\/ul>\n\n\n\n<p><span class=\"has-inline-color has-luminous-vivid-orange-color\">INCLUIDO EN EL VIAJE<\/span><\/p>\n\n\n\n<ul class=\"wp-block-list\"><li>Transporte<\/li><li>Ch\u00f3fer-acompa\u00f1ante de habla hispana.<\/li><li>Combustible.<\/li><li>Recogida y vuelta en hotel.<\/li><\/ul>\n\n\n\n<p><span class=\"has-inline-color has-luminous-vivid-orange-color\">NO INCLUIDO EN EL VIAJE<\/span><\/p>\n\n\n\n<ul class=\"wp-block-list\"><li>Comidas y bebidas<\/li><\/ul>\n","protected":false},"excerpt":{"rendered":"<p>EXCURSIONES DES FEZ A MEKNES eltour de un dia desde fez a meknes es un grande excursiones a marruecos y Meknes&nbsp;es una ciudad que te sorprender\u00e1, ven a descubrirla y conocer su cultura muy de cerca! Su chofer profesional lo recoger\u00e1 por su hotel, en un confortable veh\u00edculo con aire acondicionado. Viajaremos hacia&nbsp;Meknes, la primera [&hellip;]<\/p>\n","protected":false},"author":1,"featured_media":0,"parent":0,"menu_order":0,"comment_status":"closed","ping_status":"closed","template":"","meta":{"footnotes":""},"class_list":["post-2832","page","type-page","status-publish","hentry"],"yoast_head":"<!-- This site is optimized with the Yoast SEO plugin v27.3 - https:\/\/yoast.com\/product\/yoast-seo-wordpress\/ -->\n<title>excursiones desde fez a meknes ,tour un dia desde fez a meknes,<\/title>\n<meta name=\"description\" content=\"excursiones desde fez a meknes ,tour un dia desde fez a meknes,tour desde fez a meknes ,viajes desde fez a meknes,un dia excursiones a meknes\" \/>\n<meta name=\"robots\" content=\"index, follow, max-snippet:-1, max-image-preview:large, max-video-preview:-1\" \/>\n<link rel=\"canonical\" href=\"https:\/\/merzougacameltrek.com\/es\/excursiones-a-meknes\/\" \/>\n<meta property=\"og:locale\" content=\"fr_FR\" \/>\n<meta property=\"og:type\" content=\"article\" \/>\n<meta property=\"og:title\" content=\"excursiones desde fez a meknes ,tour un dia desde fez a meknes,\" \/>\n<meta property=\"og:description\" content=\"excursiones desde fez a meknes ,tour un dia desde fez a meknes,tour desde fez a meknes ,viajes desde fez a meknes,un dia excursiones a meknes\" \/>\n<meta property=\"og:url\" content=\"https:\/\/merzougacameltrek.com\/es\/excursiones-a-meknes\/\" \/>\n<meta property=\"og:site_name\" content=\"merzouga camel trek\" \/>\n<meta property=\"article:modified_time\" content=\"2021-03-30T12:22:34+00:00\" \/>\n<meta property=\"og:image\" content=\"https:\/\/merzougacameltrek.com\/es\/wp-content\/uploads\/2021\/03\/iipuu-1.jpg\" \/>\n<meta name=\"twitter:card\" content=\"summary_large_image\" \/>\n<meta name=\"twitter:label1\" content=\"Dur\u00e9e de lecture estim\u00e9e\" \/>\n\t<meta name=\"twitter:data1\" content=\"1 minute\" \/>\n<script type=\"application\/ld+json\" class=\"yoast-schema-graph\">{\"@context\":\"https:\\\/\\\/schema.org\",\"@graph\":[{\"@type\":\"WebPage\",\"@id\":\"https:\\\/\\\/merzougacameltrek.com\\\/es\\\/excursiones-a-meknes\\\/\",\"url\":\"https:\\\/\\\/merzougacameltrek.com\\\/es\\\/excursiones-a-meknes\\\/\",\"name\":\"excursiones desde fez a meknes ,tour un dia desde fez a meknes,\",\"isPartOf\":{\"@id\":\"https:\\\/\\\/merzougacameltrek.com\\\/es\\\/#website\"},\"primaryImageOfPage\":{\"@id\":\"https:\\\/\\\/merzougacameltrek.com\\\/es\\\/excursiones-a-meknes\\\/#primaryimage\"},\"image\":{\"@id\":\"https:\\\/\\\/merzougacameltrek.com\\\/es\\\/excursiones-a-meknes\\\/#primaryimage\"},\"thumbnailUrl\":\"https:\\\/\\\/merzougacameltrek.com\\\/es\\\/wp-content\\\/uploads\\\/2021\\\/03\\\/iipuu-1.jpg\",\"datePublished\":\"2021-03-30T12:11:14+00:00\",\"dateModified\":\"2021-03-30T12:22:34+00:00\",\"description\":\"excursiones desde fez a meknes ,tour un dia desde fez a meknes,tour desde fez a meknes ,viajes desde fez a meknes,un dia excursiones a meknes\",\"inLanguage\":\"fr-FR\",\"potentialAction\":[{\"@type\":\"ReadAction\",\"target\":[\"https:\\\/\\\/merzougacameltrek.com\\\/es\\\/excursiones-a-meknes\\\/\"]}]},{\"@type\":\"ImageObject\",\"inLanguage\":\"fr-FR\",\"@id\":\"https:\\\/\\\/merzougacameltrek.com\\\/es\\\/excursiones-a-meknes\\\/#primaryimage\",\"url\":\"https:\\\/\\\/merzougacameltrek.com\\\/es\\\/wp-content\\\/uploads\\\/2021\\\/03\\\/iipuu-1.jpg\",\"contentUrl\":\"https:\\\/\\\/merzougacameltrek.com\\\/es\\\/wp-content\\\/uploads\\\/2021\\\/03\\\/iipuu-1.jpg\",\"width\":1024,\"height\":720},{\"@type\":\"WebSite\",\"@id\":\"https:\\\/\\\/merzougacameltrek.com\\\/es\\\/#website\",\"url\":\"https:\\\/\\\/merzougacameltrek.com\\\/es\\\/\",\"name\":\"merzouga camel trek\",\"description\":\"Visit Morocco NOW | Discover &amp; Book on Sahara Travel Tours\",\"publisher\":{\"@id\":\"https:\\\/\\\/merzougacameltrek.com\\\/es\\\/#organization\"},\"potentialAction\":[{\"@type\":\"SearchAction\",\"target\":{\"@type\":\"EntryPoint\",\"urlTemplate\":\"https:\\\/\\\/merzougacameltrek.com\\\/es\\\/?s={search_term_string}\"},\"query-input\":{\"@type\":\"PropertyValueSpecification\",\"valueRequired\":true,\"valueName\":\"search_term_string\"}}],\"inLanguage\":\"fr-FR\"},{\"@type\":\"Organization\",\"@id\":\"https:\\\/\\\/merzougacameltrek.com\\\/es\\\/#organization\",\"name\":\"merzouga camel trek\",\"url\":\"https:\\\/\\\/merzougacameltrek.com\\\/es\\\/\",\"logo\":{\"@type\":\"ImageObject\",\"inLanguage\":\"fr-FR\",\"@id\":\"https:\\\/\\\/merzougacameltrek.com\\\/es\\\/#\\\/schema\\\/logo\\\/image\\\/\",\"url\":\"https:\\\/\\\/merzougacameltrek.com\\\/es\\\/wp-content\\\/uploads\\\/2023\\\/10\\\/cropped-logo-3.png\",\"contentUrl\":\"https:\\\/\\\/merzougacameltrek.com\\\/es\\\/wp-content\\\/uploads\\\/2023\\\/10\\\/cropped-logo-3.png\",\"width\":245,\"height\":60,\"caption\":\"merzouga camel trek\"},\"image\":{\"@id\":\"https:\\\/\\\/merzougacameltrek.com\\\/es\\\/#\\\/schema\\\/logo\\\/image\\\/\"}}]}<\/script>\n<!-- \/ Yoast SEO plugin. -->","yoast_head_json":{"title":"excursiones desde fez a meknes ,tour un dia desde fez a meknes,","description":"excursiones desde fez a meknes ,tour un dia desde fez a meknes,tour desde fez a meknes ,viajes desde fez a meknes,un dia excursiones a meknes","robots":{"index":"index","follow":"follow","max-snippet":"max-snippet:-1","max-image-preview":"max-image-preview:large","max-video-preview":"max-video-preview:-1"},"canonical":"https:\/\/merzougacameltrek.com\/es\/excursiones-a-meknes\/","og_locale":"fr_FR","og_type":"article","og_title":"excursiones desde fez a meknes ,tour un dia desde fez a meknes,","og_description":"excursiones desde fez a meknes ,tour un dia desde fez a meknes,tour desde fez a meknes ,viajes desde fez a meknes,un dia excursiones a meknes","og_url":"https:\/\/merzougacameltrek.com\/es\/excursiones-a-meknes\/","og_site_name":"merzouga camel trek","article_modified_time":"2021-03-30T12:22:34+00:00","og_image":[{"url":"https:\/\/merzougacameltrek.com\/es\/wp-content\/uploads\/2021\/03\/iipuu-1.jpg","type":"","width":"","height":""}],"twitter_card":"summary_large_image","twitter_misc":{"Dur\u00e9e de lecture estim\u00e9e":"1 minute"},"schema":{"@context":"https:\/\/schema.org","@graph":[{"@type":"WebPage","@id":"https:\/\/merzougacameltrek.com\/es\/excursiones-a-meknes\/","url":"https:\/\/merzougacameltrek.com\/es\/excursiones-a-meknes\/","name":"excursiones desde fez a meknes ,tour un dia desde fez a meknes,","isPartOf":{"@id":"https:\/\/merzougacameltrek.com\/es\/#website"},"primaryImageOfPage":{"@id":"https:\/\/merzougacameltrek.com\/es\/excursiones-a-meknes\/#primaryimage"},"image":{"@id":"https:\/\/merzougacameltrek.com\/es\/excursiones-a-meknes\/#primaryimage"},"thumbnailUrl":"https:\/\/merzougacameltrek.com\/es\/wp-content\/uploads\/2021\/03\/iipuu-1.jpg","datePublished":"2021-03-30T12:11:14+00:00","dateModified":"2021-03-30T12:22:34+00:00","description":"excursiones desde fez a meknes ,tour un dia desde fez a meknes,tour desde fez a meknes ,viajes desde fez a meknes,un dia excursiones a meknes","inLanguage":"fr-FR","potentialAction":[{"@type":"ReadAction","target":["https:\/\/merzougacameltrek.com\/es\/excursiones-a-meknes\/"]}]},{"@type":"ImageObject","inLanguage":"fr-FR","@id":"https:\/\/merzougacameltrek.com\/es\/excursiones-a-meknes\/#primaryimage","url":"https:\/\/merzougacameltrek.com\/es\/wp-content\/uploads\/2021\/03\/iipuu-1.jpg","contentUrl":"https:\/\/merzougacameltrek.com\/es\/wp-content\/uploads\/2021\/03\/iipuu-1.jpg","width":1024,"height":720},{"@type":"WebSite","@id":"https:\/\/merzougacameltrek.com\/es\/#website","url":"https:\/\/merzougacameltrek.com\/es\/","name":"merzouga camel trek","description":"Visit Morocco NOW | Discover &amp; Book on Sahara Travel Tours","publisher":{"@id":"https:\/\/merzougacameltrek.com\/es\/#organization"},"potentialAction":[{"@type":"SearchAction","target":{"@type":"EntryPoint","urlTemplate":"https:\/\/merzougacameltrek.com\/es\/?s={search_term_string}"},"query-input":{"@type":"PropertyValueSpecification","valueRequired":true,"valueName":"search_term_string"}}],"inLanguage":"fr-FR"},{"@type":"Organization","@id":"https:\/\/merzougacameltrek.com\/es\/#organization","name":"merzouga camel trek","url":"https:\/\/merzougacameltrek.com\/es\/","logo":{"@type":"ImageObject","inLanguage":"fr-FR","@id":"https:\/\/merzougacameltrek.com\/es\/#\/schema\/logo\/image\/","url":"https:\/\/merzougacameltrek.com\/es\/wp-content\/uploads\/2023\/10\/cropped-logo-3.png","contentUrl":"https:\/\/merzougacameltrek.com\/es\/wp-content\/uploads\/2023\/10\/cropped-logo-3.png","width":245,"height":60,"caption":"merzouga camel trek"},"image":{"@id":"https:\/\/merzougacameltrek.com\/es\/#\/schema\/logo\/image\/"}}]}},"_links":{"self":[{"href":"https:\/\/merzougacameltrek.com\/es\/wp-json\/wp\/v2\/pages\/2832","targetHints":{"allow":["GET"]}}],"collection":[{"href":"https:\/\/merzougacameltrek.com\/es\/wp-json\/wp\/v2\/pages"}],"about":[{"href":"https:\/\/merzougacameltrek.com\/es\/wp-json\/wp\/v2\/types\/page"}],"author":[{"embeddable":true,"href":"https:\/\/merzougacameltrek.com\/es\/wp-json\/wp\/v2\/users\/1"}],"replies":[{"embeddable":true,"href":"https:\/\/merzougacameltrek.com\/es\/wp-json\/wp\/v2\/comments?post=2832"}],"version-history":[{"count":3,"href":"https:\/\/merzougacameltrek.com\/es\/wp-json\/wp\/v2\/pages\/2832\/revisions"}],"predecessor-version":[{"id":2845,"href":"https:\/\/merzougacameltrek.com\/es\/wp-json\/wp\/v2\/pages\/2832\/revisions\/2845"}],"wp:attachment":[{"href":"https:\/\/merzougacameltrek.com\/es\/wp-json\/wp\/v2\/media?parent=2832"}],"curies":[{"name":"wp","href":"https:\/\/api.w.org\/{rel}","templated":true}]}}