{"id":2847,"date":"2021-03-30T12:29:00","date_gmt":"2021-03-30T12:29:00","guid":{"rendered":"https:\/\/merzougacameltrek.com\/es\/?page_id=2847"},"modified":"2021-03-30T12:29:02","modified_gmt":"2021-03-30T12:29:02","slug":"excursiones-a-chefchaouen-2","status":"publish","type":"page","link":"https:\/\/merzougacameltrek.com\/es\/excursiones-a-chefchaouen-2\/","title":{"rendered":"Excursiones a Chefchaouen"},"content":{"rendered":"\n<h2 class=\"wp-block-heading\"><em><strong><span class=\"has-inline-color has-luminous-vivid-orange-color\">        EXCURSIONES A CHEFCHAOUEN DESDE FEZ <\/span><\/strong><\/em><\/h2>\n\n\n\n<figure class=\"wp-block-image size-large\"><img fetchpriority=\"high\" decoding=\"async\" width=\"669\" height=\"446\" src=\"https:\/\/merzougacameltrek.com\/es\/wp-content\/uploads\/2021\/03\/2d.jpg\" alt=\"\" class=\"wp-image-2848\" srcset=\"https:\/\/merzougacameltrek.com\/es\/wp-content\/uploads\/2021\/03\/2d.jpg 669w, https:\/\/merzougacameltrek.com\/es\/wp-content\/uploads\/2021\/03\/2d-300x200.jpg 300w\" sizes=\"(max-width: 669px) 100vw, 669px\" \/><\/figure>\n\n\n\n<p>el tour a chefchaouen desde fez empieza por la manana a las 09.00 AM y recogeremos de su alojamiento y nos dirigiremos hacia las monta\u00f1as Rif.Una vez que lleguemos a Chefchaouen, visitaremos la medina local y tendr\u00e1n tiempo para descubrir la localidad por su cuenta. Chefchaouen es un hermoso pueblo, muy atractivo por la peculiaridad sus casas pintadas entre otras cosas. Despu\u00e9s del almuerzo, regresamos a Fez.<\/p>\n\n\n\n<p>Esta excursi\u00f3n de 1 d\u00eda est\u00e1 disponible todos los d\u00edas del a\u00f1o. El pueblo de Chefchaouen est\u00e1 aproximadamente a 3 horas de Fez.<\/p>\n\n\n\n<p><span class=\"has-inline-color has-luminous-vivid-orange-color\">INCLUIDO EN EL VIAJE<\/span><\/p>\n\n\n\n<ul class=\"wp-block-list\"><li>Transporte<\/li><li>Ch\u00f3fer-acompa\u00f1ante de habla hispana.<\/li><li>Combustible.<\/li><li>Recogida y vuelta en hotel.<\/li><\/ul>\n\n\n\n<p><span class=\"has-inline-color has-luminous-vivid-orange-color\">NO INCLUIDO EN EL VIAJE<\/span><\/p>\n\n\n\n<ul class=\"wp-block-list\"><li>Comidas y bebidas<\/li><\/ul>\n","protected":false},"excerpt":{"rendered":"<p>EXCURSIONES A CHEFCHAOUEN DESDE FEZ el tour a chefchaouen desde fez empieza por la manana a las 09.00 AM y recogeremos de su alojamiento y nos dirigiremos hacia las monta\u00f1as Rif.Una vez que lleguemos a Chefchaouen, visitaremos la medina local y tendr\u00e1n tiempo para descubrir la localidad por su cuenta. Chefchaouen es un hermoso pueblo, [&hellip;]<\/p>\n","protected":false},"author":1,"featured_media":0,"parent":0,"menu_order":0,"comment_status":"closed","ping_status":"closed","template":"","meta":{"footnotes":""},"class_list":["post-2847","page","type-page","status-publish","hentry"],"yoast_head":"<!-- This site is optimized with the Yoast SEO plugin v27.3 - https:\/\/yoast.com\/product\/yoast-seo-wordpress\/ -->\n<title>excursiones a chefchaouen desde fez ,excursiones desde fez a chaouen<\/title>\n<meta name=\"description\" content=\"excursiones a chefchaouen desde fez ,excursiones desde fez a chaouen,tours desde fez a chefchaouen,viajes de un dia desde fez a chefchaouen,\" \/>\n<meta name=\"robots\" content=\"index, follow, max-snippet:-1, max-image-preview:large, max-video-preview:-1\" \/>\n<link rel=\"canonical\" href=\"https:\/\/merzougacameltrek.com\/es\/excursiones-a-chefchaouen-2\/\" \/>\n<meta property=\"og:locale\" content=\"fr_FR\" \/>\n<meta property=\"og:type\" content=\"article\" \/>\n<meta property=\"og:title\" content=\"excursiones a chefchaouen desde fez ,excursiones desde fez a chaouen\" \/>\n<meta property=\"og:description\" content=\"excursiones a chefchaouen desde fez ,excursiones desde fez a chaouen,tours desde fez a chefchaouen,viajes de un dia desde fez a chefchaouen,\" \/>\n<meta property=\"og:url\" content=\"https:\/\/merzougacameltrek.com\/es\/excursiones-a-chefchaouen-2\/\" \/>\n<meta property=\"og:site_name\" content=\"merzouga camel trek\" \/>\n<meta property=\"article:modified_time\" content=\"2021-03-30T12:29:02+00:00\" \/>\n<meta property=\"og:image\" content=\"https:\/\/merzougacameltrek.com\/es\/wp-content\/uploads\/2021\/03\/2d.jpg\" \/>\n<meta name=\"twitter:card\" content=\"summary_large_image\" \/>\n<meta name=\"twitter:label1\" content=\"Dur\u00e9e de lecture estim\u00e9e\" \/>\n\t<meta name=\"twitter:data1\" content=\"1 minute\" \/>\n<script type=\"application\/ld+json\" class=\"yoast-schema-graph\">{\"@context\":\"https:\\\/\\\/schema.org\",\"@graph\":[{\"@type\":\"WebPage\",\"@id\":\"https:\\\/\\\/merzougacameltrek.com\\\/es\\\/excursiones-a-chefchaouen-2\\\/\",\"url\":\"https:\\\/\\\/merzougacameltrek.com\\\/es\\\/excursiones-a-chefchaouen-2\\\/\",\"name\":\"excursiones a chefchaouen desde fez ,excursiones desde fez a chaouen\",\"isPartOf\":{\"@id\":\"https:\\\/\\\/merzougacameltrek.com\\\/es\\\/#website\"},\"primaryImageOfPage\":{\"@id\":\"https:\\\/\\\/merzougacameltrek.com\\\/es\\\/excursiones-a-chefchaouen-2\\\/#primaryimage\"},\"image\":{\"@id\":\"https:\\\/\\\/merzougacameltrek.com\\\/es\\\/excursiones-a-chefchaouen-2\\\/#primaryimage\"},\"thumbnailUrl\":\"https:\\\/\\\/merzougacameltrek.com\\\/es\\\/wp-content\\\/uploads\\\/2021\\\/03\\\/2d.jpg\",\"datePublished\":\"2021-03-30T12:29:00+00:00\",\"dateModified\":\"2021-03-30T12:29:02+00:00\",\"description\":\"excursiones a chefchaouen desde fez ,excursiones desde fez a chaouen,tours desde fez a chefchaouen,viajes de un dia desde fez a chefchaouen,\",\"inLanguage\":\"fr-FR\",\"potentialAction\":[{\"@type\":\"ReadAction\",\"target\":[\"https:\\\/\\\/merzougacameltrek.com\\\/es\\\/excursiones-a-chefchaouen-2\\\/\"]}]},{\"@type\":\"ImageObject\",\"inLanguage\":\"fr-FR\",\"@id\":\"https:\\\/\\\/merzougacameltrek.com\\\/es\\\/excursiones-a-chefchaouen-2\\\/#primaryimage\",\"url\":\"https:\\\/\\\/merzougacameltrek.com\\\/es\\\/wp-content\\\/uploads\\\/2021\\\/03\\\/2d.jpg\",\"contentUrl\":\"https:\\\/\\\/merzougacameltrek.com\\\/es\\\/wp-content\\\/uploads\\\/2021\\\/03\\\/2d.jpg\",\"width\":669,\"height\":446},{\"@type\":\"WebSite\",\"@id\":\"https:\\\/\\\/merzougacameltrek.com\\\/es\\\/#website\",\"url\":\"https:\\\/\\\/merzougacameltrek.com\\\/es\\\/\",\"name\":\"merzouga camel trek\",\"description\":\"Visit Morocco NOW | Discover &amp; Book on Sahara Travel Tours\",\"publisher\":{\"@id\":\"https:\\\/\\\/merzougacameltrek.com\\\/es\\\/#organization\"},\"potentialAction\":[{\"@type\":\"SearchAction\",\"target\":{\"@type\":\"EntryPoint\",\"urlTemplate\":\"https:\\\/\\\/merzougacameltrek.com\\\/es\\\/?s={search_term_string}\"},\"query-input\":{\"@type\":\"PropertyValueSpecification\",\"valueRequired\":true,\"valueName\":\"search_term_string\"}}],\"inLanguage\":\"fr-FR\"},{\"@type\":\"Organization\",\"@id\":\"https:\\\/\\\/merzougacameltrek.com\\\/es\\\/#organization\",\"name\":\"merzouga camel trek\",\"url\":\"https:\\\/\\\/merzougacameltrek.com\\\/es\\\/\",\"logo\":{\"@type\":\"ImageObject\",\"inLanguage\":\"fr-FR\",\"@id\":\"https:\\\/\\\/merzougacameltrek.com\\\/es\\\/#\\\/schema\\\/logo\\\/image\\\/\",\"url\":\"https:\\\/\\\/merzougacameltrek.com\\\/es\\\/wp-content\\\/uploads\\\/2023\\\/10\\\/cropped-logo-3.png\",\"contentUrl\":\"https:\\\/\\\/merzougacameltrek.com\\\/es\\\/wp-content\\\/uploads\\\/2023\\\/10\\\/cropped-logo-3.png\",\"width\":245,\"height\":60,\"caption\":\"merzouga camel trek\"},\"image\":{\"@id\":\"https:\\\/\\\/merzougacameltrek.com\\\/es\\\/#\\\/schema\\\/logo\\\/image\\\/\"}}]}<\/script>\n<!-- \/ Yoast SEO plugin. -->","yoast_head_json":{"title":"excursiones a chefchaouen desde fez ,excursiones desde fez a chaouen","description":"excursiones a chefchaouen desde fez ,excursiones desde fez a chaouen,tours desde fez a chefchaouen,viajes de un dia desde fez a chefchaouen,","robots":{"index":"index","follow":"follow","max-snippet":"max-snippet:-1","max-image-preview":"max-image-preview:large","max-video-preview":"max-video-preview:-1"},"canonical":"https:\/\/merzougacameltrek.com\/es\/excursiones-a-chefchaouen-2\/","og_locale":"fr_FR","og_type":"article","og_title":"excursiones a chefchaouen desde fez ,excursiones desde fez a chaouen","og_description":"excursiones a chefchaouen desde fez ,excursiones desde fez a chaouen,tours desde fez a chefchaouen,viajes de un dia desde fez a chefchaouen,","og_url":"https:\/\/merzougacameltrek.com\/es\/excursiones-a-chefchaouen-2\/","og_site_name":"merzouga camel trek","article_modified_time":"2021-03-30T12:29:02+00:00","og_image":[{"url":"https:\/\/merzougacameltrek.com\/es\/wp-content\/uploads\/2021\/03\/2d.jpg","type":"","width":"","height":""}],"twitter_card":"summary_large_image","twitter_misc":{"Dur\u00e9e de lecture estim\u00e9e":"1 minute"},"schema":{"@context":"https:\/\/schema.org","@graph":[{"@type":"WebPage","@id":"https:\/\/merzougacameltrek.com\/es\/excursiones-a-chefchaouen-2\/","url":"https:\/\/merzougacameltrek.com\/es\/excursiones-a-chefchaouen-2\/","name":"excursiones a chefchaouen desde fez ,excursiones desde fez a chaouen","isPartOf":{"@id":"https:\/\/merzougacameltrek.com\/es\/#website"},"primaryImageOfPage":{"@id":"https:\/\/merzougacameltrek.com\/es\/excursiones-a-chefchaouen-2\/#primaryimage"},"image":{"@id":"https:\/\/merzougacameltrek.com\/es\/excursiones-a-chefchaouen-2\/#primaryimage"},"thumbnailUrl":"https:\/\/merzougacameltrek.com\/es\/wp-content\/uploads\/2021\/03\/2d.jpg","datePublished":"2021-03-30T12:29:00+00:00","dateModified":"2021-03-30T12:29:02+00:00","description":"excursiones a chefchaouen desde fez ,excursiones desde fez a chaouen,tours desde fez a chefchaouen,viajes de un dia desde fez a chefchaouen,","inLanguage":"fr-FR","potentialAction":[{"@type":"ReadAction","target":["https:\/\/merzougacameltrek.com\/es\/excursiones-a-chefchaouen-2\/"]}]},{"@type":"ImageObject","inLanguage":"fr-FR","@id":"https:\/\/merzougacameltrek.com\/es\/excursiones-a-chefchaouen-2\/#primaryimage","url":"https:\/\/merzougacameltrek.com\/es\/wp-content\/uploads\/2021\/03\/2d.jpg","contentUrl":"https:\/\/merzougacameltrek.com\/es\/wp-content\/uploads\/2021\/03\/2d.jpg","width":669,"height":446},{"@type":"WebSite","@id":"https:\/\/merzougacameltrek.com\/es\/#website","url":"https:\/\/merzougacameltrek.com\/es\/","name":"merzouga camel trek","description":"Visit Morocco NOW | Discover &amp; Book on Sahara Travel Tours","publisher":{"@id":"https:\/\/merzougacameltrek.com\/es\/#organization"},"potentialAction":[{"@type":"SearchAction","target":{"@type":"EntryPoint","urlTemplate":"https:\/\/merzougacameltrek.com\/es\/?s={search_term_string}"},"query-input":{"@type":"PropertyValueSpecification","valueRequired":true,"valueName":"search_term_string"}}],"inLanguage":"fr-FR"},{"@type":"Organization","@id":"https:\/\/merzougacameltrek.com\/es\/#organization","name":"merzouga camel trek","url":"https:\/\/merzougacameltrek.com\/es\/","logo":{"@type":"ImageObject","inLanguage":"fr-FR","@id":"https:\/\/merzougacameltrek.com\/es\/#\/schema\/logo\/image\/","url":"https:\/\/merzougacameltrek.com\/es\/wp-content\/uploads\/2023\/10\/cropped-logo-3.png","contentUrl":"https:\/\/merzougacameltrek.com\/es\/wp-content\/uploads\/2023\/10\/cropped-logo-3.png","width":245,"height":60,"caption":"merzouga camel trek"},"image":{"@id":"https:\/\/merzougacameltrek.com\/es\/#\/schema\/logo\/image\/"}}]}},"_links":{"self":[{"href":"https:\/\/merzougacameltrek.com\/es\/wp-json\/wp\/v2\/pages\/2847","targetHints":{"allow":["GET"]}}],"collection":[{"href":"https:\/\/merzougacameltrek.com\/es\/wp-json\/wp\/v2\/pages"}],"about":[{"href":"https:\/\/merzougacameltrek.com\/es\/wp-json\/wp\/v2\/types\/page"}],"author":[{"embeddable":true,"href":"https:\/\/merzougacameltrek.com\/es\/wp-json\/wp\/v2\/users\/1"}],"replies":[{"embeddable":true,"href":"https:\/\/merzougacameltrek.com\/es\/wp-json\/wp\/v2\/comments?post=2847"}],"version-history":[{"count":1,"href":"https:\/\/merzougacameltrek.com\/es\/wp-json\/wp\/v2\/pages\/2847\/revisions"}],"predecessor-version":[{"id":2849,"href":"https:\/\/merzougacameltrek.com\/es\/wp-json\/wp\/v2\/pages\/2847\/revisions\/2849"}],"wp:attachment":[{"href":"https:\/\/merzougacameltrek.com\/es\/wp-json\/wp\/v2\/media?parent=2847"}],"curies":[{"name":"wp","href":"https:\/\/api.w.org\/{rel}","templated":true}]}}