{"id":2852,"date":"2021-03-30T12:37:42","date_gmt":"2021-03-30T12:37:42","guid":{"rendered":"https:\/\/merzougacameltrek.com\/es\/?page_id=2852"},"modified":"2021-03-30T12:37:43","modified_gmt":"2021-03-30T12:37:43","slug":"excrsiones-a-rabat","status":"publish","type":"page","link":"https:\/\/merzougacameltrek.com\/es\/excrsiones-a-rabat\/","title":{"rendered":"excrsiones a rabat"},"content":{"rendered":"\n<h2 class=\"wp-block-heading\"><sup><span class=\"has-inline-color has-luminous-vivid-orange-color\">     EXCURSIONES A RABAT DESDE FEZ <\/span><\/sup><\/h2>\n\n\n\n<figure class=\"wp-block-image size-large is-resized\"><img fetchpriority=\"high\" decoding=\"async\" src=\"https:\/\/merzougacameltrek.com\/es\/wp-content\/uploads\/2021\/03\/csm_csm-frs-iberia-destinos-rabat_06cdf5682b-1-1024x538.jpg\" alt=\"\" class=\"wp-image-2853\" width=\"832\" height=\"436\" srcset=\"https:\/\/merzougacameltrek.com\/es\/wp-content\/uploads\/2021\/03\/csm_csm-frs-iberia-destinos-rabat_06cdf5682b-1-1024x538.jpg 1024w, https:\/\/merzougacameltrek.com\/es\/wp-content\/uploads\/2021\/03\/csm_csm-frs-iberia-destinos-rabat_06cdf5682b-1-300x158.jpg 300w, https:\/\/merzougacameltrek.com\/es\/wp-content\/uploads\/2021\/03\/csm_csm-frs-iberia-destinos-rabat_06cdf5682b-1-768x403.jpg 768w, https:\/\/merzougacameltrek.com\/es\/wp-content\/uploads\/2021\/03\/csm_csm-frs-iberia-destinos-rabat_06cdf5682b-1.jpg 1200w\" sizes=\"(max-width: 832px) 100vw, 832px\" \/><\/figure>\n\n\n\n<p>el tour desde fez a rabat es un grande experiencia a marraueco y nuestro viaje empieza por la manana desde fez y lleguemos a la ciudad, realizaremos un\u00a0<strong>tour por el centro hist\u00f3rico de Rabat<\/strong>. Su amplio legado monumental y su buen estado de conservaci\u00f3n permitieron en 2012 el reconocimiento de este casco antiguo como\u00a0<strong>Patrimonio de la Humanidad<\/strong>.<\/p>\n\n\n\n<p>En primer lugar, visitaremos la explanada donde se hallan la&nbsp;<strong>Torre Hassan<\/strong>&nbsp;y el&nbsp;<strong>Mausoleo de Mohamed V<\/strong>. Nada m\u00e1s ver el minarete advertiremos que \u00e9ste se halla inacabado: \u00bfSab\u00e9is cu\u00e1l es el motivo? Respecto al monumento funerario, conoceremos algunos detalles sobre los motivos art\u00edsticos que embellecen su esmerada decoraci\u00f3n.<\/p>\n\n\n\n<p>Muy cerca del mausoleo y de la torre se encuentra la&nbsp;<strong>Casba de los Udayas<\/strong>, una alcazaba (ciudadela \u00e1rabe) con muchos secretos por descubrir\u2026 Por la tarde, tras disfrutar de aproximadamente una hora de tiempo libre para el almuerzo, continuaremos nuestro tour por la capital marroqu\u00ed junto al&nbsp;<strong>Palacio Real de Rabat<\/strong>. \u00a1Su ic\u00f3nica puerta monumental es una de las m\u00e1s famosas del pa\u00eds!<\/p>\n\n\n\n<p>Concluiremos el recorrido visitando la\u00a0<strong>necr\u00f3polis de Chella<\/strong>, cuyos vestigios nos transportar\u00e1n a la \u00e9poca romana, cartaginesa e, incluso, fenicia. Desde el yacimiento emprenderemos finalmente el regreso hacia Fez<\/p>\n\n\n\n<p><span class=\"has-inline-color has-luminous-vivid-orange-color\">INCLUIDO EN EL VIAJE<\/span><\/p>\n\n\n\n<ul class=\"wp-block-list\"><li>Transporte<\/li><li>Ch\u00f3fer-acompa\u00f1ante de habla hispana.<\/li><li>Combustible.<\/li><li>Recogida y vuelta en hotel.<\/li><\/ul>\n\n\n\n<p><span class=\"has-inline-color has-luminous-vivid-orange-color\">NO INCLUIDO EN EL VIAJE<\/span><\/p>\n\n\n\n<ul class=\"wp-block-list\"><li>Comidas y bebidas<\/li><\/ul>\n","protected":false},"excerpt":{"rendered":"<p>EXCURSIONES A RABAT DESDE FEZ el tour desde fez a rabat es un grande experiencia a marraueco y nuestro viaje empieza por la manana desde fez y lleguemos a la ciudad, realizaremos un\u00a0tour por el centro hist\u00f3rico de Rabat. Su amplio legado monumental y su buen estado de conservaci\u00f3n permitieron en 2012 el reconocimiento de [&hellip;]<\/p>\n","protected":false},"author":1,"featured_media":0,"parent":0,"menu_order":0,"comment_status":"closed","ping_status":"closed","template":"","meta":{"footnotes":""},"class_list":["post-2852","page","type-page","status-publish","hentry"],"yoast_head":"<!-- This site is optimized with the Yoast SEO plugin v27.3 - https:\/\/yoast.com\/product\/yoast-seo-wordpress\/ -->\n<title>EXCURSIONES A RABAT DESDE FEZ \/ TOURS DESDE FEZ A RABAT<\/title>\n<meta name=\"description\" content=\"EXCURSIONES A RABAT DESDE FEZ \/ TOURS DESDE FEZ A RABAT,UN DIA EXCURSIONES DESDE FEZ A RABAT,TOURS A RABAT DESDE FEZ,EXCURSIONES DE UN DIA ,\" \/>\n<meta name=\"robots\" content=\"index, follow, max-snippet:-1, max-image-preview:large, max-video-preview:-1\" \/>\n<link rel=\"canonical\" href=\"https:\/\/merzougacameltrek.com\/es\/excrsiones-a-rabat\/\" \/>\n<meta property=\"og:locale\" content=\"fr_FR\" \/>\n<meta property=\"og:type\" content=\"article\" \/>\n<meta property=\"og:title\" content=\"EXCURSIONES A RABAT DESDE FEZ \/ TOURS DESDE FEZ A RABAT\" \/>\n<meta property=\"og:description\" content=\"EXCURSIONES A RABAT DESDE FEZ \/ TOURS DESDE FEZ A RABAT,UN DIA EXCURSIONES DESDE FEZ A RABAT,TOURS A RABAT DESDE FEZ,EXCURSIONES DE UN DIA ,\" \/>\n<meta property=\"og:url\" content=\"https:\/\/merzougacameltrek.com\/es\/excrsiones-a-rabat\/\" \/>\n<meta property=\"og:site_name\" content=\"merzouga camel trek\" \/>\n<meta property=\"article:modified_time\" content=\"2021-03-30T12:37:43+00:00\" \/>\n<meta property=\"og:image\" content=\"https:\/\/merzougacameltrek.com\/es\/wp-content\/uploads\/2021\/03\/csm_csm-frs-iberia-destinos-rabat_06cdf5682b-1-1024x538.jpg\" \/>\n<meta name=\"twitter:card\" content=\"summary_large_image\" \/>\n<meta name=\"twitter:label1\" content=\"Dur\u00e9e de lecture estim\u00e9e\" \/>\n\t<meta name=\"twitter:data1\" content=\"2 minutes\" \/>\n<script type=\"application\/ld+json\" class=\"yoast-schema-graph\">{\"@context\":\"https:\\\/\\\/schema.org\",\"@graph\":[{\"@type\":\"WebPage\",\"@id\":\"https:\\\/\\\/merzougacameltrek.com\\\/es\\\/excrsiones-a-rabat\\\/\",\"url\":\"https:\\\/\\\/merzougacameltrek.com\\\/es\\\/excrsiones-a-rabat\\\/\",\"name\":\"EXCURSIONES A RABAT DESDE FEZ \\\/ TOURS DESDE FEZ A RABAT\",\"isPartOf\":{\"@id\":\"https:\\\/\\\/merzougacameltrek.com\\\/es\\\/#website\"},\"primaryImageOfPage\":{\"@id\":\"https:\\\/\\\/merzougacameltrek.com\\\/es\\\/excrsiones-a-rabat\\\/#primaryimage\"},\"image\":{\"@id\":\"https:\\\/\\\/merzougacameltrek.com\\\/es\\\/excrsiones-a-rabat\\\/#primaryimage\"},\"thumbnailUrl\":\"https:\\\/\\\/merzougacameltrek.com\\\/es\\\/wp-content\\\/uploads\\\/2021\\\/03\\\/csm_csm-frs-iberia-destinos-rabat_06cdf5682b-1-1024x538.jpg\",\"datePublished\":\"2021-03-30T12:37:42+00:00\",\"dateModified\":\"2021-03-30T12:37:43+00:00\",\"description\":\"EXCURSIONES A RABAT DESDE FEZ \\\/ TOURS DESDE FEZ A RABAT,UN DIA EXCURSIONES DESDE FEZ A RABAT,TOURS A RABAT DESDE FEZ,EXCURSIONES DE UN DIA ,\",\"inLanguage\":\"fr-FR\",\"potentialAction\":[{\"@type\":\"ReadAction\",\"target\":[\"https:\\\/\\\/merzougacameltrek.com\\\/es\\\/excrsiones-a-rabat\\\/\"]}]},{\"@type\":\"ImageObject\",\"inLanguage\":\"fr-FR\",\"@id\":\"https:\\\/\\\/merzougacameltrek.com\\\/es\\\/excrsiones-a-rabat\\\/#primaryimage\",\"url\":\"https:\\\/\\\/merzougacameltrek.com\\\/es\\\/wp-content\\\/uploads\\\/2021\\\/03\\\/csm_csm-frs-iberia-destinos-rabat_06cdf5682b-1.jpg\",\"contentUrl\":\"https:\\\/\\\/merzougacameltrek.com\\\/es\\\/wp-content\\\/uploads\\\/2021\\\/03\\\/csm_csm-frs-iberia-destinos-rabat_06cdf5682b-1.jpg\",\"width\":1200,\"height\":630},{\"@type\":\"WebSite\",\"@id\":\"https:\\\/\\\/merzougacameltrek.com\\\/es\\\/#website\",\"url\":\"https:\\\/\\\/merzougacameltrek.com\\\/es\\\/\",\"name\":\"merzouga camel trek\",\"description\":\"Visit Morocco NOW | Discover &amp; Book on Sahara Travel Tours\",\"publisher\":{\"@id\":\"https:\\\/\\\/merzougacameltrek.com\\\/es\\\/#organization\"},\"potentialAction\":[{\"@type\":\"SearchAction\",\"target\":{\"@type\":\"EntryPoint\",\"urlTemplate\":\"https:\\\/\\\/merzougacameltrek.com\\\/es\\\/?s={search_term_string}\"},\"query-input\":{\"@type\":\"PropertyValueSpecification\",\"valueRequired\":true,\"valueName\":\"search_term_string\"}}],\"inLanguage\":\"fr-FR\"},{\"@type\":\"Organization\",\"@id\":\"https:\\\/\\\/merzougacameltrek.com\\\/es\\\/#organization\",\"name\":\"merzouga camel trek\",\"url\":\"https:\\\/\\\/merzougacameltrek.com\\\/es\\\/\",\"logo\":{\"@type\":\"ImageObject\",\"inLanguage\":\"fr-FR\",\"@id\":\"https:\\\/\\\/merzougacameltrek.com\\\/es\\\/#\\\/schema\\\/logo\\\/image\\\/\",\"url\":\"https:\\\/\\\/merzougacameltrek.com\\\/es\\\/wp-content\\\/uploads\\\/2023\\\/10\\\/cropped-logo-3.png\",\"contentUrl\":\"https:\\\/\\\/merzougacameltrek.com\\\/es\\\/wp-content\\\/uploads\\\/2023\\\/10\\\/cropped-logo-3.png\",\"width\":245,\"height\":60,\"caption\":\"merzouga camel trek\"},\"image\":{\"@id\":\"https:\\\/\\\/merzougacameltrek.com\\\/es\\\/#\\\/schema\\\/logo\\\/image\\\/\"}}]}<\/script>\n<!-- \/ Yoast SEO plugin. -->","yoast_head_json":{"title":"EXCURSIONES A RABAT DESDE FEZ \/ TOURS DESDE FEZ A RABAT","description":"EXCURSIONES A RABAT DESDE FEZ \/ TOURS DESDE FEZ A RABAT,UN DIA EXCURSIONES DESDE FEZ A RABAT,TOURS A RABAT DESDE FEZ,EXCURSIONES DE UN DIA ,","robots":{"index":"index","follow":"follow","max-snippet":"max-snippet:-1","max-image-preview":"max-image-preview:large","max-video-preview":"max-video-preview:-1"},"canonical":"https:\/\/merzougacameltrek.com\/es\/excrsiones-a-rabat\/","og_locale":"fr_FR","og_type":"article","og_title":"EXCURSIONES A RABAT DESDE FEZ \/ TOURS DESDE FEZ A RABAT","og_description":"EXCURSIONES A RABAT DESDE FEZ \/ TOURS DESDE FEZ A RABAT,UN DIA EXCURSIONES DESDE FEZ A RABAT,TOURS A RABAT DESDE FEZ,EXCURSIONES DE UN DIA ,","og_url":"https:\/\/merzougacameltrek.com\/es\/excrsiones-a-rabat\/","og_site_name":"merzouga camel trek","article_modified_time":"2021-03-30T12:37:43+00:00","og_image":[{"url":"https:\/\/merzougacameltrek.com\/es\/wp-content\/uploads\/2021\/03\/csm_csm-frs-iberia-destinos-rabat_06cdf5682b-1-1024x538.jpg","type":"","width":"","height":""}],"twitter_card":"summary_large_image","twitter_misc":{"Dur\u00e9e de lecture estim\u00e9e":"2 minutes"},"schema":{"@context":"https:\/\/schema.org","@graph":[{"@type":"WebPage","@id":"https:\/\/merzougacameltrek.com\/es\/excrsiones-a-rabat\/","url":"https:\/\/merzougacameltrek.com\/es\/excrsiones-a-rabat\/","name":"EXCURSIONES A RABAT DESDE FEZ \/ TOURS DESDE FEZ A RABAT","isPartOf":{"@id":"https:\/\/merzougacameltrek.com\/es\/#website"},"primaryImageOfPage":{"@id":"https:\/\/merzougacameltrek.com\/es\/excrsiones-a-rabat\/#primaryimage"},"image":{"@id":"https:\/\/merzougacameltrek.com\/es\/excrsiones-a-rabat\/#primaryimage"},"thumbnailUrl":"https:\/\/merzougacameltrek.com\/es\/wp-content\/uploads\/2021\/03\/csm_csm-frs-iberia-destinos-rabat_06cdf5682b-1-1024x538.jpg","datePublished":"2021-03-30T12:37:42+00:00","dateModified":"2021-03-30T12:37:43+00:00","description":"EXCURSIONES A RABAT DESDE FEZ \/ TOURS DESDE FEZ A RABAT,UN DIA EXCURSIONES DESDE FEZ A RABAT,TOURS A RABAT DESDE FEZ,EXCURSIONES DE UN DIA ,","inLanguage":"fr-FR","potentialAction":[{"@type":"ReadAction","target":["https:\/\/merzougacameltrek.com\/es\/excrsiones-a-rabat\/"]}]},{"@type":"ImageObject","inLanguage":"fr-FR","@id":"https:\/\/merzougacameltrek.com\/es\/excrsiones-a-rabat\/#primaryimage","url":"https:\/\/merzougacameltrek.com\/es\/wp-content\/uploads\/2021\/03\/csm_csm-frs-iberia-destinos-rabat_06cdf5682b-1.jpg","contentUrl":"https:\/\/merzougacameltrek.com\/es\/wp-content\/uploads\/2021\/03\/csm_csm-frs-iberia-destinos-rabat_06cdf5682b-1.jpg","width":1200,"height":630},{"@type":"WebSite","@id":"https:\/\/merzougacameltrek.com\/es\/#website","url":"https:\/\/merzougacameltrek.com\/es\/","name":"merzouga camel trek","description":"Visit Morocco NOW | Discover &amp; Book on Sahara Travel Tours","publisher":{"@id":"https:\/\/merzougacameltrek.com\/es\/#organization"},"potentialAction":[{"@type":"SearchAction","target":{"@type":"EntryPoint","urlTemplate":"https:\/\/merzougacameltrek.com\/es\/?s={search_term_string}"},"query-input":{"@type":"PropertyValueSpecification","valueRequired":true,"valueName":"search_term_string"}}],"inLanguage":"fr-FR"},{"@type":"Organization","@id":"https:\/\/merzougacameltrek.com\/es\/#organization","name":"merzouga camel trek","url":"https:\/\/merzougacameltrek.com\/es\/","logo":{"@type":"ImageObject","inLanguage":"fr-FR","@id":"https:\/\/merzougacameltrek.com\/es\/#\/schema\/logo\/image\/","url":"https:\/\/merzougacameltrek.com\/es\/wp-content\/uploads\/2023\/10\/cropped-logo-3.png","contentUrl":"https:\/\/merzougacameltrek.com\/es\/wp-content\/uploads\/2023\/10\/cropped-logo-3.png","width":245,"height":60,"caption":"merzouga camel trek"},"image":{"@id":"https:\/\/merzougacameltrek.com\/es\/#\/schema\/logo\/image\/"}}]}},"_links":{"self":[{"href":"https:\/\/merzougacameltrek.com\/es\/wp-json\/wp\/v2\/pages\/2852","targetHints":{"allow":["GET"]}}],"collection":[{"href":"https:\/\/merzougacameltrek.com\/es\/wp-json\/wp\/v2\/pages"}],"about":[{"href":"https:\/\/merzougacameltrek.com\/es\/wp-json\/wp\/v2\/types\/page"}],"author":[{"embeddable":true,"href":"https:\/\/merzougacameltrek.com\/es\/wp-json\/wp\/v2\/users\/1"}],"replies":[{"embeddable":true,"href":"https:\/\/merzougacameltrek.com\/es\/wp-json\/wp\/v2\/comments?post=2852"}],"version-history":[{"count":1,"href":"https:\/\/merzougacameltrek.com\/es\/wp-json\/wp\/v2\/pages\/2852\/revisions"}],"predecessor-version":[{"id":2854,"href":"https:\/\/merzougacameltrek.com\/es\/wp-json\/wp\/v2\/pages\/2852\/revisions\/2854"}],"wp:attachment":[{"href":"https:\/\/merzougacameltrek.com\/es\/wp-json\/wp\/v2\/media?parent=2852"}],"curies":[{"name":"wp","href":"https:\/\/api.w.org\/{rel}","templated":true}]}}