{"id":2860,"date":"2021-03-30T21:59:37","date_gmt":"2021-03-30T21:59:37","guid":{"rendered":"https:\/\/merzougacameltrek.com\/es\/?page_id=2860"},"modified":"2021-03-30T22:04:07","modified_gmt":"2021-03-30T22:04:07","slug":"8-dias-tour-desde-casablanca-a-merzouga","status":"publish","type":"page","link":"https:\/\/merzougacameltrek.com\/es\/8-dias-tour-desde-casablanca-a-merzouga\/","title":{"rendered":"8 Dias tour desde casablanca a merzouga"},"content":{"rendered":"\n<h2 class=\"wp-block-heading\"><\/h2>\n\n\n\n<figure class=\"wp-block-image size-large is-resized\"><img fetchpriority=\"high\" decoding=\"async\" src=\"https:\/\/merzougacameltrek.com\/es\/wp-content\/uploads\/2021\/03\/iStock-484506846-1.jpg\" alt=\"\" class=\"wp-image-2861\" width=\"832\" height=\"520\" srcset=\"https:\/\/merzougacameltrek.com\/es\/wp-content\/uploads\/2021\/03\/iStock-484506846-1.jpg 1000w, https:\/\/merzougacameltrek.com\/es\/wp-content\/uploads\/2021\/03\/iStock-484506846-1-300x188.jpg 300w, https:\/\/merzougacameltrek.com\/es\/wp-content\/uploads\/2021\/03\/iStock-484506846-1-768x481.jpg 768w\" sizes=\"(max-width: 832px) 100vw, 832px\" \/><\/figure>\n\n\n\n<p><strong><span class=\"has-inline-color has-luminous-vivid-orange-color\">DIA :1 CASABLANCA &#8211; MARRAKECH<\/span><\/strong><\/p>\n\n\n\n<p>nuestro viajes desde casablanca a merzouga empieza por la manana y encuentranos en vostro hotel o airporte y tienemos 4 horas del camino para llegar a marrakech,y cuando llegamos alli a marrakech tienemos el dia libre ,<\/p>\n\n\n\n<p><em><strong><span class=\"has-inline-color has-luminous-vivid-orange-color\">Dia :2  VISITAR  MARRAKECH  MEDINA <\/span><\/strong><\/em><\/p>\n\n\n\n<p>el secundo dia en marrakech tienemos el dia libre y tienemos aue pasar todo el dia ali para visite todo medina de marrakech con otra cosas y por la tarde lo pasamos en jamaa el fena ,y pasamos la noche alli en marrakech,con cena y desayuno,<\/p>\n\n\n\n<p><em><strong><span class=\"has-inline-color has-luminous-vivid-orange-color\">DIA :3 MARRAKECH  &#8211; GRANGE ATLAS  TIZI N TICHKA &#8211; OUARZAZATE &#8211; DADAES VALLE <\/span><\/strong><\/em><\/p>\n\n\n\n<p>por la manana despuis de desayunar y duchar emoieza nuestro viaje desde marrakech para acrosamos el grande atlas tizi n tichka 2260m para llegamos a ait ben haddou ciudade para visitar kasbahs y cojemos almuerzo alli ,y contunia por ouarzazate y visitamos la valle de Skoura a pasamos a lavalle de rose tambien,hasta dades valle y pasamos la noche alli ,<\/p>\n\n\n\n<p><em><strong><span class=\"has-inline-color has-luminous-vivid-orange-color\">DIA :4 DADES VALLE \u2013 Todra Gorges \u2013 Erfoud \u2013 Risani- Merzouga<\/span><\/strong><\/em><\/p>\n\n\n\n<p>otra vez empieza nuestro viaje desde dades valle por el desierto de merzouga ,y apsamos por dades gorges y paramos alli para hacenos un visita ,y contuniamos por el deiserto y pasamos por erfoud la capital de las fossiles en marruecos ,y contunia nuestro tour hasta merzouga donde vamos a pasamos la niche en el hotel,<\/p>\n\n\n\n<p><span class=\"has-inline-color has-luminous-vivid-orange-color\">DIA : 5 <strong>MERZOUGA \u2013 TOUR ERG CHEBBI 4X4<\/strong><\/span><\/p>\n\n\n\n<p>por la manana empieza nuestro viaje por el desierto de merzouga para hacenos un tour para visitar setios tipycal berbere permiero visitamos khamlia el pueblo de Gnawa este gente vene de el sur del sahara de marruecos como Mali y Sudan,y contunia el tour por el desierto para visitar los nomadas en el desierto de erg chebbi ,y desouis de almuerzo volvemos a merzouga para esperamos el paseo en camellos para pasar la noche en el desierto de merzouga,<\/p>\n\n\n\n<p><span class=\"has-inline-color has-luminous-vivid-orange-color\"><em><strong>DIA: 6 MERZOUGA \u2013 ZIZ VALLEY \u2013 MIDELT &#8211;  FE<\/strong><\/em>Z<\/span><\/p>\n\n\n\n<p>por la manana despuis de salida del sol cojemos los camellos para volver a merzouga para tener el desayuno y duchar y empieza nuetro tour otra vez desde merzouga por el camino de fez ,y pasamos a la valle de ziz por errachidia hasta midelt y paramos alli por almuerzo y despuis empiza el tour por azrou donde vamos parar otra vez para cacar algunas fotos por este bonito lugar,y contunia por ifrane nuestra suiszelanda en marruecos,y llegamos a fez por la tarde donde vamos a pasar la noche alli ,<\/p>\n\n\n\n<p><span class=\"has-inline-color has-luminous-vivid-orange-color\"><strong>DIA : 7  VISITA    MEDIAN   DE   FEZ  <\/strong><\/span><\/p>\n\n\n\n<p>Nosotros principalmente recorrimos&nbsp;la<strong><a href=\"https:\/\/www.youtube.com\/watch?v=sakIkxnBuzo\" target=\"_blank\" rel=\"noreferrer noopener\">&nbsp;medina de Fez,<\/a><\/strong>descubriendo el barrio jud\u00edo. Fue toda una aventura perderse por aquellas callejuelas estrechas &nbsp;de la medina con siglos de antig\u00fcedad donde el viajero siente que se transporta a otra \u00e9poca. Nosotros os vamos a recomendar varios lugares que ten\u00e9is que ver y visitar si os encontr\u00e1is en esta maravillosa&nbsp;ciudad que es Fez.&nbsp;Algo que nos sorprendi\u00f3 es que el d\u00eda viernes, d\u00eda santo para los musulmanes, la gran mayor\u00eda de comercios est\u00e1n cerrados, las calles cambian totalmente y parece otra ciudad. Os lo contamos para que lo teng\u00e1is en cuenta para vuestro viaje.y pasamos la noche alli en fez ,<\/p>\n\n\n\n<p><strong><span class=\"has-inline-color has-luminous-vivid-orange-color\">DIA : 8  FEZ   \u2013   MEKNES  &#8211;   RABAT &#8211;  CASABLANCA<\/span><\/strong><\/p>\n\n\n\n<p>la ultima dia salimos desde fez por meknes a hasta rabat y paramos alli para visitarnos unos lugares alli en rabat ,y cojer almuerzo y despuis empieza el viaje otra vez desde rabat por casablanca donde termina nuestro tour ,y ti cojemos a  vostro hotel o airoprte ,<\/p>\n\n\n\n<p><strong><span class=\"has-inline-color has-luminous-vivid-orange-color\">Incluye lista:<\/span><\/strong><\/p>\n\n\n\n<p>\u2013 Conductor profesional<\/p>\n\n\n\n<p>\u2013 Aire acondicionado 4\u00d74<\/p>\n\n\n\n<p>\u2013 Gasolina<\/p>\n\n\n\n<p>\u2013 Berber Camp (Alojamiento, Cena, Desayuno)<\/p>\n\n\n\n<p>\u2013 Paseos en camello<\/p>\n\n\n\n<p><strong><span class=\"has-inline-color has-luminous-vivid-orange-color\">No incluye:<\/span><\/strong><\/p>\n\n\n\n<p>\u2013 Vuelos<\/p>\n\n\n\n<p>\u2013 Bebidas<\/p>\n\n\n\n<p>\u2013 la comida<\/p>\n\n\n\n<p><\/p>\n","protected":false},"excerpt":{"rendered":"<p>DIA :1 CASABLANCA &#8211; MARRAKECH nuestro viajes desde casablanca a merzouga empieza por la manana y encuentranos en vostro hotel o airporte y tienemos 4 horas del camino para llegar a marrakech,y cuando llegamos alli a marrakech tienemos el dia libre , Dia :2 VISITAR MARRAKECH MEDINA el secundo dia en marrakech tienemos el dia [&hellip;]<\/p>\n","protected":false},"author":1,"featured_media":0,"parent":0,"menu_order":0,"comment_status":"closed","ping_status":"closed","template":"","meta":{"footnotes":""},"class_list":["post-2860","page","type-page","status-publish","hentry"],"yoast_head":"<!-- This site is optimized with the Yoast SEO plugin v27.3 - https:\/\/yoast.com\/product\/yoast-seo-wordpress\/ -->\n<title>8 DIAS TOUR DESDE CASABLANCA \/ TOURS DESDE CASABLANCA<\/title>\n<meta name=\"description\" content=\"8 DIAS TOUR DESDE CASABLANCA \/ TOURS DESDE CASABLANCA MERZOUGA,8 DIAS A MERZOUGA DESDE CASABLANCA,TOURS DESDE CASABLANCA 8 DIAS A MERZOUGA,\" \/>\n<meta name=\"robots\" content=\"index, follow, max-snippet:-1, max-image-preview:large, max-video-preview:-1\" \/>\n<link rel=\"canonical\" href=\"https:\/\/merzougacameltrek.com\/es\/8-dias-tour-desde-casablanca-a-merzouga\/\" \/>\n<meta property=\"og:locale\" content=\"fr_FR\" \/>\n<meta property=\"og:type\" content=\"article\" \/>\n<meta property=\"og:title\" content=\"8 DIAS TOUR DESDE CASABLANCA \/ TOURS DESDE CASABLANCA\" \/>\n<meta property=\"og:description\" content=\"8 DIAS TOUR DESDE CASABLANCA \/ TOURS DESDE CASABLANCA MERZOUGA,8 DIAS A MERZOUGA DESDE CASABLANCA,TOURS DESDE CASABLANCA 8 DIAS A MERZOUGA,\" \/>\n<meta property=\"og:url\" content=\"https:\/\/merzougacameltrek.com\/es\/8-dias-tour-desde-casablanca-a-merzouga\/\" \/>\n<meta property=\"og:site_name\" content=\"merzouga camel trek\" \/>\n<meta property=\"article:modified_time\" content=\"2021-03-30T22:04:07+00:00\" \/>\n<meta property=\"og:image\" content=\"https:\/\/merzougacameltrek.com\/es\/wp-content\/uploads\/2021\/03\/iStock-484506846-1.jpg\" \/>\n<meta name=\"twitter:card\" content=\"summary_large_image\" \/>\n<meta name=\"twitter:label1\" content=\"Dur\u00e9e de lecture estim\u00e9e\" \/>\n\t<meta name=\"twitter:data1\" content=\"3 minutes\" \/>\n<script type=\"application\/ld+json\" class=\"yoast-schema-graph\">{\"@context\":\"https:\\\/\\\/schema.org\",\"@graph\":[{\"@type\":\"WebPage\",\"@id\":\"https:\\\/\\\/merzougacameltrek.com\\\/es\\\/8-dias-tour-desde-casablanca-a-merzouga\\\/\",\"url\":\"https:\\\/\\\/merzougacameltrek.com\\\/es\\\/8-dias-tour-desde-casablanca-a-merzouga\\\/\",\"name\":\"8 DIAS TOUR DESDE CASABLANCA \\\/ TOURS DESDE CASABLANCA\",\"isPartOf\":{\"@id\":\"https:\\\/\\\/merzougacameltrek.com\\\/es\\\/#website\"},\"primaryImageOfPage\":{\"@id\":\"https:\\\/\\\/merzougacameltrek.com\\\/es\\\/8-dias-tour-desde-casablanca-a-merzouga\\\/#primaryimage\"},\"image\":{\"@id\":\"https:\\\/\\\/merzougacameltrek.com\\\/es\\\/8-dias-tour-desde-casablanca-a-merzouga\\\/#primaryimage\"},\"thumbnailUrl\":\"https:\\\/\\\/merzougacameltrek.com\\\/es\\\/wp-content\\\/uploads\\\/2021\\\/03\\\/iStock-484506846-1.jpg\",\"datePublished\":\"2021-03-30T21:59:37+00:00\",\"dateModified\":\"2021-03-30T22:04:07+00:00\",\"description\":\"8 DIAS TOUR DESDE CASABLANCA \\\/ TOURS DESDE CASABLANCA MERZOUGA,8 DIAS A MERZOUGA DESDE CASABLANCA,TOURS DESDE CASABLANCA 8 DIAS A MERZOUGA,\",\"inLanguage\":\"fr-FR\",\"potentialAction\":[{\"@type\":\"ReadAction\",\"target\":[\"https:\\\/\\\/merzougacameltrek.com\\\/es\\\/8-dias-tour-desde-casablanca-a-merzouga\\\/\"]}]},{\"@type\":\"ImageObject\",\"inLanguage\":\"fr-FR\",\"@id\":\"https:\\\/\\\/merzougacameltrek.com\\\/es\\\/8-dias-tour-desde-casablanca-a-merzouga\\\/#primaryimage\",\"url\":\"https:\\\/\\\/merzougacameltrek.com\\\/es\\\/wp-content\\\/uploads\\\/2021\\\/03\\\/iStock-484506846-1.jpg\",\"contentUrl\":\"https:\\\/\\\/merzougacameltrek.com\\\/es\\\/wp-content\\\/uploads\\\/2021\\\/03\\\/iStock-484506846-1.jpg\",\"width\":1000,\"height\":626},{\"@type\":\"WebSite\",\"@id\":\"https:\\\/\\\/merzougacameltrek.com\\\/es\\\/#website\",\"url\":\"https:\\\/\\\/merzougacameltrek.com\\\/es\\\/\",\"name\":\"merzouga camel trek\",\"description\":\"Visit Morocco NOW | Discover &amp; Book on Sahara Travel Tours\",\"publisher\":{\"@id\":\"https:\\\/\\\/merzougacameltrek.com\\\/es\\\/#organization\"},\"potentialAction\":[{\"@type\":\"SearchAction\",\"target\":{\"@type\":\"EntryPoint\",\"urlTemplate\":\"https:\\\/\\\/merzougacameltrek.com\\\/es\\\/?s={search_term_string}\"},\"query-input\":{\"@type\":\"PropertyValueSpecification\",\"valueRequired\":true,\"valueName\":\"search_term_string\"}}],\"inLanguage\":\"fr-FR\"},{\"@type\":\"Organization\",\"@id\":\"https:\\\/\\\/merzougacameltrek.com\\\/es\\\/#organization\",\"name\":\"merzouga camel trek\",\"url\":\"https:\\\/\\\/merzougacameltrek.com\\\/es\\\/\",\"logo\":{\"@type\":\"ImageObject\",\"inLanguage\":\"fr-FR\",\"@id\":\"https:\\\/\\\/merzougacameltrek.com\\\/es\\\/#\\\/schema\\\/logo\\\/image\\\/\",\"url\":\"https:\\\/\\\/merzougacameltrek.com\\\/es\\\/wp-content\\\/uploads\\\/2023\\\/10\\\/cropped-logo-3.png\",\"contentUrl\":\"https:\\\/\\\/merzougacameltrek.com\\\/es\\\/wp-content\\\/uploads\\\/2023\\\/10\\\/cropped-logo-3.png\",\"width\":245,\"height\":60,\"caption\":\"merzouga camel trek\"},\"image\":{\"@id\":\"https:\\\/\\\/merzougacameltrek.com\\\/es\\\/#\\\/schema\\\/logo\\\/image\\\/\"}}]}<\/script>\n<!-- \/ Yoast SEO plugin. -->","yoast_head_json":{"title":"8 DIAS TOUR DESDE CASABLANCA \/ TOURS DESDE CASABLANCA","description":"8 DIAS TOUR DESDE CASABLANCA \/ TOURS DESDE CASABLANCA MERZOUGA,8 DIAS A MERZOUGA DESDE CASABLANCA,TOURS DESDE CASABLANCA 8 DIAS A MERZOUGA,","robots":{"index":"index","follow":"follow","max-snippet":"max-snippet:-1","max-image-preview":"max-image-preview:large","max-video-preview":"max-video-preview:-1"},"canonical":"https:\/\/merzougacameltrek.com\/es\/8-dias-tour-desde-casablanca-a-merzouga\/","og_locale":"fr_FR","og_type":"article","og_title":"8 DIAS TOUR DESDE CASABLANCA \/ TOURS DESDE CASABLANCA","og_description":"8 DIAS TOUR DESDE CASABLANCA \/ TOURS DESDE CASABLANCA MERZOUGA,8 DIAS A MERZOUGA DESDE CASABLANCA,TOURS DESDE CASABLANCA 8 DIAS A MERZOUGA,","og_url":"https:\/\/merzougacameltrek.com\/es\/8-dias-tour-desde-casablanca-a-merzouga\/","og_site_name":"merzouga camel trek","article_modified_time":"2021-03-30T22:04:07+00:00","og_image":[{"url":"https:\/\/merzougacameltrek.com\/es\/wp-content\/uploads\/2021\/03\/iStock-484506846-1.jpg","type":"","width":"","height":""}],"twitter_card":"summary_large_image","twitter_misc":{"Dur\u00e9e de lecture estim\u00e9e":"3 minutes"},"schema":{"@context":"https:\/\/schema.org","@graph":[{"@type":"WebPage","@id":"https:\/\/merzougacameltrek.com\/es\/8-dias-tour-desde-casablanca-a-merzouga\/","url":"https:\/\/merzougacameltrek.com\/es\/8-dias-tour-desde-casablanca-a-merzouga\/","name":"8 DIAS TOUR DESDE CASABLANCA \/ TOURS DESDE CASABLANCA","isPartOf":{"@id":"https:\/\/merzougacameltrek.com\/es\/#website"},"primaryImageOfPage":{"@id":"https:\/\/merzougacameltrek.com\/es\/8-dias-tour-desde-casablanca-a-merzouga\/#primaryimage"},"image":{"@id":"https:\/\/merzougacameltrek.com\/es\/8-dias-tour-desde-casablanca-a-merzouga\/#primaryimage"},"thumbnailUrl":"https:\/\/merzougacameltrek.com\/es\/wp-content\/uploads\/2021\/03\/iStock-484506846-1.jpg","datePublished":"2021-03-30T21:59:37+00:00","dateModified":"2021-03-30T22:04:07+00:00","description":"8 DIAS TOUR DESDE CASABLANCA \/ TOURS DESDE CASABLANCA MERZOUGA,8 DIAS A MERZOUGA DESDE CASABLANCA,TOURS DESDE CASABLANCA 8 DIAS A MERZOUGA,","inLanguage":"fr-FR","potentialAction":[{"@type":"ReadAction","target":["https:\/\/merzougacameltrek.com\/es\/8-dias-tour-desde-casablanca-a-merzouga\/"]}]},{"@type":"ImageObject","inLanguage":"fr-FR","@id":"https:\/\/merzougacameltrek.com\/es\/8-dias-tour-desde-casablanca-a-merzouga\/#primaryimage","url":"https:\/\/merzougacameltrek.com\/es\/wp-content\/uploads\/2021\/03\/iStock-484506846-1.jpg","contentUrl":"https:\/\/merzougacameltrek.com\/es\/wp-content\/uploads\/2021\/03\/iStock-484506846-1.jpg","width":1000,"height":626},{"@type":"WebSite","@id":"https:\/\/merzougacameltrek.com\/es\/#website","url":"https:\/\/merzougacameltrek.com\/es\/","name":"merzouga camel trek","description":"Visit Morocco NOW | Discover &amp; Book on Sahara Travel Tours","publisher":{"@id":"https:\/\/merzougacameltrek.com\/es\/#organization"},"potentialAction":[{"@type":"SearchAction","target":{"@type":"EntryPoint","urlTemplate":"https:\/\/merzougacameltrek.com\/es\/?s={search_term_string}"},"query-input":{"@type":"PropertyValueSpecification","valueRequired":true,"valueName":"search_term_string"}}],"inLanguage":"fr-FR"},{"@type":"Organization","@id":"https:\/\/merzougacameltrek.com\/es\/#organization","name":"merzouga camel trek","url":"https:\/\/merzougacameltrek.com\/es\/","logo":{"@type":"ImageObject","inLanguage":"fr-FR","@id":"https:\/\/merzougacameltrek.com\/es\/#\/schema\/logo\/image\/","url":"https:\/\/merzougacameltrek.com\/es\/wp-content\/uploads\/2023\/10\/cropped-logo-3.png","contentUrl":"https:\/\/merzougacameltrek.com\/es\/wp-content\/uploads\/2023\/10\/cropped-logo-3.png","width":245,"height":60,"caption":"merzouga camel trek"},"image":{"@id":"https:\/\/merzougacameltrek.com\/es\/#\/schema\/logo\/image\/"}}]}},"_links":{"self":[{"href":"https:\/\/merzougacameltrek.com\/es\/wp-json\/wp\/v2\/pages\/2860","targetHints":{"allow":["GET"]}}],"collection":[{"href":"https:\/\/merzougacameltrek.com\/es\/wp-json\/wp\/v2\/pages"}],"about":[{"href":"https:\/\/merzougacameltrek.com\/es\/wp-json\/wp\/v2\/types\/page"}],"author":[{"embeddable":true,"href":"https:\/\/merzougacameltrek.com\/es\/wp-json\/wp\/v2\/users\/1"}],"replies":[{"embeddable":true,"href":"https:\/\/merzougacameltrek.com\/es\/wp-json\/wp\/v2\/comments?post=2860"}],"version-history":[{"count":2,"href":"https:\/\/merzougacameltrek.com\/es\/wp-json\/wp\/v2\/pages\/2860\/revisions"}],"predecessor-version":[{"id":2864,"href":"https:\/\/merzougacameltrek.com\/es\/wp-json\/wp\/v2\/pages\/2860\/revisions\/2864"}],"wp:attachment":[{"href":"https:\/\/merzougacameltrek.com\/es\/wp-json\/wp\/v2\/media?parent=2860"}],"curies":[{"name":"wp","href":"https:\/\/api.w.org\/{rel}","templated":true}]}}